{"id":1011,"date":"2025-03-13T07:11:41","date_gmt":"2025-03-13T07:11:41","guid":{"rendered":"https:\/\/pswbess.com\/eftermarkedsydelser\/"},"modified":"2025-12-21T03:50:31","modified_gmt":"2025-12-21T03:50:31","slug":"eftermarkedsydelser","status":"publish","type":"page","link":"https:\/\/pswbess.com\/da\/eftermarkedsydelser\/","title":{"rendered":"Eftermarkedsydelser"},"content":{"rendered":"\n<div class=\"wp-block-cover alignfull has-parallax\" style=\"min-height:946px;aspect-ratio:unset;\"><div class=\"wp-block-cover__image-background wp-image-328 has-parallax\" style=\"background-position:50% 50%;background-image:url(https:\/\/pswbess.com\/wp-content\/uploads\/2025\/03\/Energy-Control-1024x558.avif)\"><\/div><span aria-hidden=\"true\" class=\"wp-block-cover__background has-background-dim-80 has-background-dim\"><\/span><div class=\"wp-block-cover__inner-container is-layout-flow wp-block-cover-is-layout-flow\">\n<h2 class=\"wp-block-heading has-text-align-center has-psw-orange-color has-text-color has-link-color has-large-font-size wp-elements-3fbd883bb4afd0ffb2d0bb9a2d6f9f54\">Dine aktiver i p\u00e5lidelige h\u00e6nder<\/h2>\n\n\n\n<p class=\"has-text-align-center has-medium-font-size\">Hos PSW drejer alt sig om sikkerhed. Takket v\u00e6re vores dybdeg\u00e5ende ekspertise inden for tilstandsoverv\u00e5gning, pr\u00e6stationsanalyse, systemdesign og meget mere s\u00f8rger vi for sikker og effektiv styring af dine aktiver &#8211; teknisk, kommercielt og \u00f8konomisk. <\/p>\n\n\n\n<h2 class=\"wp-block-heading has-text-align-center has-psw-orange-color has-text-color has-link-color has-large-font-size wp-elements-4f5b8ec4c0dfa28115a2ca36b28e98d0\">B\u00e6redygtig ydeevne, garanteret p\u00e5lidelighed<\/h2>\n\n\n\n<p class=\"has-text-align-center has-medium-font-size\">Vi forl\u00e6nger levetiden for dine aktiver gennem l\u00f8bende vedligeholdelse og m\u00e5lrettede forbedringer. Det holder din organisation k\u00f8rende med maksimal effektivitet og minimal risiko &#8211; i dag og i morgen. <\/p>\n\n\n\n<div class=\"wp-block-columns is-layout-flex wp-container-core-columns-is-layout-9d6595d7 wp-block-columns-is-layout-flex\">\n<div class=\"wp-block-column is-layout-flow wp-block-column-is-layout-flow\"><div class=\"wp-block-image\">\n<figure class=\"aligncenter size-full\"><img decoding=\"async\" width=\"96\" height=\"96\" src=\"https:\/\/pswbess.com\/wp-content\/uploads\/2025\/03\/Technical_orange.png\" alt=\"\" class=\"wp-image-330\" \/><\/figure>\n<\/div>\n\n\n<h3 class=\"wp-block-heading alignwide has-text-align-center\">Teknisk ekspertise til b\u00e6redygtig energi<\/h3>\n\n\n\n<p class=\"has-text-align-center has-medium-font-size\">Vi leverer driftsm\u00e6ssig ekspertise og maksimal p\u00e5lidelighed til dine b\u00e6redygtige energiaktiver. Med smarte l\u00f8sninger til overv\u00e5gning, vedligeholdelse og teknik sikrer vi, at dine systemer fungerer optimalt &#8211; nu og i fremtiden. <\/p>\n<\/div>\n\n\n\n<div class=\"wp-block-column is-layout-flow wp-block-column-is-layout-flow\"><div class=\"wp-block-image\">\n<figure class=\"aligncenter size-full\"><img decoding=\"async\" width=\"96\" height=\"96\" src=\"https:\/\/pswbess.com\/wp-content\/uploads\/2025\/03\/Value_orange.png\" alt=\"\" class=\"wp-image-331\" \/><\/figure>\n<\/div>\n\n\n<h3 class=\"wp-block-heading has-text-align-center\">Kommerciel indsigt for b\u00e6redygtig v\u00e6rdi<\/h3>\n\n\n\n<p class=\"has-text-align-center\">Vi hj\u00e6lper dig med at overholde alle relevante regler, mindske risici og maksimere den langsigtede nettov\u00e6rdi af dine aktiver. Med en strategisk tilgang sikrer vi et fremtidssikret afkast og en sund forretningsdrift. <\/p>\n<\/div>\n\n\n\n<div class=\"wp-block-column is-layout-flow wp-block-column-is-layout-flow\"><div class=\"wp-block-image\">\n<figure class=\"aligncenter size-full\"><img decoding=\"async\" width=\"96\" height=\"96\" src=\"https:\/\/pswbess.com\/wp-content\/uploads\/2025\/03\/Financial_orange.png\" alt=\"\" class=\"wp-image-332\" \/><\/figure>\n<\/div>\n\n\n<h3 class=\"wp-block-heading has-text-align-center\">\u00d8konomisk afkast med en vision for fremtiden<\/h3>\n\n\n\n<p class=\"has-text-align-center\">Vi hj\u00e6lper dig med at optimere afkastet, styre de finansielle risici og sikre compliance og likviditet i din b\u00e6redygtige energiportef\u00f8lje. Det sikrer, at din investering forbliver robust, gennemsigtig og rentabel &#8211; b\u00e5de p\u00e5 kort og lang sigt. <\/p>\n<\/div>\n<\/div>\n<\/div><\/div>\n\n<div class=\"wp-block-cover alignfull has-parallax wp-duotone-unset-1\" style=\"min-height:1213px;aspect-ratio:unset;\"><div class=\"wp-block-cover__image-background wp-image-1495 has-parallax\" style=\"background-position:50% 50%;background-image:url(https:\/\/pswpower.no\/wp-content\/uploads\/2024\/12\/Asset-Management.avif)\"><\/div><span aria-hidden=\"true\" class=\"wp-block-cover__background has-black-background-color has-background-dim-80 has-background-dim\"><\/span><div class=\"wp-block-cover__inner-container is-layout-flow wp-block-cover-is-layout-flow\">\n<h2 class=\"wp-block-heading has-text-align-center has-white-color has-text-color has-link-color has-large-font-size wp-elements-ea6cfa0cb46e83e3a6ee0d16e95e26bc\"><strong>Gennem vores drifts- og vedligeholdelsesaftaler og serviceniveauaftaler leverer vi<\/strong>:<\/h2>\n\n\n\n<div class=\"wp-block-group is-layout-grid wp-container-core-group-is-layout-6be84c55 wp-block-group-is-layout-grid\">\n<div class=\"wp-block-group\"><div class=\"wp-block-group__inner-container is-layout-constrained wp-block-group-is-layout-constrained\"><div class=\"wp-block-image\">\n<figure class=\"aligncenter size-full is-resized\"><img decoding=\"async\" src=\"https:\/\/pswpower.no\/wp-content\/uploads\/2024\/12\/check_orange-copy-png.avif\" alt=\"\" class=\"wp-image-1554\" style=\"width:74px\" \/><\/figure>\n<\/div>\n\n\n<p class=\"has-text-align-center has-medium-font-size\">Tilstandsoverv\u00e5gning og SCADA-analyse<\/p>\n<\/div><\/div>\n\n\n\n<div class=\"wp-block-group\"><div class=\"wp-block-group__inner-container is-layout-constrained wp-block-group-is-layout-constrained\"><div class=\"wp-block-image\">\n<figure class=\"aligncenter size-full is-resized\"><img decoding=\"async\" src=\"https:\/\/pswpower.no\/wp-content\/uploads\/2024\/12\/check_orange-copy-png.avif\" alt=\"\" class=\"wp-image-1554\" style=\"width:74px\" \/><\/figure>\n<\/div>\n\n\n<p class=\"has-text-align-center has-medium-font-size\">Analyse og optimering af str\u00f8mforbrug<\/p>\n<\/div><\/div>\n\n\n\n<div class=\"wp-block-group\"><div class=\"wp-block-group__inner-container is-layout-constrained wp-block-group-is-layout-constrained\"><div class=\"wp-block-image\">\n<figure class=\"aligncenter size-full is-resized\"><img decoding=\"async\" src=\"https:\/\/pswpower.no\/wp-content\/uploads\/2024\/12\/check_orange-copy-png.avif\" alt=\"\" class=\"wp-image-1554\" style=\"width:74px\" \/><\/figure>\n<\/div>\n\n\n<p class=\"has-text-align-center has-medium-font-size\">24\/7 fjernoverv\u00e5gning og support<\/p>\n<\/div><\/div>\n\n\n\n<div class=\"wp-block-group\"><div class=\"wp-block-group__inner-container is-layout-constrained wp-block-group-is-layout-constrained\"><div class=\"wp-block-image\">\n<figure class=\"aligncenter size-full is-resized\"><img decoding=\"async\" src=\"https:\/\/pswpower.no\/wp-content\/uploads\/2024\/12\/check_orange-copy-png.avif\" alt=\"\" class=\"wp-image-1554\" style=\"width:74px\" \/><\/figure>\n<\/div>\n\n\n<p class=\"has-text-align-center has-medium-font-size\">Garantier for ydeevne<\/p>\n<\/div><\/div>\n\n\n\n<div class=\"wp-block-group\"><div class=\"wp-block-group__inner-container is-layout-constrained wp-block-group-is-layout-constrained\"><div class=\"wp-block-image\">\n<figure class=\"aligncenter size-full is-resized\"><img decoding=\"async\" src=\"https:\/\/pswpower.no\/wp-content\/uploads\/2024\/12\/check_orange-copy-png.avif\" alt=\"\" class=\"wp-image-1554\" style=\"width:74px;height:auto\" \/><\/figure>\n<\/div>\n\n\n<p class=\"has-text-align-center has-medium-font-size\">Inspektioner<\/p>\n<\/div><\/div>\n\n\n\n<div class=\"wp-block-group wp-container-content-2155ee95\"><div class=\"wp-block-group__inner-container is-layout-constrained wp-block-group-is-layout-constrained\"><div class=\"wp-block-image\">\n<figure class=\"aligncenter size-full is-resized\"><img decoding=\"async\" src=\"https:\/\/pswpower.no\/wp-content\/uploads\/2024\/12\/check_orange-copy-png.avif\" alt=\"\" class=\"wp-image-1554\" style=\"width:74px;height:auto\" \/><\/figure>\n<\/div>\n\n\n<p class=\"has-text-align-center has-medium-font-size\">Planlagt vedligeholdelse<\/p>\n<\/div><\/div>\n\n\n\n<div class=\"wp-block-group\"><div class=\"wp-block-group__inner-container is-layout-constrained wp-block-group-is-layout-constrained\"><div class=\"wp-block-image\">\n<figure class=\"aligncenter size-full is-resized\"><img decoding=\"async\" src=\"https:\/\/pswpower.no\/wp-content\/uploads\/2024\/12\/check_orange-copy-png.avif\" alt=\"\" class=\"wp-image-1554\" style=\"width:74px\" \/><\/figure>\n<\/div>\n\n\n<p class=\"has-text-align-center has-medium-font-size\">Uplanlagt vedligeholdelse<\/p>\n<\/div><\/div>\n\n\n\n<div class=\"wp-block-group\"><div class=\"wp-block-group__inner-container is-layout-constrained wp-block-group-is-layout-constrained\"><div class=\"wp-block-image\">\n<figure class=\"aligncenter size-full is-resized\"><img decoding=\"async\" src=\"https:\/\/pswpower.no\/wp-content\/uploads\/2024\/12\/check_orange-copy-png.avif\" alt=\"\" class=\"wp-image-1554\" style=\"width:74px\" \/><\/figure>\n<\/div>\n\n\n<p class=\"has-text-align-center has-medium-font-size\">Korrektioner af garantien<\/p>\n<\/div><\/div>\n\n\n\n<div class=\"wp-block-group\"><div class=\"wp-block-group__inner-container is-layout-constrained wp-block-group-is-layout-constrained\"><div class=\"wp-block-image\">\n<figure class=\"aligncenter size-full is-resized\"><img decoding=\"async\" src=\"https:\/\/pswpower.no\/wp-content\/uploads\/2024\/12\/check_orange-copy-png.avif\" alt=\"\" class=\"wp-image-1554\" style=\"width:74px\" \/><\/figure>\n<\/div>\n\n\n<p class=\"has-text-align-center has-medium-font-size\">Udskiftninger<\/p>\n<\/div><\/div>\n\n\n\n<div class=\"wp-block-group\"><div class=\"wp-block-group__inner-container is-layout-constrained wp-block-group-is-layout-constrained\"><div class=\"wp-block-image\">\n<figure class=\"aligncenter size-full is-resized\"><img decoding=\"async\" src=\"https:\/\/pswpower.no\/wp-content\/uploads\/2024\/12\/check_orange-copy-png.avif\" alt=\"\" class=\"wp-image-1554\" style=\"width:74px;height:auto\" \/><\/figure>\n<\/div>\n\n\n<p class=\"has-text-align-center has-medium-font-size\">Salg og administration af reservedele<\/p>\n<\/div><\/div>\n\n\n\n<div class=\"wp-block-group\"><div class=\"wp-block-group__inner-container is-layout-constrained wp-block-group-is-layout-constrained\"><div class=\"wp-block-image\">\n<figure class=\"aligncenter size-full is-resized\"><img decoding=\"async\" src=\"https:\/\/pswpower.no\/wp-content\/uploads\/2024\/12\/check_orange-copy-png.avif\" alt=\"\" class=\"wp-image-1554\" style=\"width:74px;height:auto\" \/><\/figure>\n<\/div>\n\n\n<p class=\"has-text-align-center has-medium-font-size\">Livscyklusstyring og levetidsforl\u00e6ngelse<\/p>\n<\/div><\/div>\n\n\n\n<div class=\"wp-block-group\"><div class=\"wp-block-group__inner-container is-layout-constrained wp-block-group-is-layout-constrained\"><div class=\"wp-block-image\">\n<figure class=\"aligncenter size-full is-resized\"><img decoding=\"async\" src=\"https:\/\/pswpower.no\/wp-content\/uploads\/2024\/12\/check_orange-copy-png.avif\" alt=\"\" class=\"wp-image-1554\" style=\"width:74px\" \/><\/figure>\n<\/div>\n\n\n<p class=\"has-text-align-center has-medium-font-size\">Strategi for livets afslutning<\/p>\n<\/div><\/div>\n\n\n\n<div class=\"wp-block-group\"><div class=\"wp-block-group__inner-container is-layout-constrained wp-block-group-is-layout-constrained\"><div class=\"wp-block-image\">\n<figure class=\"aligncenter size-full is-resized\"><img decoding=\"async\" src=\"https:\/\/pswpower.no\/wp-content\/uploads\/2024\/12\/check_orange-copy-png.avif\" alt=\"\" class=\"wp-image-1554\" style=\"width:74px\" \/><\/figure>\n<\/div>\n\n\n<p class=\"has-text-align-center has-medium-font-size\">Tr\u00e6ning<\/p>\n<\/div><\/div>\n\n\n\n<div class=\"wp-block-group\"><div class=\"wp-block-group__inner-container is-layout-constrained wp-block-group-is-layout-constrained\"><div class=\"wp-block-image\">\n<figure class=\"aligncenter size-full is-resized\"><img decoding=\"async\" src=\"https:\/\/pswpower.no\/wp-content\/uploads\/2024\/12\/check_orange-copy-png.avif\" alt=\"\" class=\"wp-image-1554\" style=\"width:74px\" \/><\/figure>\n<\/div>\n\n\n<p class=\"has-text-align-center has-medium-font-size\">Opgraderinger af aktiver og eftermonteringskampagner<\/p>\n<\/div><\/div>\n<\/div>\n<\/div><\/div>\n\n<div class=\"wp-block-cover alignfull has-parallax has-custom-content-position is-position-center-right wp-duotone-unset-2\"><div class=\"wp-block-cover__image-background wp-image-1841 size-large has-parallax\" style=\"background-position:50% 50%;background-image:url(https:\/\/pswbess.com\/wp-content\/uploads\/2025\/08\/Fotograf-Trude-Brun-Wilhelmsen-8955-1024x683.avif)\"><\/div><span aria-hidden=\"true\" class=\"wp-block-cover__background has-black-background-color has-background-dim-60 has-background-dim\"><\/span><div class=\"wp-block-cover__inner-container is-layout-flow wp-block-cover-is-layout-flow\">\n<h2 class=\"wp-block-heading has-text-align-right has-psw-orange-color has-text-color has-link-color has-x-large-font-size wp-elements-79195e59e40010098ce0431a7583ffd1\">Fjernbetjeningscenter<\/h2>\n\n\n\n<p class=\"has-text-align-right has-large-font-size\">Vores driftscenter yder 24\/7 support til forvaltning af aktiver, drift og vedligeholdelse, hvilket \u00f8ger din produktivitet og effektivitet betydeligt.<\/p>\n\n\n\n<p class=\"has-text-align-right has-large-font-size\">Med et team af erfarne specialister &#8211; bl.a. fra den maritime sektor, forsyningssektoren og asset management &#8211; opdager vi hurtigt problemer og reagerer med det samme. Det minimerer produktionstab og sikrer, at din organisation fungerer optimalt. <\/p>\n<\/div><\/div>\n\n<div class=\"wp-block-cover alignfull has-parallax has-custom-content-position is-position-center-left has-white-color has-text-color has-link-color wp-elements-aa261ff4610eba44c2c4925bf956854d wp-duotone-unset-3\"><div role=\"img\" aria-label=\"Engineer operating energy storage system\" class=\"wp-block-cover__image-background wp-image-1396 has-parallax\" style=\"background-position:50% 50%;background-image:url(https:\/\/pswpower.no\/wp-content\/uploads\/2024\/11\/DSC06416-scaled.avif)\"><\/div><span aria-hidden=\"true\" class=\"wp-block-cover__background has-black-background-color has-background-dim-60 has-background-dim\"><\/span><div class=\"wp-block-cover__inner-container is-layout-flow wp-block-cover-is-layout-flow\">\n<p class=\"has-text-align-left has-psw-orange-color has-text-color has-link-color has-x-large-font-size wp-elements-aecd1ab4af35ddd02aa7523b7b8eef76\"><strong>Tjenester p\u00e5 stedet<\/strong><\/p>\n\n\n\n<p class=\"has-text-align-left has-large-font-size\">Vores ingeni\u00f8rer og tekniske specialister leverer support af h\u00f8j kvalitet p\u00e5 stedet med fokus p\u00e5 driftskontinuitet og effektiv vedligeholdelse af dine energil\u00f8sninger.<\/p>\n\n\n\n<p class=\"has-large-font-size\">Med et skarpt \u00f8je for resultater leverer vi konkurrencedygtige og omfattende tjenester, der er designet til at \u00f8ge indt\u00e6gterne og reducere omkostningerne &#8211; uden at g\u00e5 p\u00e5 kompromis med kvalitet eller sikkerhed.<\/p>\n\n\n\n<p class=\"has-text-align-left has-large-font-size\">Vores ledelsesteam sikrer en problemfri og sikker drift gennem t\u00e6t overv\u00e5gning, smart ressourceallokering og streng overholdelse af sundheds-, sikkerheds- og milj\u00f8standarder (HSEQ).<\/p>\n\n\n\n<div class=\"wp-block-columns alignwide is-layout-flex wp-container-core-columns-is-layout-9d6595d7 wp-block-columns-is-layout-flex\">\n<div class=\"wp-block-column is-layout-flow wp-block-column-is-layout-flow\"><\/div>\n\n\n\n<div class=\"wp-block-column is-layout-flow wp-block-column-is-layout-flow\"><\/div>\n\n\n\n<div class=\"wp-block-column is-layout-flow wp-block-column-is-layout-flow\"><\/div>\n<\/div>\n<\/div><\/div>\n\n<div class=\"wp-block-columns alignfull has-psw-orange-background-color has-background is-layout-flex wp-container-core-columns-is-layout-9d6595d7 wp-block-columns-is-layout-flex\">\n<div class=\"wp-block-column is-layout-flow wp-block-column-is-layout-flow\"><div class=\"wp-block-image\">\n<figure class=\"aligncenter size-full\"><img decoding=\"async\" src=\"https:\/\/pswpower.no\/wp-content\/uploads\/2024\/11\/update.png\" alt=\"\" class=\"wp-image-1380\" \/><\/figure>\n<\/div>\n\n\n<h2 class=\"wp-block-heading has-text-align-center has-white-color has-text-color has-link-color has-x-large-font-size wp-elements-857a0302b51151dcd5b4869c4a78746a\">Genbrug: ny kraft til dine aktiver<\/h2>\n\n\n\n<div class=\"wp-block-columns is-layout-flex wp-container-core-columns-is-layout-9d6595d7 wp-block-columns-is-layout-flex\">\n<div class=\"wp-block-column is-layout-flow wp-block-column-is-layout-flow\">\n<p class=\"has-white-color has-text-color has-link-color has-medium-font-size wp-elements-c2ea8e1cb99f9ccd30b26258190f272a\">Vi udvikler og implementerer en skr\u00e6ddersyet end-of-life-strategi, der sikrer den fremtidige v\u00e6rdi af dine aktiver. P\u00e5 den m\u00e5de f\u00e5r du mest muligt ud af dine energiprojekter &#8211; selv efter deres oprindelige levetid. <\/p>\n<\/div>\n\n\n\n<div class=\"wp-block-column is-layout-flow wp-block-column-is-layout-flow\">\n<p class=\"has-white-color has-text-color has-link-color has-medium-font-size wp-elements-bc70a9ee98ed0a1300209d200565527c\">Vores team arbejder t\u00e6t sammen med dig for at finde frem til den bedste tilgang til at \u00f8ge energiproduktionen og forl\u00e6nge dine installationers levetid.<\/p>\n<\/div>\n\n\n\n<div class=\"wp-block-column is-layout-flow wp-block-column-is-layout-flow\">\n<p class=\"has-white-color has-text-color has-link-color has-medium-font-size wp-elements-d8c464b294aefb30ac36c50c5f2cf006\">Ved at anvende de nyeste teknologier forbliver vi f\u00f8rende i branchen. Vi sikrer, at dine aktiver holder l\u00e6ngere, og bidrager til en gr\u00f8nnere og mere b\u00e6redygtig fremtid ved at minimere affald. <\/p>\n<\/div>\n<\/div>\n<\/div>\n<\/div>\n\n<div class=\"wp-block-buttons is-content-justification-center is-layout-flex wp-container-core-buttons-is-layout-16018d1d wp-block-buttons-is-layout-flex\">\n<div class=\"wp-block-button\"><a class=\"wp-block-button__link has-white-color has-psw-orange-background-color has-text-color has-background has-link-color wp-element-button\" href=\"https:\/\/pswpower.no\/downloads\/\">Download vores produktblad for eftermarkedsydelser<\/a><\/div>\n<\/div>\n\n<p><\/p>\n","protected":false},"excerpt":{"rendered":"<p>Genbrug: ny kraft til dine aktiver Vi udvikler og implementerer en skr\u00e6ddersyet end-of-life-strategi, der sikrer den fremtidige v\u00e6rdi af dine aktiver. P\u00e5 den m\u00e5de f\u00e5r du mest muligt ud af dine energiprojekter &#8211; selv efter deres oprindelige levetid. Vores team arbejder t\u00e6t sammen med dig for at finde frem til den bedste tilgang til at [&hellip;]<\/p>\n","protected":false},"author":2,"featured_media":0,"parent":0,"menu_order":5,"comment_status":"closed","ping_status":"closed","template":"","meta":{"_acf_changed":false,"footnotes":""},"class_list":["post-1011","page","type-page","status-publish","hentry"],"acf":[],"jetpack_sharing_enabled":true,"_links":{"self":[{"href":"https:\/\/pswbess.com\/da\/wp-json\/wp\/v2\/pages\/1011","targetHints":{"allow":["GET"]}}],"collection":[{"href":"https:\/\/pswbess.com\/da\/wp-json\/wp\/v2\/pages"}],"about":[{"href":"https:\/\/pswbess.com\/da\/wp-json\/wp\/v2\/types\/page"}],"author":[{"embeddable":true,"href":"https:\/\/pswbess.com\/da\/wp-json\/wp\/v2\/users\/2"}],"replies":[{"embeddable":true,"href":"https:\/\/pswbess.com\/da\/wp-json\/wp\/v2\/comments?post=1011"}],"version-history":[{"count":5,"href":"https:\/\/pswbess.com\/da\/wp-json\/wp\/v2\/pages\/1011\/revisions"}],"predecessor-version":[{"id":2221,"href":"https:\/\/pswbess.com\/da\/wp-json\/wp\/v2\/pages\/1011\/revisions\/2221"}],"wp:attachment":[{"href":"https:\/\/pswbess.com\/da\/wp-json\/wp\/v2\/media?parent=1011"}],"curies":[{"name":"wp","href":"https:\/\/api.w.org\/{rel}","templated":true}]}}