{"id":1015,"date":"2025-03-13T06:55:19","date_gmt":"2025-03-13T06:55:19","guid":{"rendered":"https:\/\/pswbess.com\/hseq\/"},"modified":"2025-11-09T03:45:24","modified_gmt":"2025-11-09T03:45:24","slug":"hseq","status":"publish","type":"page","link":"https:\/\/pswbess.com\/da\/hseq\/","title":{"rendered":"HSEQ"},"content":{"rendered":"\n<p>Kvalitet, sundhed, sikkerhed og milj\u00f8 er en vigtig del af alle aktiviteter i PSW, og vi \u00f8nsker at bidrage til b\u00e6redygtig udvikling ved at arbejde i overensstemmelse med FN&#8217;s m\u00e5l for b\u00e6redygtig udvikling (SDG).<\/p>\n\n<p>Det er vores m\u00e5l:<\/p>\n\n<ul class=\"wp-block-list\">\n<li>Opfylde alle g\u00e6ldende QHSE-love, regler og branchekrav i forbindelse med vores arbejdsaktiviteter p\u00e5 alle de geografiske steder, hvor vi opererer.<\/li>\n\n\n\n<li>Ingen skader p\u00e5 personale og udstyr<\/li>\n\n\n\n<li>Fremme god sundhedspleje for alle vores medarbejdere og forebygge erhvervssygdomme<\/li>\n\n\n\n<li>Nul spild og altid str\u00e6ben efter at minimere det milj\u00f8m\u00e6ssige fodaftryk i alt, hvad vi g\u00f8r<\/li>\n\n\n\n<li>L\u00f8bende at gennemg\u00e5 og forbedre vores produkter og tjenester i alle aspekter af vores forretning<\/li>\n\n\n\n<li>Forebyg alle ulykker, h\u00e6ndelser og skader<\/li>\n\n\n\n<li>V\u00e6re en f\u00f8rende virksomhed inden for kvalitet, sundhed, sikkerhed og milj\u00f8. Risikostyring er en v\u00e6sentlig del af vores daglige drift <\/li>\n<\/ul>\n<div class=\"wp-block-image\">\n<figure class=\"aligncenter\"><img decoding=\"async\" src=\"https:\/\/pswpower.no\/wp-content\/uploads\/2024\/03\/ManagementSysCert_ISO9001_14001_45001_col.png\" alt=\"logo ISO-ledelsessystemcertificering\" class=\"wp-image-644\" \/><\/figure>\n<\/div>","protected":false},"excerpt":{"rendered":"<p>Kvalitet, sundhed, sikkerhed og milj\u00f8 er en vigtig del af alle aktiviteter i PSW, og vi \u00f8nsker at bidrage til b\u00e6redygtig udvikling ved at arbejde i overensstemmelse med FN&#8217;s m\u00e5l for b\u00e6redygtig udvikling (SDG). Det er vores m\u00e5l:<\/p>\n","protected":false},"author":2,"featured_media":585,"parent":0,"menu_order":22,"comment_status":"closed","ping_status":"closed","template":"","meta":{"_acf_changed":false,"footnotes":""},"class_list":["post-1015","page","type-page","status-publish","has-post-thumbnail","hentry"],"acf":[],"jetpack_sharing_enabled":true,"_links":{"self":[{"href":"https:\/\/pswbess.com\/da\/wp-json\/wp\/v2\/pages\/1015","targetHints":{"allow":["GET"]}}],"collection":[{"href":"https:\/\/pswbess.com\/da\/wp-json\/wp\/v2\/pages"}],"about":[{"href":"https:\/\/pswbess.com\/da\/wp-json\/wp\/v2\/types\/page"}],"author":[{"embeddable":true,"href":"https:\/\/pswbess.com\/da\/wp-json\/wp\/v2\/users\/2"}],"replies":[{"embeddable":true,"href":"https:\/\/pswbess.com\/da\/wp-json\/wp\/v2\/comments?post=1015"}],"version-history":[{"count":2,"href":"https:\/\/pswbess.com\/da\/wp-json\/wp\/v2\/pages\/1015\/revisions"}],"predecessor-version":[{"id":2203,"href":"https:\/\/pswbess.com\/da\/wp-json\/wp\/v2\/pages\/1015\/revisions\/2203"}],"wp:featuredmedia":[{"embeddable":true,"href":"https:\/\/pswbess.com\/da\/wp-json\/wp\/v2\/media\/585"}],"wp:attachment":[{"href":"https:\/\/pswbess.com\/da\/wp-json\/wp\/v2\/media?parent=1015"}],"curies":[{"name":"wp","href":"https:\/\/api.w.org\/{rel}","templated":true}]}}