{"id":1035,"date":"2025-03-13T06:56:54","date_gmt":"2025-03-13T06:56:54","guid":{"rendered":"https:\/\/pswbess.com\/fortrolighedspolitik\/"},"modified":"2025-11-18T19:53:20","modified_gmt":"2025-11-18T19:53:20","slug":"fortrolighedspolitik","status":"publish","type":"page","link":"https:\/\/pswbess.com\/da\/fortrolighedspolitik\/","title":{"rendered":"Fortrolighedspolitik"},"content":{"rendered":"\n<p>Denne privatlivspolitik beskriver privatlivspraksis for Scana ASA og alle juridiske enheder, der direkte eller indirekte ejes af Scana ASA med mere end 50 % ejerskab (i det f\u00f8lgende ben\u00e6vnt &#8220;Scana&#8221;, &#8220;vi&#8221; eller &#8220;os&#8221;), medmindre s\u00e5danne enheder har deres egne privatlivspolitikker. Denne privatlivspolitik g\u00e6lder ogs\u00e5 for pswpower.no. <\/p>\n\n<p>N\u00e5r du interagerer med os, kan vi have brug for at behandle personoplysninger om dig. Vi tager dit privatliv alvorligt og er forpligtet til at beskytte det. Denne privatlivspolitik indeholder oplysninger om, hvordan vi behandler dine personoplysninger og dine rettigheder til beskyttelse af privatlivets fred.  <\/p>\n\n<h3 class=\"wp-block-heading\">Behandling af personoplysninger af Scana<\/h3>\n\n<p>Scana behandler personoplysninger som en del af vores forretningsaktiviteter.<\/p>\n\n<p>Vores rolle som dataansvarlig for personoplysninger er baseret p\u00e5 vores forretningsaktiviteter og form\u00e5l. Denne politik beskriver de typer af personoplysninger, vi behandler, retsgrundlaget for behandlingen, form\u00e5lene med behandlingen, opbevaringsperioden og andre relevante detaljer. <\/p>\n\n<p>Hvis du har sp\u00f8rgsm\u00e5l eller \u00f8nsker mere information om, hvordan vi behandler personoplysninger, bedes du kontakte os via nedenst\u00e5ende oplysninger.<\/p>\n\n<h3 class=\"wp-block-heading\">Dataansvarlig<\/h3>\n\n<p>Scana ASA fungerer som dataansvarlig og bestemmer, hvorfor og hvordan personoplysninger behandles til de aktiviteter, der er beskrevet i denne politik.<\/p>\n\n<p>Kontaktoplysninger for den dataansvarlige:<\/p>\n\n<p>Adresse: Wernerholmvegen 49 Wernerholmvegen 49<br \/>E-mail: <a href=\"mailto:info@scana.no\">info@scana.no<\/a><br \/>Telefon: +47 51 86 94 00 +47 51 86 94 00<br \/>Organisationsnummer: 928 613 941<\/p>\n\n<h3 class=\"wp-block-heading\">Hvorfor vi indsamler persondata, og hvilke oplysninger vi indsamler<\/h3>\n\n<p>Vi indsamler og bruger personoplysninger til forskellige form\u00e5l, afh\u00e6ngigt af hvem du er, og hvordan du interagerer med os.<\/p>\n\n<p>Typen af personoplysninger, der indsamles, form\u00e5let og det juridiske grundlag for behandlingen afh\u00e6nger af vores forhold til dig og din interaktion med os. Nedenfor finder du en oversigt over vores behandlingsaktiviteter i forskellige scenarier. <\/p>\n\n<p>Vi foretager ikke profilering eller fuldautomatisk behandling af dine personoplysninger.<\/p>\n\n<p>Definition af forarbejdning:<\/p>\n\n<p>&#8220;Behandling&#8221; henviser til enhver handling, der udf\u00f8res p\u00e5 personoplysninger, s\u00e5som indsamling, registrering, organisering, strukturering, opbevaring, tilpasning eller \u00e6ndring, hentning, s\u00f8gning, brug, videregivelse ved transmission, formidling eller tilg\u00e6ngeligg\u00f8relse p\u00e5 andre m\u00e5der, justering eller kombination, begr\u00e6nsning, sletning eller destruktion.<\/p>\n\n<h3 class=\"wp-block-heading\">N\u00e5r du kontakter os<\/h3>\n\n<p>N\u00e5r du kontakter os, f.eks. i forbindelse med mediehenvendelser, via vores hjemmeside eller via andre kanaler, kan vi behandle personoplysninger om dig.<\/p>\n\n<p>De personoplysninger, vi indsamler, omfatter typisk kontaktoplysninger som dit navn, din e-mailadresse og andre oplysninger, du giver, og som er n\u00f8dvendige for at besvare din henvendelse.<\/p>\n\n<p>Juridisk grundlag: Vores legitime interesse i at besvare din henvendelse.<\/p>\n\n<h3 class=\"wp-block-heading\">Vores forretningsaktiviteter<\/h3>\n\n<p>Hvis du er ansat hos en af vores partnere, leverand\u00f8rer eller kunder, eller hvis du kontakter os vedr\u00f8rende investerings- eller finansieringsaktiviteter, kan vi behandle personoplysninger om dig.<\/p>\n\n<p>De personoplysninger, der behandles i denne sammenh\u00e6ng, omfatter ofte kontaktoplysninger som f.eks. dit navn, din e-mailadresse, dit telefonnummer, din arbejdsgiver og din jobtitel. Derudover behandler vi andre oplysninger, som du giver, eller som opst\u00e5r under vores interaktioner, i det omfang det er n\u00f8dvendigt for den specifikke proces. <\/p>\n\n<p>Juridisk grundlag: Vores legitime interesse i at udf\u00f8re forretningsaktiviteter, herunder samarbejde med din arbejdsgiver.<\/p>\n\n<h3 class=\"wp-block-heading\">Juridiske forpligtelser<\/h3>\n\n<p>Vi kan v\u00e6re forpligtet til at behandle personoplysninger i visse situationer, f.eks. for at dokumentere overholdelse af skatte-, regnskabs- eller juridiske forpligtelser. Dette kan omfatte personoplysninger om dig, f.eks. hvis dit navn optr\u00e6der p\u00e5 en faktura eller kontrakt, der er underlagt krav om registrering. <\/p>\n\n<p>Juridisk grundlag: Overholdelse af en juridisk forpligtelse.<\/p>\n\n<p>Oplysninger slettes, n\u00e5r form\u00e5let med behandlingen er opfyldt, f.eks. n\u00e5r rapporteringsforpligtelser er opfyldt, eller vi ikke l\u00e6ngere er forpligtet til at opbevare oplysningerne.<\/p>\n\n<h3 class=\"wp-block-heading\">Rettidig omhu<\/h3>\n\n<p>Som en del af vores forretningsaktiviteter kan vi udf\u00f8re due diligence-processer p\u00e5 andre virksomheder (forretningspartnere). Dette kan indeb\u00e6re indsamling af personlige erkl\u00e6ringer, fortrolighedsaftaler og udf\u00f8relse af baggrunds- og sikkerhedstjek af medarbejdere i den relevante virksomhed. <\/p>\n\n<p>Juridisk grundlag: Vores legitime interesse i at verificere forretningspartnere og opretholde de n\u00f8dvendige kvalitets- og sikkerhedsstandarder i vores processer, tjenester, leverancer og faciliteter.<\/p>\n\n<h3 class=\"wp-block-heading\">Jobans\u00f8gninger<\/h3>\n\n<p>N\u00e5r du ans\u00f8ger om et job hos os, indsamler vi de personoplysninger, du angiver, som typisk omfatter dit navn, dine kontaktoplysninger, dine kompetencer, din erfaring og et foto. Under rekrutteringsprocessen kan vi ogs\u00e5 indsamle oplysninger om dit bop\u00e6lsland, arbejds- og opholdstilladelser, l\u00f8noplysninger og referencer, du giver, herunder oplysninger, der deles af dine referencer. <\/p>\n\n<p>Form\u00e5l: At vurdere, om vi skal tilbyde dig en stilling.<\/p>\n\n<p>Juridisk grundlag: N\u00f8dvendigt for at tage skridt forud for indg\u00e5else af en ans\u00e6ttelsesaftale.<\/p>\n\n<p>For kandidater, der ikke tilbydes en stilling, slettes CV&#8217;er og ans\u00f8gninger, n\u00e5r en kandidat ans\u00e6ttes i den stilling, du s\u00f8gte, og senest tre m\u00e5neder efter. Hvis vi \u00f8nsker at beholde dit CV og din ans\u00f8gning, vil vi bede om dit samtykke til at opbevare dokumenterne med henblik p\u00e5 andre relevante stillinger i fremtiden. <\/p>\n\n<h3 class=\"wp-block-heading\">Nyhedsbreve og meddelelser om aktiemarkedet<\/h3>\n\n<p>N\u00e5r du tilmelder dig vores nyhedsbreve og b\u00f8rsmeddelelser, registrerer vi din e-mailadresse for at kunne sende dig de \u00f8nskede oplysninger.<\/p>\n\n<p>Form\u00e5l: At sende nyhedsbreve, aktiemarkedsopdateringer eller andre oplysninger, som du har tilmeldt dig.<\/p>\n\n<p>Juridisk grundlag: Dit samtykke, n\u00e5r du tilmelder dig tjenesten.<\/p>\n\n<p>Du kan til enhver tid tr\u00e6kke dit samtykke tilbage ved at f\u00f8lge den procedure, der er beskrevet nederst i vores nyhedsbreve. N\u00e5r du tr\u00e6kker dit samtykke tilbage, bliver du fjernet fra modtagerlisten. <\/p>\n\n<h3 class=\"wp-block-heading\">Deltagelse i arrangementer<\/h3>\n\n<p>Hvis du tilmelder dig et af vores arrangementer, kan vi registrere personoplysninger som f.eks. dit navn, dine kontaktoplysninger og dine pr\u00e6ferencer vedr\u00f8rende arrangementet (f.eks. kostbehov, rejse eller indkvartering).<\/p>\n\n<p>Juridisk grundlag: Dit samtykke.<\/p>\n\n<p>Oplysningerne vil blive slettet efter arrangementet, medmindre vi har et andet juridisk grundlag for at opbevare dem.<\/p>\n\n<h3 class=\"wp-block-heading\">Opbevaring og sletning af persondata<\/h3>\n\n<p>Vi opbevarer persondata, s\u00e5 l\u00e6nge det er n\u00f8dvendigt for at opfylde det form\u00e5l, de blev indsamlet til, og sletter dem i overensstemmelse med lovkrav. Specifikke opbevaringsperioder er beskrevet i afsnittene ovenfor. <\/p>\n\n<p>For eksempel:<\/p>\n\n<ul class=\"wp-block-list\">\n<li>Personoplysninger, der behandles p\u00e5 baggrund af dit samtykke, slettes, hvis du tr\u00e6kker dit samtykke tilbage.<\/li>\n\n\n\n<li>Data, der behandles for at opfylde en kontrakt, slettes, n\u00e5r kontrakten er afsluttet, herunder forpligtelser som regnskabs- eller garantiopf\u00f8lgning.<\/li>\n\n\n\n<li>Data, der behandles p\u00e5 grund af juridiske forpligtelser, slettes, s\u00e5 snart forpligtelsen ikke l\u00e6ngere er g\u00e6ldende.<\/li>\n<\/ul>\n\n<h3 class=\"wp-block-heading\">Deling af personlige data<\/h3>\n\n<p>Vi deler ikke dine personlige data med tredjeparter, medmindre der er et juridisk grundlag for en s\u00e5dan videregivelse. Eksempler omfatter aftaler med dig eller juridiske forpligtelser, der kr\u00e6ver videregivelse. <\/p>\n\n<p><strong>Tjenesteudbydere<\/strong><\/p>\n\n<p>Vi engagerer tjenesteudbydere til at udf\u00f8re forskellige opgaver p\u00e5 vores vegne, s\u00e5som: webstedsadministration, software- og datalagring, indholdsstyring, databaseadministration, teknisk integration, marketingautomatisering, analyse, webstedsoptimering, gennemf\u00f8relse af kundeunders\u00f8gelser og betalingsbehandling.<\/p>\n\n<p>I nogle tilf\u00e6lde kan tjenesteudbydere indsamle data direkte fra dig, og deres privatlivspolitik kan ogs\u00e5 g\u00e6lde i s\u00e5danne situationer.<\/p>\n\n<p>Hvis du har sp\u00f8rgsm\u00e5l om, hvordan vi behandler personoplysninger, eller hvis du vil have flere oplysninger om vores databehandlere, bedes du kontakte os.<\/p>\n\n<h3 class=\"wp-block-heading\">Sikkerhed i behandlingen<\/h3>\n\n<p>Al behandling af personoplysninger er sikret med de n\u00f8dvendige tekniske og organisatoriske foranstaltninger.<\/p>\n\n<p>Vi administrerer oplysninger for at sikre deres n\u00f8jagtighed, tilg\u00e6ngelighed og h\u00e5ndtering i henhold til dataenes f\u00f8lsomhedsniveau. Vi bruger ogs\u00e5 forskellige sikkerhedsteknologier og informationssikkerhedsprocedurer til at beskytte persondata mod uautoriseret adgang, brug eller offentligg\u00f8relse. Der foretages risikovurderinger i forbindelse med behandlingen af personoplysninger.  <\/p>\n\n<p>Vi har indg\u00e5et databehandlingsaftaler med alle vores tjenesteudbydere, der behandler personoplysninger p\u00e5 vores vegne, for at sikre, at de overholder det samme sikkerhedsniveau, som vi g\u00f8r i vores databehandling.<\/p>\n\n<p>Adgang til personoplysninger er begr\u00e6nset til personale eller tredjeparter, der har brug for at behandle oplysningerne p\u00e5 vores vegne. Disse parter er underlagt fortrolighedsforpligtelser. <\/p>\n\n<p>Vi har etableret rutiner for h\u00e5ndtering af brud p\u00e5 informationssikkerheden (databrud), og hvis der opst\u00e5r et brud, som udg\u00f8r en risiko for de ber\u00f8rte personers privatliv, vil vi rapportere bruddet til det norske datatilsyn s\u00e5 hurtigt som muligt og senest 72 timer efter, at bruddet er opdaget. Hvis bruddet udg\u00f8r en h\u00f8j risiko for de ber\u00f8rte personers privatliv, vil vi ogs\u00e5 underrette dem. <\/p>\n\n<h3 class=\"wp-block-heading\">Dine rettigheder<\/h3>\n\n<p>Nedenfor kan du l\u00e6se om dine rettigheder i forbindelse med behandling af personoplysninger. For at ud\u00f8ve dine rettigheder skal du kontakte os ved hj\u00e6lp af de kontaktoplysninger, der er angivet ovenfor. <\/p>\n\n<p>Vi besvarer din henvendelse s\u00e5 hurtigt som muligt og senest inden for en m\u00e5ned. Hvis det tager l\u00e6ngere tid end en m\u00e5ned, f\u00e5r du besked. <\/p>\n\n<p>Vi kan bede dig om at bekr\u00e6fte din identitet eller give yderligere oplysninger, f\u00f8r vi giver dig mulighed for at ud\u00f8ve dine rettigheder hos os. Dette er for at sikre, at adgang til dine personlige data kun gives til dig og ikke til nogen, der udgiver sig for at v\u00e6re dig. <\/p>\n\n<h3 class=\"wp-block-heading\"><strong>Information<\/strong><\/h3>\n\n<p>Du har ret til at f\u00e5 oplysninger om de personoplysninger, vi behandler om dig. Denne privatlivspolitik indeholder oplysninger om, hvordan vi behandler personoplysninger. Du kan ogs\u00e5 kontakte os, hvis du \u00f8nsker yderligere oplysninger.  <\/p>\n\n<h3 class=\"wp-block-heading\">Adgang<\/h3>\n\n<p>Du har ret til at anmode om adgang til de personoplysninger, vi behandler om dig. Kontakt os venligst, hvis du \u00f8nsker at ud\u00f8ve denne ret. <\/p>\n\n<h3 class=\"wp-block-heading\">Rettelse og sletning<\/h3>\n\n<p>Du har ogs\u00e5 ret til at bede os om at rette eventuelle forkerte oplysninger, vi har om dig, eller til at anmode om sletning af personoplysninger. Vi vil im\u00f8dekomme anmodninger om sletning i det omfang, det er muligt, men vi kan muligvis ikke slette dataene, hvis der stadig er brug for dem. <\/p>\n\n<h3 class=\"wp-block-heading\">Behandling baseret p\u00e5 samtykke<\/h3>\n\n<p>Hvis vi behandler personoplysninger baseret p\u00e5 dit samtykke, kan du til enhver tid tr\u00e6kke dit samtykke tilbage. Den nemmeste m\u00e5de at g\u00f8re dette p\u00e5 er at f\u00f8lge instruktionerne, der blev givet, da du gav dit samtykke, eller at kontakte os direkte.Rett til \u00e5 begrense eller protestere mot behandlingen. <\/p>\n\n<p>Du har ret til at begr\u00e6nse behandlingen i visse situationer, som beskrevet i GDPR artikel 21, som f.eks:<\/p>\n\n<p>a) Du bestrider n\u00f8jagtigheden af personoplysningerne &#8211; behandlingen vil blive sat p\u00e5 pause i en periode, der giver os mulighed for at kontrollere n\u00f8jagtigheden af dataene.<\/p>\n\n<p>b) Behandlingen er ulovlig, og du g\u00f8r indsigelse mod sletning af personoplysningerne og anmoder i stedet om, at brugen af dem begr\u00e6nses.<\/p>\n\n<p>c) Vi har ikke l\u00e6ngere brug for personoplysningerne til form\u00e5let med behandlingen, men du har brug for dem til at etablere, ud\u00f8ve eller forsvare juridiske krav.<\/p>\n\n<p>Du kan ogs\u00e5 g\u00f8re indsigelse mod behandling i henhold til GDPR artikel 21(1), mens vi vurderer, om vores legitime interesser tilsides\u00e6tter dine rettigheder til privatlivets fred.<\/p>\n\n<h3 class=\"wp-block-heading\">Ret til dataportabilitet<\/h3>\n\n<p>For oplysninger, du har givet os, som er n\u00f8dvendige for at opfylde en aftale med os, og som behandles automatisk (dvs. ikke manuelt), kan du anmode om, at personoplysningerne leveres til dig eller overf\u00f8res til en anden udbyder i et struktureret, almindeligt anvendt og maskinl\u00e6sbart format (dataportabilitet).<\/p>\n\n<h3 class=\"wp-block-heading\">Automatiseret behandling, herunder profilering<\/h3>\n\n<p>Ingen automatiseret behandling, herunder profilering, baseret p\u00e5 dine personoplysninger vil blive udf\u00f8rt, hvis den har retsvirkninger eller p\u00e5virker dig betydeligt. Se GDPR artikel 22, stk. 1 og 4. <\/p>\n\n<h3 class=\"wp-block-heading\">Klager<\/h3>\n\n<p>Hvis du mener, at vores behandling af personoplysninger ikke er i overensstemmelse med det, der er beskrevet her, eller at vi p\u00e5 anden m\u00e5de overtr\u00e6der databeskyttelseslovgivningen, kan du indgive en klage til det norske datatilsyn (Datatilsynet).<\/p>\n\n<p>Du kan finde oplysninger om dine rettigheder, og hvordan du kontakter Datatilsynet, p\u00e5 deres hjemmeside: <a href=\"http:\/\/www.datatilsynet.no\/\">www.datatilsynet.no.<\/a><\/p>\n\n<h3 class=\"wp-block-heading\">\u00c6ndringer<\/h3>\n\n<p>Hvis der sker \u00e6ndringer i vores tjenester eller i reglerne for behandling af personoplysninger, kan det medf\u00f8re \u00e6ndringer i de oplysninger, der gives her. Hvis vi har dine kontaktoplysninger, vil vi underrette dig om disse \u00e6ndringer. Ellers vil opdaterede oplysninger altid v\u00e6re let tilg\u00e6ngelige p\u00e5 vores hjemmeside.  <\/p>\n\n<h3 class=\"wp-block-heading\">Kontakt os<\/h3>\n\n<p>Hvis du har sp\u00f8rgsm\u00e5l eller bekymringer om vores privatlivspolitik, bedes du kontakte os p\u00e5 <a href=\"mailto:firmapost@psw.no\">firmapost@psw.no.<\/a><\/p>\n","protected":false},"excerpt":{"rendered":"<p>Denne privatlivspolitik beskriver privatlivspraksis for Scana ASA og alle juridiske enheder, der direkte eller indirekte ejes af Scana ASA med mere end 50 % ejerskab (i det f\u00f8lgende ben\u00e6vnt &#8220;Scana&#8221;, &#8220;vi&#8221; eller &#8220;os&#8221;), medmindre s\u00e5danne enheder har deres egne privatlivspolitikker. Denne privatlivspolitik g\u00e6lder ogs\u00e5 for pswpower.no. N\u00e5r du interagerer med os, kan vi have brug [&hellip;]<\/p>\n","protected":false},"author":2,"featured_media":609,"parent":0,"menu_order":24,"comment_status":"closed","ping_status":"closed","template":"","meta":{"_acf_changed":false,"footnotes":""},"class_list":["post-1035","page","type-page","status-publish","has-post-thumbnail","hentry"],"acf":[],"jetpack_sharing_enabled":true,"_links":{"self":[{"href":"https:\/\/pswbess.com\/da\/wp-json\/wp\/v2\/pages\/1035","targetHints":{"allow":["GET"]}}],"collection":[{"href":"https:\/\/pswbess.com\/da\/wp-json\/wp\/v2\/pages"}],"about":[{"href":"https:\/\/pswbess.com\/da\/wp-json\/wp\/v2\/types\/page"}],"author":[{"embeddable":true,"href":"https:\/\/pswbess.com\/da\/wp-json\/wp\/v2\/users\/2"}],"replies":[{"embeddable":true,"href":"https:\/\/pswbess.com\/da\/wp-json\/wp\/v2\/comments?post=1035"}],"version-history":[{"count":2,"href":"https:\/\/pswbess.com\/da\/wp-json\/wp\/v2\/pages\/1035\/revisions"}],"predecessor-version":[{"id":2182,"href":"https:\/\/pswbess.com\/da\/wp-json\/wp\/v2\/pages\/1035\/revisions\/2182"}],"wp:featuredmedia":[{"embeddable":true,"href":"https:\/\/pswbess.com\/da\/wp-json\/wp\/v2\/media\/609"}],"wp:attachment":[{"href":"https:\/\/pswbess.com\/da\/wp-json\/wp\/v2\/media?parent=1035"}],"curies":[{"name":"wp","href":"https:\/\/api.w.org\/{rel}","templated":true}]}}