{"id":1065,"date":"2025-03-10T13:57:32","date_gmt":"2025-03-10T13:57:32","guid":{"rendered":"https:\/\/pswbess.com\/virksomhed\/"},"modified":"2025-09-12T06:58:56","modified_gmt":"2025-09-12T06:58:56","slug":"virksomhed","status":"publish","type":"page","link":"https:\/\/pswbess.com\/da\/virksomhed\/","title":{"rendered":"Virksomhed"},"content":{"rendered":"\n<p>PSW Power &amp; Automation tilbyder komplette l\u00f8sninger til elektrificering og b\u00e6redygtig energi. Vi specialiserer os i design og integration af: <\/p>\n\n<ul class=\"wp-block-list\">\n<li>Elektriske energisystemer<\/li>\n\n\n\n<li>Elektrisk infrastruktur<\/li>\n\n\n\n<li>Energilagringssystemer<\/li>\n\n\n\n<li>Kontrolsystemer<\/li>\n<\/ul>\n\n<p>Med vores tekniske ekspertise og fremsynede tilgang hj\u00e6lper vi organisationer med at realisere p\u00e5lidelige, effektive og b\u00e6redygtige energil\u00f8sninger.<\/p>\n","protected":false},"excerpt":{"rendered":"<p>PSW Power &amp; Automation tilbyder komplette l\u00f8sninger til elektrificering og b\u00e6redygtig energi.<\/p>\n","protected":false},"author":1,"featured_media":441,"parent":0,"menu_order":10,"comment_status":"closed","ping_status":"closed","template":"page-about.php","meta":{"_acf_changed":false,"footnotes":""},"class_list":["post-1065","page","type-page","status-publish","has-post-thumbnail","hentry"],"acf":[],"jetpack_sharing_enabled":true,"_links":{"self":[{"href":"https:\/\/pswbess.com\/da\/wp-json\/wp\/v2\/pages\/1065","targetHints":{"allow":["GET"]}}],"collection":[{"href":"https:\/\/pswbess.com\/da\/wp-json\/wp\/v2\/pages"}],"about":[{"href":"https:\/\/pswbess.com\/da\/wp-json\/wp\/v2\/types\/page"}],"author":[{"embeddable":true,"href":"https:\/\/pswbess.com\/da\/wp-json\/wp\/v2\/users\/1"}],"replies":[{"embeddable":true,"href":"https:\/\/pswbess.com\/da\/wp-json\/wp\/v2\/comments?post=1065"}],"version-history":[{"count":4,"href":"https:\/\/pswbess.com\/da\/wp-json\/wp\/v2\/pages\/1065\/revisions"}],"predecessor-version":[{"id":2078,"href":"https:\/\/pswbess.com\/da\/wp-json\/wp\/v2\/pages\/1065\/revisions\/2078"}],"wp:featuredmedia":[{"embeddable":true,"href":"https:\/\/pswbess.com\/da\/wp-json\/wp\/v2\/media\/441"}],"wp:attachment":[{"href":"https:\/\/pswbess.com\/da\/wp-json\/wp\/v2\/media?parent=1065"}],"curies":[{"name":"wp","href":"https:\/\/api.w.org\/{rel}","templated":true}]}}