{"id":1067,"date":"2025-03-10T13:57:47","date_gmt":"2025-03-10T13:57:47","guid":{"rendered":"https:\/\/pswbess.com\/baeredygtighed\/"},"modified":"2026-01-27T08:56:50","modified_gmt":"2026-01-27T08:56:50","slug":"baeredygtighed","status":"publish","type":"page","link":"https:\/\/pswbess.com\/da\/baeredygtighed\/","title":{"rendered":"B\u00e6redygtighed"},"content":{"rendered":"\n<h2 class=\"wp-block-heading has-x-large-font-size\">Energi til en b\u00e6redygtig fremtid<\/h2>\n\n<p>PSW Power &amp; Automation fremskynder den globale energiomstilling med innovative elektrificeringsl\u00f8sninger, der erstatter fossile br\u00e6ndstoffer. Vores teknologi g\u00f8r det muligt for industrier effektivt at integrere vedvarende energi og reducere deres milj\u00f8m\u00e6ssige fodaftryk. <\/p>\n\n<p>Hvad vi g\u00f8r:<\/p>\n\n<ul class=\"wp-block-list\">\n<li>Energilagring &#8211; Station\u00e6re og mobile l\u00f8sninger til netstabilisering og midlertidig infrastruktur<\/li>\n\n\n\n<li>Str\u00f8mforsyning og opladning p\u00e5 land &#8211; Reduktion af emissioner fra skibe i havne og p\u00e5 havet<\/li>\n\n\n\n<li>Smart energistyring &#8211; Optimering af effektivitet gennem intelligent energistyring<\/li>\n<\/ul>\n\n<h3 class=\"wp-block-heading\">B\u00e6redygtighed og cirkul\u00e6r \u00f8konomi<\/h3>\n\n<p>Vi er engagerede i m\u00e5lene for b\u00e6redygtig udvikling (SDG&#8217;erne) og FN&#8217;s ESG-principper. Dette afspejles i vores produkter, processer og forsyningsk\u00e6de. Fra vurderinger af CO2-fodaftryk til genbrug af batterier med &gt;90 % genvinding v\u00e6lger vi en ansvarlig og ressourceeffektiv tilgang til elektrificering.  <\/p>\n\n<h3 class=\"wp-block-heading\">Gennemsigtighed og etik i k\u00e6den<\/h3>\n\n<p>Vi garanterer en etisk og gennemsigtig forsyningsk\u00e6de ved at:<\/p>\n\n<ul class=\"wp-block-list\">\n<li>Sporing af r\u00e5materialer<\/li>\n\n\n\n<li>Overholdelse af menneskerettighedsstandarder<\/li>\n\n\n\n<li>Strenge kvalitets- og sikkerhedsstandarder i vores batteril\u00f8sninger<\/li>\n<\/ul>\n\n<figure class=\"wp-block-embed is-type-video is-provider-youtube wp-block-embed-youtube wp-embed-aspect-16-9 wp-has-aspect-ratio\"><div class=\"wp-block-embed__wrapper\">\n<iframe title=\"ESG and SDG - A powerful synergy\" width=\"580\" height=\"326\" src=\"https:\/\/www.youtube.com\/embed\/wZFYo91wIYY?feature=oembed\" frameborder=\"0\" allow=\"accelerometer; autoplay; clipboard-write; encrypted-media; gyroscope; picture-in-picture; web-share\" referrerpolicy=\"strict-origin-when-cross-origin\" allowfullscreen><\/iframe>\n<\/div><\/figure>\n","protected":false},"excerpt":{"rendered":"<p>Energi til en b\u00e6redygtig fremtid PSW Power &amp; Automation fremskynder den globale energiomstilling med innovative elektrificeringsl\u00f8sninger, der erstatter fossile br\u00e6ndstoffer. Vores teknologi g\u00f8r det muligt for industrier effektivt at integrere vedvarende energi og reducere deres milj\u00f8m\u00e6ssige fodaftryk. Hvad vi g\u00f8r: B\u00e6redygtighed og cirkul\u00e6r \u00f8konomi Vi er engagerede i m\u00e5lene for b\u00e6redygtig udvikling (SDG&#8217;erne) og FN&#8217;s [&hellip;]<\/p>\n","protected":false},"author":1,"featured_media":0,"parent":0,"menu_order":20,"comment_status":"closed","ping_status":"closed","template":"","meta":{"_acf_changed":false,"footnotes":""},"class_list":["post-1067","page","type-page","status-publish","hentry"],"acf":[],"jetpack_sharing_enabled":true,"_links":{"self":[{"href":"https:\/\/pswbess.com\/da\/wp-json\/wp\/v2\/pages\/1067","targetHints":{"allow":["GET"]}}],"collection":[{"href":"https:\/\/pswbess.com\/da\/wp-json\/wp\/v2\/pages"}],"about":[{"href":"https:\/\/pswbess.com\/da\/wp-json\/wp\/v2\/types\/page"}],"author":[{"embeddable":true,"href":"https:\/\/pswbess.com\/da\/wp-json\/wp\/v2\/users\/1"}],"replies":[{"embeddable":true,"href":"https:\/\/pswbess.com\/da\/wp-json\/wp\/v2\/comments?post=1067"}],"version-history":[{"count":2,"href":"https:\/\/pswbess.com\/da\/wp-json\/wp\/v2\/pages\/1067\/revisions"}],"predecessor-version":[{"id":2043,"href":"https:\/\/pswbess.com\/da\/wp-json\/wp\/v2\/pages\/1067\/revisions\/2043"}],"wp:attachment":[{"href":"https:\/\/pswbess.com\/da\/wp-json\/wp\/v2\/media?parent=1067"}],"curies":[{"name":"wp","href":"https:\/\/api.w.org\/{rel}","templated":true}]}}