{"id":994,"date":"2025-03-14T09:07:38","date_gmt":"2025-03-14T09:07:38","guid":{"rendered":"https:\/\/pswbess.com\/energikontrol\/"},"modified":"2026-04-08T03:52:48","modified_gmt":"2026-04-08T03:52:48","slug":"energikontrol","status":"publish","type":"page","link":"https:\/\/pswbess.com\/da\/energikontrol\/","title":{"rendered":"Energikontrol"},"content":{"rendered":"\n<div class=\"wp-block-cover alignfull has-parallax\" style=\"min-height:882px;aspect-ratio:unset;\"><div class=\"wp-block-cover__image-background wp-image-398 has-parallax\" style=\"background-position:50% 50%;background-image:url(https:\/\/pswbess.com\/wp-content\/uploads\/2025\/03\/Render_EC_Beauty_orignal-png.avif)\"><\/div><span aria-hidden=\"true\" class=\"wp-block-cover__background has-black-background-color has-background-dim-40 has-background-dim\"><\/span><div class=\"wp-block-cover__inner-container is-layout-flow wp-block-cover-is-layout-flow\">\n<h2 class=\"wp-block-heading has-text-align-center has-large-font-size\">Kraften bag fremskridt<\/h2>\n\n\n\n<p class=\"has-text-align-center has-large-font-size\">En p\u00e5lidelig energiinfrastruktur er afg\u00f8rende for moderne samfund. Den danner grundlaget for energiproduktion, -transmission og -distribution og underst\u00f8tter de forskellige behov hos mennesker, virksomheder og \u00f8konomier verden over. Uden denne rygrad g\u00e5r udviklingen bogstaveligt talt i st\u00e5.  <\/p>\n\n\n\n<div class=\"wp-block-columns is-layout-flex wp-container-core-columns-is-layout-9d6595d7 wp-block-columns-is-layout-flex\">\n<div class=\"wp-block-column is-vertically-aligned-center is-layout-flow wp-block-column-is-layout-flow\"><div class=\"wp-block-image\">\n<figure class=\"aligncenter size-full is-resized\"><img decoding=\"async\" src=\"https:\/\/pswpower.no\/wp-content\/uploads\/2024\/02\/grid_orange-copy.png\" alt=\"\" class=\"wp-image-504\" style=\"width:146px;height:auto\" \/><\/figure>\n<\/div>\n\n\n<div class=\"wp-block-columns is-layout-flex wp-container-core-columns-is-layout-9d6595d7 wp-block-columns-is-layout-flex\">\n<div class=\"wp-block-column is-layout-flow wp-block-column-is-layout-flow\"><div class=\"wp-block-image\">\n<figure class=\"aligncenter size-full is-resized\"><img decoding=\"async\" src=\"https:\/\/pswpower.no\/wp-content\/uploads\/2024\/02\/charging_oragne.png\" alt=\"\" class=\"wp-image-624\" style=\"width:156px;height:auto\" \/><\/figure>\n<\/div><\/div>\n<\/div>\n<\/div>\n\n\n\n<div class=\"wp-block-column is-layout-flow wp-block-column-is-layout-flow\"><div class=\"wp-block-image\">\n<figure class=\"aligncenter size-full is-resized\"><img decoding=\"async\" src=\"https:\/\/pswpower.no\/wp-content\/uploads\/2024\/02\/solar_orange.png\" alt=\"\" class=\"wp-image-626\" style=\"width:141px;height:auto\" \/><\/figure>\n<\/div>\n\n\n<div class=\"wp-block-columns is-layout-flex wp-container-core-columns-is-layout-9d6595d7 wp-block-columns-is-layout-flex\">\n<div class=\"wp-block-column is-layout-flow wp-block-column-is-layout-flow\"><div class=\"wp-block-image\">\n<figure class=\"aligncenter size-full is-resized\"><img decoding=\"async\" src=\"https:\/\/pswpower.no\/wp-content\/uploads\/2024\/03\/battery_orange-copy.png\" alt=\"\" class=\"wp-image-623\" style=\"width:143px;height:auto\" \/><\/figure>\n<\/div><\/div>\n<\/div>\n<\/div>\n\n\n\n<div class=\"wp-block-column is-layout-flow wp-block-column-is-layout-flow\"><div class=\"wp-block-image\">\n<figure class=\"aligncenter size-full is-resized\"><img decoding=\"async\" src=\"https:\/\/pswpower.no\/wp-content\/uploads\/2024\/02\/wind_organe.png\" alt=\"\" class=\"wp-image-622\" style=\"width:142px;height:auto\" \/><\/figure>\n<\/div>\n\n\n<div class=\"wp-block-columns is-layout-flex wp-container-core-columns-is-layout-9d6595d7 wp-block-columns-is-layout-flex\">\n<div class=\"wp-block-column is-layout-flow wp-block-column-is-layout-flow\"><div class=\"wp-block-image\">\n<figure class=\"aligncenter size-full is-resized\"><img decoding=\"async\" src=\"https:\/\/pswpower.no\/wp-content\/uploads\/2024\/04\/shore-power.png\" alt=\"\" class=\"wp-image-1091\" style=\"width:98px;height:auto\" \/><\/figure>\n<\/div><\/div>\n<\/div>\n<\/div>\n<\/div>\n<\/div><\/div>\n\n<figure class=\"wp-block-pullquote has-psw-orange-color has-text-color has-link-color has-large-font-size wp-elements-34ea2942bf61024a77807f3fdb758ab3\"><blockquote><p>Hvorfor er det vigtigt at investere i energiinfrastruktur nu?<br \/><br \/>Verden st\u00e5r over for presserende udfordringer: klimaforandringer, energisikkerhed og stigende global konkurrence. For at im\u00f8deg\u00e5 disse er m\u00e5lrettede investeringer i energiinfrastruktur afg\u00f8rende. De er n\u00f8glen til et b\u00e6redygtigt, p\u00e5lideligt og fremtidssikret samfund.  <\/p><\/blockquote><\/figure>\n\n<div class=\"wp-block-cover alignfull has-parallax\" style=\"min-height:1985px;aspect-ratio:unset;\"><div class=\"wp-block-cover__image-background wp-image-913 has-parallax\" style=\"background-position:50% 50%;background-image:url(https:\/\/pswpower.no\/wp-content\/uploads\/2024\/02\/IMG_2738_redigert-scaled.webp)\"><\/div><span aria-hidden=\"true\" class=\"wp-block-cover__background has-background-dim\"><\/span><div class=\"wp-block-cover__inner-container is-layout-flow wp-block-cover-is-layout-flow\">\n<h1 class=\"wp-block-heading has-text-align-left has-x-large-font-size\"><strong>Smart Grid-teknologi<\/strong> &#8211; <strong>n\u00f8glen til b\u00e6redygtig energi<\/strong><\/h1>\n\n\n\n<p class=\"has-text-align-left has-large-font-size\">Integrationen af vedvarende energi kr\u00e6ver smarte l\u00f8sninger. Hos PSW fokuserer vi p\u00e5 avancerede netteknologier, der h\u00e5ndterer elektricitet effektivt og i realtid. Takket v\u00e6re sensorer, kommunikationsnetv\u00e6rk og intelligente kontrolsystemer koordinerer smart grids produktion, distribution og forbrug optimalt.  <\/p>\n\n\n\n<p class=\"has-text-align-left has-large-font-size\">Ved hj\u00e6lp af pr\u00e6diktive algoritmer kan netoperat\u00f8rer n\u00f8jagtigt estimere udsving i vedvarende energikilder og proaktivt justere energistr\u00f8mmene. Det minimerer afbrydelser og maksimerer de tilg\u00e6ngelige energiressourcer &#8211; for et mere stabilt og b\u00e6redygtigt net. <\/p>\n<\/div><\/div>\n\n<div class=\"wp-block-cover alignfull\"><img decoding=\"async\" class=\"wp-block-cover__image-background wp-image-1112\" alt=\"Energy management system\" src=\"https:\/\/pswpower.no\/wp-content\/uploads\/2024\/05\/shutterstock_1617365701_cropped-scaled.webp\" data-object-fit=\"cover\" \/><span aria-hidden=\"true\" class=\"wp-block-cover__background has-background-dim-70 has-background-dim\"><\/span><div class=\"wp-block-cover__inner-container is-layout-flow wp-block-cover-is-layout-flow\">\n<p class=\"has-text-align-center has-x-large-font-size\">Intelligent energistyring med EMS<\/p>\n\n\n\n<div class=\"wp-block-columns is-layout-flex wp-container-core-columns-is-layout-9d6595d7 wp-block-columns-is-layout-flex\">\n<div class=\"wp-block-column is-layout-flow wp-block-column-is-layout-flow\">\n<p class=\"has-medium-font-size\">Vores avancerede Energy Management System (EMS) integrerer problemfrit b\u00e5de individuelle komponenter og store energisystemer, afh\u00e6ngigt af infrastrukturen. Systemet s\u00f8rger for sikker og p\u00e5lidelig drift og afbalancerer l\u00f8bende energiproduktion, -lagring og -forbrug. <\/p>\n<\/div>\n\n\n\n<div class=\"wp-block-column is-layout-flow wp-block-column-is-layout-flow\">\n<p class=\"has-medium-font-size\">Smarte data, smarte beslutninger. Takket v\u00e6re dyb indsigt i driftsdata tilpasser EMS energiforbruget til systemets behov. Det omfatter prioritering af str\u00f8mforsyningen til ladestationer til elbiler, begr\u00e6nsning af spidsbelastninger, underst\u00f8ttelse af svage netv\u00e6rk og optimering af energitakster.  <\/p>\n\n\n\n<p class=\"has-medium-font-size\"><\/p>\n<\/div>\n\n\n\n<div class=\"wp-block-column is-layout-flow wp-block-column-is-layout-flow\">\n<p class=\"has-medium-font-size\">\u00d8konomisk og b\u00e6redygtigt afkast. Maksimal batterilevetid. For energiproduktions- og lagringssystemer bruger EMS markedsindsigt til strategisk at skifte mellem lagring, handel og forbrug. Dette maksimerer det \u00f8konomiske afkast. N\u00e5r prisarbitrage eller balanceringstjenester spiller en sekund\u00e6r rolle, overv\u00e5ger EMS&#8217;en &#8211; i samarbejde med Asset Management System (AMS) &#8211; belastningen p\u00e5 batterierne. Dette forhindrer overdreven slitage og sikrer, at batterierne bruges optimalt til deres prim\u00e6re form\u00e5l, hvilket resulterer i maksimal levetid og effektivitet.     <\/p>\n\n\n\n<p class=\"has-medium-font-size\"><\/p>\n<\/div>\n<\/div>\n<\/div><\/div>\n\n<div class=\"wp-block-cover alignfull has-parallax\"><div role=\"img\" aria-label=\"city with energy black-out\" class=\"wp-block-cover__image-background wp-image-1196 has-parallax\" style=\"background-position:50% 50%;background-image:url(https:\/\/pswpower.no\/wp-content\/uploads\/2024\/02\/shutterstock_2199721635-1-scaled.avif)\"><\/div><span aria-hidden=\"true\" class=\"wp-block-cover__background has-background-dim\"><\/span><div class=\"wp-block-cover__inner-container is-layout-flow wp-block-cover-is-layout-flow\">\n<p class=\"has-text-align-center has-x-large-font-size\"><strong>Forebyggelse af str\u00f8msvigt<\/strong><\/p>\n\n\n\n<div class=\"wp-block-columns is-layout-flex wp-container-core-columns-is-layout-9d6595d7 wp-block-columns-is-layout-flex\">\n<div class=\"wp-block-column is-layout-flow wp-block-column-is-layout-flow\"><div class=\"wp-block-image\">\n<figure class=\"aligncenter size-full is-resized\"><img decoding=\"async\" src=\"https:\/\/pswpower.no\/wp-content\/uploads\/2024\/11\/monitor_white.png\" alt=\"\" class=\"wp-image-1382\" style=\"width:66px;height:auto\" \/><\/figure>\n<\/div>\n\n\n<p class=\"has-text-align-center\">Systemet analyserer og reagerer i overensstemmelse hermed og forhindrer udviklingen af et blackout i nettet.<\/p>\n<\/div>\n\n\n\n<div class=\"wp-block-column is-layout-flow wp-block-column-is-layout-flow\"><div class=\"wp-block-image\">\n<figure class=\"aligncenter size-full is-resized\"><img decoding=\"async\" src=\"https:\/\/pswpower.no\/wp-content\/uploads\/2024\/02\/blackout_WHITE.png\" alt=\"\" class=\"wp-image-1198\" style=\"width:66px;height:auto\" \/><\/figure>\n<\/div>\n\n\n<p class=\"has-text-align-center\">Netv\u00e6rksforbindelsen kan udnyttes fuldt ud uden risiko for str\u00f8mafbrydelse.<\/p>\n<\/div>\n\n\n\n<div class=\"wp-block-column is-layout-flow wp-block-column-is-layout-flow\"><div class=\"wp-block-image\">\n<figure class=\"aligncenter size-full is-resized\"><img decoding=\"async\" src=\"https:\/\/pswpower.no\/wp-content\/uploads\/2024\/02\/speed_WHITE.png\" alt=\"\" class=\"wp-image-1199\" style=\"width:65px;height:auto\" \/><\/figure>\n<\/div>\n\n\n<p class=\"has-text-align-center\">Responstiden, fra det \u00f8jeblik en kritisk situation opdages, til systemet tilpasser belastningen, kan m\u00e5les i milisekunder.<\/p>\n<\/div>\n<\/div>\n<\/div><\/div>\n\n<div class=\"wp-block-cover alignfull has-parallax\"><div role=\"img\" aria-label=\"Asset Management System\" class=\"wp-block-cover__image-background wp-image-608 has-parallax\" style=\"background-position:50% 50%;background-image:url(https:\/\/pswpower.no\/wp-content\/uploads\/2024\/03\/shutterstock_1312591709-scaled.webp)\"><\/div><span aria-hidden=\"true\" class=\"wp-block-cover__background has-background-dim\"><\/span><div class=\"wp-block-cover__inner-container is-layout-flow wp-block-cover-is-layout-flow\">\n<p class=\"has-text-align-center has-x-large-font-size\"><strong>System til forvaltning af aktiver<\/strong><\/p>\n\n\n\n<div class=\"wp-block-columns is-layout-flex wp-container-core-columns-is-layout-9d6595d7 wp-block-columns-is-layout-flex\">\n<div class=\"wp-block-column is-layout-flow wp-block-column-is-layout-flow\">\n<p class=\"has-medium-font-size\"><strong>Smart koordinering med AMS.  <\/strong><\/p>\n\n\n\n<p class=\"has-medium-font-size\">Vores Asset Management System (AMS) er det bankende hjerte i et effektivt energi\u00f8kosystem. Det indsamler og overf\u00f8rer data til alle forbundne energiaktiver og orkestrerer deres samarbejde. AMS udnytter s\u00e5ledes de enkelte enheders styrke &#8211; b\u00e5de store og sm\u00e5 &#8211; til at deltage kollektivt i energi- og balanceringsmarkeder.  <\/p>\n\n\n\n<p class=\"has-medium-font-size\"><\/p>\n<\/div>\n\n\n\n<div class=\"wp-block-column is-layout-flow wp-block-column-is-layout-flow\">\n<p class=\"has-medium-font-size\"><strong>Fleksibilitet bliver til v\u00e6rdi.  <\/strong><\/p>\n\n\n\n<p class=\"has-medium-font-size\">Takket v\u00e6re denne smarte koordinering kan selv mindre aktiver, som ikke er individuelt oms\u00e6ttelige, stadig levere balanceringsydelser. Det \u00e5bner d\u00f8ren til nye indt\u00e6gtsstr\u00f8mme baseret p\u00e5 deres fleksibilitet. <\/p>\n\n\n\n<p class=\"has-medium-font-size\"><\/p>\n<\/div>\n\n\n\n<div class=\"wp-block-column is-layout-flow wp-block-column-is-layout-flow\">\n<p class=\"has-medium-font-size\"><strong>Gennemsigtighed via Asset Hub.<\/strong> <\/p>\n\n\n\n<p class=\"has-medium-font-size\">AMS deler relevante aktiv- og markedsdata med vores Asset Hub, hvilket giver kunderne fuld gennemsigtighed i forhold til performance, markedsinteraktion og afkast.<\/p>\n<\/div>\n\n\n\n<div class=\"wp-block-column is-layout-flow wp-block-column-is-layout-flow\">\n<p class=\"has-medium-font-size\"><strong>Markedsdeltagelse som en service.<\/strong><\/p>\n\n\n\n<p class=\"has-medium-font-size\">AMS tilbyder en n\u00f8glef\u00e6rdig l\u00f8sning til markedsdeltagelse. Ejere af aktiver kan udnytte mulighederne p\u00e5 energimarkedet &#8211; uden selv at investere i kompleks teknologi eller infrastruktur. <\/p>\n<\/div>\n<\/div>\n<\/div><\/div>\n\n<div class=\"wp-block-columns alignfull has-black-background-color has-background is-layout-flex wp-container-core-columns-is-layout-9d6595d7 wp-block-columns-is-layout-flex\">\n<div class=\"wp-block-column is-layout-flow wp-block-column-is-layout-flow\">\n<h2 class=\"wp-block-heading has-text-align-center has-psw-orange-color has-text-color has-link-color has-x-large-font-size wp-elements-b126b51f81da89e6045e67779182447a\">Asset Hub<\/h2>\n\n\n\n<div class=\"wp-block-columns is-layout-flex wp-container-core-columns-is-layout-9d6595d7 wp-block-columns-is-layout-flex\">\n<div class=\"wp-block-column is-layout-flow wp-block-column-is-layout-flow\">\n<p class=\"has-white-color has-text-color has-link-color has-medium-font-size wp-elements-6244e6cd8da955c859b88cc33b868829\">Asset Hub er et asset-dashboard, der er tilpasset din samling af aktiver. Denne brugergr\u00e6nseflade viser n\u00f8gletal for aktivets status og sundhed, og for nogle applikationer visualiseres markedsdata og indtjening for at give et samlet overblik.<\/p>\n<\/div>\n\n\n\n<div class=\"wp-block-column is-layout-flow wp-block-column-is-layout-flow\">\n<p class=\"has-white-color has-text-color has-link-color has-medium-font-size wp-elements-6714c5a2993be23d064b70fac4888bdc\">Layout og datafelter vil variere og afh\u00e6nge af typen af aktiver og applikation. Dette tilpasses, s\u00e5 det passer bedst til brugeren.<\/p>\n<\/div>\n\n\n\n<div class=\"wp-block-column is-layout-flow wp-block-column-is-layout-flow\">\n<p class=\"has-white-color has-text-color has-link-color has-medium-font-size wp-elements-552b3fba85cb8419d8748d2b668a8c55\">Asset Hub er webbaseret, s\u00e5 der kr\u00e6ves ingen softwareinstallation. Hvis det \u00f8nskes, er der en Asset Hub API til r\u00e5dighed for kunder, der \u00f8nsker at integrere dette i deres egne systemer.<\/p>\n<\/div>\n<\/div>\n\n\n\n<figure class=\"wp-block-embed alignwide is-type-video is-provider-youtube wp-block-embed-youtube wp-embed-aspect-16-9 wp-has-aspect-ratio\"><div class=\"wp-block-embed__wrapper\">\n<iframe title=\"Asset Hub Dashboard\" width=\"580\" height=\"326\" src=\"https:\/\/www.youtube.com\/embed\/rPWdpswjRos?feature=oembed\" frameborder=\"0\" allow=\"accelerometer; autoplay; clipboard-write; encrypted-media; gyroscope; picture-in-picture; web-share\" referrerpolicy=\"strict-origin-when-cross-origin\" allowfullscreen><\/iframe>\n<\/div><\/figure>\n<\/div>\n<\/div>\n\n<div class=\"wp-block-columns is-layout-flex wp-container-core-columns-is-layout-9d6595d7 wp-block-columns-is-layout-flex\">\n<div class=\"wp-block-column is-layout-flow wp-block-column-is-layout-flow\">\n<div class=\"wp-block-buttons is-content-justification-center is-layout-flex wp-container-core-buttons-is-layout-16018d1d wp-block-buttons-is-layout-flex\">\n<div class=\"wp-block-button\"><a class=\"wp-block-button__link has-white-color has-psw-orange-background-color has-text-color has-background has-link-color wp-element-button\" href=\"https:\/\/pswpower.no\/downloads\/\">Download vores produktblad om energikontrol<\/a><\/div>\n<\/div>\n<\/div>\n<\/div>\n\n<p><\/p>\n","protected":false},"excerpt":{"rendered":"<p>Hvorfor er det vigtigt at investere i energiinfrastruktur nu? Verden st\u00e5r over for presserende udfordringer: klimaforandringer, energisikkerhed og stigende global konkurrence. For at im\u00f8deg\u00e5 disse er m\u00e5lrettede investeringer i energiinfrastruktur afg\u00f8rende. De er n\u00f8glen til et b\u00e6redygtigt, p\u00e5lideligt og fremtidssikret samfund. Asset Hub Asset Hub er et asset-dashboard, der er tilpasset din samling af aktiver. [&hellip;]<\/p>\n","protected":false},"author":2,"featured_media":1361,"parent":0,"menu_order":1,"comment_status":"closed","ping_status":"closed","template":"","meta":{"_acf_changed":false,"footnotes":""},"class_list":["post-994","page","type-page","status-publish","has-post-thumbnail","hentry"],"acf":[],"jetpack_sharing_enabled":true,"_links":{"self":[{"href":"https:\/\/pswbess.com\/da\/wp-json\/wp\/v2\/pages\/994","targetHints":{"allow":["GET"]}}],"collection":[{"href":"https:\/\/pswbess.com\/da\/wp-json\/wp\/v2\/pages"}],"about":[{"href":"https:\/\/pswbess.com\/da\/wp-json\/wp\/v2\/types\/page"}],"author":[{"embeddable":true,"href":"https:\/\/pswbess.com\/da\/wp-json\/wp\/v2\/users\/2"}],"replies":[{"embeddable":true,"href":"https:\/\/pswbess.com\/da\/wp-json\/wp\/v2\/comments?post=994"}],"version-history":[{"count":7,"href":"https:\/\/pswbess.com\/da\/wp-json\/wp\/v2\/pages\/994\/revisions"}],"predecessor-version":[{"id":2080,"href":"https:\/\/pswbess.com\/da\/wp-json\/wp\/v2\/pages\/994\/revisions\/2080"}],"wp:featuredmedia":[{"embeddable":true,"href":"https:\/\/pswbess.com\/da\/wp-json\/wp\/v2\/media\/1361"}],"wp:attachment":[{"href":"https:\/\/pswbess.com\/da\/wp-json\/wp\/v2\/media?parent=994"}],"curies":[{"name":"wp","href":"https:\/\/api.w.org\/{rel}","templated":true}]}}