{"id":1025,"date":"2025-03-13T06:55:19","date_gmt":"2025-03-13T06:55:19","guid":{"rendered":"https:\/\/pswbess.com\/hseq\/"},"modified":"2025-11-09T03:45:24","modified_gmt":"2025-11-09T03:45:24","slug":"hseq","status":"publish","type":"page","link":"https:\/\/pswbess.com\/hr\/hseq\/","title":{"rendered":"HSEQ"},"content":{"rendered":"\n<p>Kvaliteta, zdravlje, sigurnost i okoli\u0161 klju\u010dni su dio svih operacija unutar PSW-a, a na\u0161 je cilj doprinijeti odr\u017eivom razvoju rade\u0107i u skladu s Ciljevima odr\u017eivog razvoja UN-a (SDG).<\/p>\n\n<p>Na\u0161 cilj je:<\/p>\n\n<ul class=\"wp-block-list\">\n<li>Ispunjavamo sve primjenjive zakone, propise o QHSE-u i industrijske zahtjeve vezane uz na\u0161e radne aktivnosti na svakoj geografskoj lokaciji na kojoj poslujemo<\/li>\n\n\n\n<li>Nula \u0161tete za osoblje i opremu<\/li>\n\n\n\n<li>Promicati dobru zdravstvenu skrb svim na\u0161im zaposlenicima i sprje\u010davati profesionalne bolesti<\/li>\n\n\n\n<li>Nula prolijevanja i uvijek te\u017eimo minimiziranju utjecaja na okoli\u0161 u svemu \u0161to radimo<\/li>\n\n\n\n<li>Kontinuirano preispitujemo i pobolj\u0161avamo na\u0161e proizvode i usluge u svim aspektima na\u0161eg poslovanja<\/li>\n\n\n\n<li>Sprije\u010dite sve nesre\u0107e, incidente i ozljede<\/li>\n\n\n\n<li>Biti vode\u0107a tvrtka u pitanjima kvalitete, zdravlja, sigurnosti i okoli\u0161a. Upravljanje rizicima klju\u010dni je dio na\u0161eg svakodnevnog poslovanja. <\/li>\n<\/ul>\n<div class=\"wp-block-image\">\n<figure class=\"aligncenter\"><img decoding=\"async\" src=\"https:\/\/pswpower.no\/wp-content\/uploads\/2024\/03\/ManagementSysCert_ISO9001_14001_45001_col.png\" alt=\"logotip ISO certifikacije sustava upravljanja\" class=\"wp-image-644\" \/><\/figure>\n<\/div>","protected":false},"excerpt":{"rendered":"<p>Kvaliteta, zdravlje, sigurnost i okoli\u0161 klju\u010dni su dio svih operacija unutar PSW-a, a na\u0161 je cilj doprinijeti odr\u017eivom razvoju rade\u0107i u skladu s Ciljevima odr\u017eivog razvoja UN-a (SDG). Na\u0161 cilj je:<\/p>\n","protected":false},"author":2,"featured_media":584,"parent":0,"menu_order":22,"comment_status":"closed","ping_status":"closed","template":"","meta":{"_acf_changed":false,"footnotes":""},"class_list":["post-1025","page","type-page","status-publish","has-post-thumbnail","hentry"],"acf":[],"jetpack_sharing_enabled":true,"_links":{"self":[{"href":"https:\/\/pswbess.com\/hr\/wp-json\/wp\/v2\/pages\/1025","targetHints":{"allow":["GET"]}}],"collection":[{"href":"https:\/\/pswbess.com\/hr\/wp-json\/wp\/v2\/pages"}],"about":[{"href":"https:\/\/pswbess.com\/hr\/wp-json\/wp\/v2\/types\/page"}],"author":[{"embeddable":true,"href":"https:\/\/pswbess.com\/hr\/wp-json\/wp\/v2\/users\/2"}],"replies":[{"embeddable":true,"href":"https:\/\/pswbess.com\/hr\/wp-json\/wp\/v2\/comments?post=1025"}],"version-history":[{"count":2,"href":"https:\/\/pswbess.com\/hr\/wp-json\/wp\/v2\/pages\/1025\/revisions"}],"predecessor-version":[{"id":2202,"href":"https:\/\/pswbess.com\/hr\/wp-json\/wp\/v2\/pages\/1025\/revisions\/2202"}],"wp:featuredmedia":[{"embeddable":true,"href":"https:\/\/pswbess.com\/hr\/wp-json\/wp\/v2\/media\/584"}],"wp:attachment":[{"href":"https:\/\/pswbess.com\/hr\/wp-json\/wp\/v2\/media?parent=1025"}],"curies":[{"name":"wp","href":"https:\/\/api.w.org\/{rel}","templated":true}]}}