{"id":1069,"date":"2025-03-10T13:57:32","date_gmt":"2025-03-10T13:57:32","guid":{"rendered":"https:\/\/pswbess.com\/tvrtka\/"},"modified":"2025-09-12T06:58:56","modified_gmt":"2025-09-12T06:58:56","slug":"tvrtka","status":"publish","type":"page","link":"https:\/\/pswbess.com\/hr\/tvrtka\/","title":{"rendered":"Tvrtka"},"content":{"rendered":"\n<p>PSW Power &amp; Automation nudi cjelovita rje\u0161enja za elektrifikaciju i odr\u017eivu energiju. Specijalizirani smo za projektiranje i integraciju: <\/p>\n\n<ul class=\"wp-block-list\">\n<li>Elektroenergetski sustavi<\/li>\n\n\n\n<li>Elektri\u010dna infrastruktura<\/li>\n\n\n\n<li>Sustavi za pohranu energije<\/li>\n\n\n\n<li>Kontrolni sustavi<\/li>\n<\/ul>\n\n<p>S na\u0161om tehni\u010dkom stru\u010dno\u0161\u0107u i naprednim pristupom, poma\u017eemo organizacijama da ostvare pouzdana, u\u010dinkovita i odr\u017eiva energetska rje\u0161enja.<\/p>\n","protected":false},"excerpt":{"rendered":"<p>PSW Power &amp; Automation nudi kompletna rje\u0161enja za elektrifikaciju i odr\u017eivu energiju.<\/p>\n","protected":false},"author":1,"featured_media":440,"parent":0,"menu_order":10,"comment_status":"closed","ping_status":"closed","template":"page-about.php","meta":{"_acf_changed":false,"footnotes":""},"class_list":["post-1069","page","type-page","status-publish","has-post-thumbnail","hentry"],"acf":[],"jetpack_sharing_enabled":true,"_links":{"self":[{"href":"https:\/\/pswbess.com\/hr\/wp-json\/wp\/v2\/pages\/1069","targetHints":{"allow":["GET"]}}],"collection":[{"href":"https:\/\/pswbess.com\/hr\/wp-json\/wp\/v2\/pages"}],"about":[{"href":"https:\/\/pswbess.com\/hr\/wp-json\/wp\/v2\/types\/page"}],"author":[{"embeddable":true,"href":"https:\/\/pswbess.com\/hr\/wp-json\/wp\/v2\/users\/1"}],"replies":[{"embeddable":true,"href":"https:\/\/pswbess.com\/hr\/wp-json\/wp\/v2\/comments?post=1069"}],"version-history":[{"count":5,"href":"https:\/\/pswbess.com\/hr\/wp-json\/wp\/v2\/pages\/1069\/revisions"}],"predecessor-version":[{"id":2074,"href":"https:\/\/pswbess.com\/hr\/wp-json\/wp\/v2\/pages\/1069\/revisions\/2074"}],"wp:featuredmedia":[{"embeddable":true,"href":"https:\/\/pswbess.com\/hr\/wp-json\/wp\/v2\/media\/440"}],"wp:attachment":[{"href":"https:\/\/pswbess.com\/hr\/wp-json\/wp\/v2\/media?parent=1069"}],"curies":[{"name":"wp","href":"https:\/\/api.w.org\/{rel}","templated":true}]}}