{"id":1071,"date":"2025-03-10T13:57:47","date_gmt":"2025-03-10T13:57:47","guid":{"rendered":"https:\/\/pswbess.com\/odrzivost\/"},"modified":"2026-01-27T08:56:50","modified_gmt":"2026-01-27T08:56:50","slug":"odrzivost","status":"publish","type":"page","link":"https:\/\/pswbess.com\/hr\/odrzivost\/","title":{"rendered":"Odr\u017eivost"},"content":{"rendered":"\n<h2 class=\"wp-block-heading has-x-large-font-size\">Energija za odr\u017eivu budu\u0107nost<\/h2>\n\n<p>PSW Power &amp; Automation ubrzava globalnu energetsku tranziciju inovativnim rje\u0161enjima za elektrifikaciju koja zamjenjuju fosilna goriva. Na\u0161a tehnologija omogu\u0107uje industrijama u\u010dinkovitu integraciju obnovljive energije i smanjenje utjecaja na okoli\u0161. <\/p>\n\n<p>\u0160to radimo:<\/p>\n\n<ul class=\"wp-block-list\">\n<li>Skladi\u0161tenje energije \u2013 Stacionarna i mobilna rje\u0161enja za stabilizaciju mre\u017ee i privremenu infrastrukturu<\/li>\n\n\n\n<li>Opskrba energijom i punjenje na kopnu \u2013 Smanjenje emisija s brodova u lukama i na moru<\/li>\n\n\n\n<li>Pametno upravljanje energijom \u2013 Optimizacija u\u010dinkovitosti putem inteligentnog upravljanja energijom<\/li>\n<\/ul>\n\n<h3 class=\"wp-block-heading\">Odr\u017eivost i kru\u017eno gospodarstvo<\/h3>\n\n<p>Posve\u0107eni smo Ciljevima odr\u017eivog razvoja (SDG) i ESG na\u010delima Ujedinjenih naroda. To se odra\u017eava u na\u0161im proizvodima, procesima i lancu opskrbe. Od procjene uglji\u010dnog otiska do recikliranja baterija s vi\u0161e od 90% oporavka, odabiremo odgovoran i resursno u\u010dinkovit pristup elektrifikaciji.  <\/p>\n\n<h3 class=\"wp-block-heading\">Transparentnost i etika u lancu<\/h3>\n\n<p>Jam\u010dimo eti\u010dki i transparentni lanac opskrbe putem:<\/p>\n\n<ul class=\"wp-block-list\">\n<li>Pra\u0107enje sirovina<\/li>\n\n\n\n<li>Po\u0161tivanje standarda ljudskih prava<\/li>\n\n\n\n<li>Strogi standardi kvalitete i sigurnosti u na\u0161im baterijskim rje\u0161enjima<\/li>\n<\/ul>\n\n<figure class=\"wp-block-embed is-type-video is-provider-youtube wp-block-embed-youtube wp-embed-aspect-16-9 wp-has-aspect-ratio\"><div class=\"wp-block-embed__wrapper\">\n<iframe title=\"ESG and SDG - A powerful synergy\" width=\"580\" height=\"326\" src=\"https:\/\/www.youtube.com\/embed\/wZFYo91wIYY?feature=oembed\" frameborder=\"0\" allow=\"accelerometer; autoplay; clipboard-write; encrypted-media; gyroscope; picture-in-picture; web-share\" referrerpolicy=\"strict-origin-when-cross-origin\" allowfullscreen><\/iframe>\n<\/div><\/figure>\n","protected":false},"excerpt":{"rendered":"<p>Energija za odr\u017eivu budu\u0107nost PSW Power &amp; Automation ubrzava globalnu energetsku tranziciju inovativnim rje\u0161enjima za elektrifikaciju koja zamjenjuju fosilna goriva. Na\u0161a tehnologija omogu\u0107uje industrijama u\u010dinkovitu integraciju obnovljive energije i smanjenje utjecaja na okoli\u0161. \u0160to radimo: Odr\u017eivost i kru\u017eno gospodarstvo Posve\u0107eni smo Ciljevima odr\u017eivog razvoja (SDG) i ESG na\u010delima Ujedinjenih naroda. To se odra\u017eava u na\u0161im [&hellip;]<\/p>\n","protected":false},"author":1,"featured_media":0,"parent":0,"menu_order":20,"comment_status":"closed","ping_status":"closed","template":"","meta":{"_acf_changed":false,"footnotes":""},"class_list":["post-1071","page","type-page","status-publish","hentry"],"acf":[],"jetpack_sharing_enabled":true,"_links":{"self":[{"href":"https:\/\/pswbess.com\/hr\/wp-json\/wp\/v2\/pages\/1071","targetHints":{"allow":["GET"]}}],"collection":[{"href":"https:\/\/pswbess.com\/hr\/wp-json\/wp\/v2\/pages"}],"about":[{"href":"https:\/\/pswbess.com\/hr\/wp-json\/wp\/v2\/types\/page"}],"author":[{"embeddable":true,"href":"https:\/\/pswbess.com\/hr\/wp-json\/wp\/v2\/users\/1"}],"replies":[{"embeddable":true,"href":"https:\/\/pswbess.com\/hr\/wp-json\/wp\/v2\/comments?post=1071"}],"version-history":[{"count":2,"href":"https:\/\/pswbess.com\/hr\/wp-json\/wp\/v2\/pages\/1071\/revisions"}],"predecessor-version":[{"id":2018,"href":"https:\/\/pswbess.com\/hr\/wp-json\/wp\/v2\/pages\/1071\/revisions\/2018"}],"wp:attachment":[{"href":"https:\/\/pswbess.com\/hr\/wp-json\/wp\/v2\/media?parent=1071"}],"curies":[{"name":"wp","href":"https:\/\/api.w.org\/{rel}","templated":true}]}}