{"id":983,"date":"2025-03-13T07:11:41","date_gmt":"2025-03-13T07:11:41","guid":{"rendered":"https:\/\/pswbess.com\/postprodajne-usluge\/"},"modified":"2025-12-21T03:50:31","modified_gmt":"2025-12-21T03:50:31","slug":"postprodajne-usluge","status":"publish","type":"page","link":"https:\/\/pswbess.com\/hr\/postprodajne-usluge\/","title":{"rendered":"Postprodajne usluge"},"content":{"rendered":"\n<div class=\"wp-block-cover alignfull has-parallax\" style=\"min-height:946px;aspect-ratio:unset;\"><div class=\"wp-block-cover__image-background wp-image-328 has-parallax\" style=\"background-position:50% 50%;background-image:url(https:\/\/pswbess.com\/wp-content\/uploads\/2025\/03\/Energy-Control-1024x558.avif)\"><\/div><span aria-hidden=\"true\" class=\"wp-block-cover__background has-background-dim-80 has-background-dim\"><\/span><div class=\"wp-block-cover__inner-container is-layout-flow wp-block-cover-is-layout-flow\">\n<h2 class=\"wp-block-heading has-text-align-center has-psw-orange-color has-text-color has-link-color has-large-font-size wp-elements-0587ef48ad21c8ec9ddf75875ff0fcc7\">Va\u0161a imovina u pouzdanim rukama<\/h2>\n\n\n\n<p class=\"has-text-align-center has-medium-font-size\">U PSW-u se sve vrti oko sigurnosti. Zahvaljuju\u0107i na\u0161em dubinskom stru\u010dnom znanju u pra\u0107enju stanja, analizi performansi, dizajnu sustava i jo\u0161 mnogo \u010demu, osiguravamo sigurno i u\u010dinkovito upravljanje va\u0161om imovinom &#8211; tehni\u010dki, komercijalno i financijski. <\/p>\n\n\n\n<h2 class=\"wp-block-heading has-text-align-center has-psw-orange-color has-text-color has-link-color has-large-font-size wp-elements-e2b3c15421d3b3c2647baf11e90fbf47\">Odr\u017eive performanse, zajam\u010dena pouzdanost<\/h2>\n\n\n\n<p class=\"has-text-align-center has-medium-font-size\">Kontinuiranim odr\u017eavanjem i ciljanim pobolj\u0161anjima produ\u017eujemo vijek trajanja va\u0161e imovine. To odr\u017eava va\u0161u organizaciju maksimalno u\u010dinkovitom, uz minimalan rizik &#8211; danas i sutra. <\/p>\n\n\n\n<div class=\"wp-block-columns is-layout-flex wp-container-core-columns-is-layout-9d6595d7 wp-block-columns-is-layout-flex\">\n<div class=\"wp-block-column is-layout-flow wp-block-column-is-layout-flow\"><div class=\"wp-block-image\">\n<figure class=\"aligncenter size-full\"><img decoding=\"async\" width=\"96\" height=\"96\" src=\"https:\/\/pswbess.com\/wp-content\/uploads\/2025\/03\/Technical_orange.png\" alt=\"\" class=\"wp-image-330\" \/><\/figure>\n<\/div>\n\n\n<h3 class=\"wp-block-heading alignwide has-text-align-center\">Tehni\u010dka stru\u010dnost za odr\u017eivu energiju<\/h3>\n\n\n\n<p class=\"has-text-align-center has-medium-font-size\">Pru\u017eamo operativnu izvrsnost i maksimalnu pouzdanost za va\u0161u odr\u017eivu energetsku imovinu. Pametnim rje\u0161enjima za nadzor, odr\u017eavanje i in\u017eenjering osiguravamo optimalne performanse va\u0161ih sustava &#8211; sada i u budu\u0107nosti. <\/p>\n<\/div>\n\n\n\n<div class=\"wp-block-column is-layout-flow wp-block-column-is-layout-flow\"><div class=\"wp-block-image\">\n<figure class=\"aligncenter size-full\"><img decoding=\"async\" width=\"96\" height=\"96\" src=\"https:\/\/pswbess.com\/wp-content\/uploads\/2025\/03\/Value_orange.png\" alt=\"\" class=\"wp-image-331\" \/><\/figure>\n<\/div>\n\n\n<h3 class=\"wp-block-heading has-text-align-center\">Komercijalni uvid za odr\u017eivu vrijednost<\/h3>\n\n\n\n<p class=\"has-text-align-center\">Poma\u017eemo vam da se pridr\u017eavate svih relevantnih propisa, ubla\u017eite rizike i maksimizirate dugoro\u010dnu neto vrijednost va\u0161e imovine. Strate\u0161kim pristupom osiguravamo budu\u0107e prinose i stabilno poslovanje. <\/p>\n<\/div>\n\n\n\n<div class=\"wp-block-column is-layout-flow wp-block-column-is-layout-flow\"><div class=\"wp-block-image\">\n<figure class=\"aligncenter size-full\"><img decoding=\"async\" width=\"96\" height=\"96\" src=\"https:\/\/pswbess.com\/wp-content\/uploads\/2025\/03\/Financial_orange.png\" alt=\"\" class=\"wp-image-332\" \/><\/figure>\n<\/div>\n\n\n<h3 class=\"wp-block-heading has-text-align-center\">Financijski povrat s vizijom za budu\u0107nost<\/h3>\n\n\n\n<p class=\"has-text-align-center\">Podr\u017eavamo vas u optimizaciji prinosa, upravljanju financijskim rizicima i osiguravanju uskla\u0111enosti i likvidnosti unutar va\u0161eg portfelja odr\u017eive energije. To osigurava da va\u0161a investicija ostane robusna, transparentna i profitabilna &#8211; i kratkoro\u010dno i dugoro\u010dno. <\/p>\n<\/div>\n<\/div>\n<\/div><\/div>\n\n<div class=\"wp-block-cover alignfull has-parallax wp-duotone-unset-1\" style=\"min-height:1213px;aspect-ratio:unset;\"><div class=\"wp-block-cover__image-background wp-image-1495 has-parallax\" style=\"background-position:50% 50%;background-image:url(https:\/\/pswpower.no\/wp-content\/uploads\/2024\/12\/Asset-Management.avif)\"><\/div><span aria-hidden=\"true\" class=\"wp-block-cover__background has-black-background-color has-background-dim-80 has-background-dim\"><\/span><div class=\"wp-block-cover__inner-container is-layout-flow wp-block-cover-is-layout-flow\">\n<h2 class=\"wp-block-heading has-text-align-center has-white-color has-text-color has-link-color has-large-font-size wp-elements-9eb7965ea0739193a884a8a3bda5f1a7\"><strong>Kroz na\u0161e Ugovore o radu i odr\u017eavanju te Ugovore o razini usluge, pru\u017eamo<\/strong> :<\/h2>\n\n\n\n<div class=\"wp-block-group is-layout-grid wp-container-core-group-is-layout-6be84c55 wp-block-group-is-layout-grid\">\n<div class=\"wp-block-group\"><div class=\"wp-block-group__inner-container is-layout-constrained wp-block-group-is-layout-constrained\"><div class=\"wp-block-image\">\n<figure class=\"aligncenter size-full is-resized\"><img decoding=\"async\" src=\"https:\/\/pswpower.no\/wp-content\/uploads\/2024\/12\/check_orange-copy-png.avif\" alt=\"\" class=\"wp-image-1554\" style=\"width:74px\" \/><\/figure>\n<\/div>\n\n\n<p class=\"has-text-align-center has-medium-font-size\">Pra\u0107enje stanja i SCADA analiza<\/p>\n<\/div><\/div>\n\n\n\n<div class=\"wp-block-group\"><div class=\"wp-block-group__inner-container is-layout-constrained wp-block-group-is-layout-constrained\"><div class=\"wp-block-image\">\n<figure class=\"aligncenter size-full is-resized\"><img decoding=\"async\" src=\"https:\/\/pswpower.no\/wp-content\/uploads\/2024\/12\/check_orange-copy-png.avif\" alt=\"\" class=\"wp-image-1554\" style=\"width:74px\" \/><\/figure>\n<\/div>\n\n\n<p class=\"has-text-align-center has-medium-font-size\">Analiza i optimizacija performansi snage<\/p>\n<\/div><\/div>\n\n\n\n<div class=\"wp-block-group\"><div class=\"wp-block-group__inner-container is-layout-constrained wp-block-group-is-layout-constrained\"><div class=\"wp-block-image\">\n<figure class=\"aligncenter size-full is-resized\"><img decoding=\"async\" src=\"https:\/\/pswpower.no\/wp-content\/uploads\/2024\/12\/check_orange-copy-png.avif\" alt=\"\" class=\"wp-image-1554\" style=\"width:74px\" \/><\/figure>\n<\/div>\n\n\n<p class=\"has-text-align-center has-medium-font-size\">Daljinski nadzor i podr\u0161ka 24\/7<\/p>\n<\/div><\/div>\n\n\n\n<div class=\"wp-block-group\"><div class=\"wp-block-group__inner-container is-layout-constrained wp-block-group-is-layout-constrained\"><div class=\"wp-block-image\">\n<figure class=\"aligncenter size-full is-resized\"><img decoding=\"async\" src=\"https:\/\/pswpower.no\/wp-content\/uploads\/2024\/12\/check_orange-copy-png.avif\" alt=\"\" class=\"wp-image-1554\" style=\"width:74px\" \/><\/figure>\n<\/div>\n\n\n<p class=\"has-text-align-center has-medium-font-size\">Jamstva za performanse<\/p>\n<\/div><\/div>\n\n\n\n<div class=\"wp-block-group\"><div class=\"wp-block-group__inner-container is-layout-constrained wp-block-group-is-layout-constrained\"><div class=\"wp-block-image\">\n<figure class=\"aligncenter size-full is-resized\"><img decoding=\"async\" src=\"https:\/\/pswpower.no\/wp-content\/uploads\/2024\/12\/check_orange-copy-png.avif\" alt=\"\" class=\"wp-image-1554\" style=\"width:74px;height:auto\" \/><\/figure>\n<\/div>\n\n\n<p class=\"has-text-align-center has-medium-font-size\">Inspekcije<\/p>\n<\/div><\/div>\n\n\n\n<div class=\"wp-block-group wp-container-content-2155ee95\"><div class=\"wp-block-group__inner-container is-layout-constrained wp-block-group-is-layout-constrained\"><div class=\"wp-block-image\">\n<figure class=\"aligncenter size-full is-resized\"><img decoding=\"async\" src=\"https:\/\/pswpower.no\/wp-content\/uploads\/2024\/12\/check_orange-copy-png.avif\" alt=\"\" class=\"wp-image-1554\" style=\"width:74px;height:auto\" \/><\/figure>\n<\/div>\n\n\n<p class=\"has-text-align-center has-medium-font-size\">Planirano odr\u017eavanje<\/p>\n<\/div><\/div>\n\n\n\n<div class=\"wp-block-group\"><div class=\"wp-block-group__inner-container is-layout-constrained wp-block-group-is-layout-constrained\"><div class=\"wp-block-image\">\n<figure class=\"aligncenter size-full is-resized\"><img decoding=\"async\" src=\"https:\/\/pswpower.no\/wp-content\/uploads\/2024\/12\/check_orange-copy-png.avif\" alt=\"\" class=\"wp-image-1554\" style=\"width:74px\" \/><\/figure>\n<\/div>\n\n\n<p class=\"has-text-align-center has-medium-font-size\">Neplanirano odr\u017eavanje<\/p>\n<\/div><\/div>\n\n\n\n<div class=\"wp-block-group\"><div class=\"wp-block-group__inner-container is-layout-constrained wp-block-group-is-layout-constrained\"><div class=\"wp-block-image\">\n<figure class=\"aligncenter size-full is-resized\"><img decoding=\"async\" src=\"https:\/\/pswpower.no\/wp-content\/uploads\/2024\/12\/check_orange-copy-png.avif\" alt=\"\" class=\"wp-image-1554\" style=\"width:74px\" \/><\/figure>\n<\/div>\n\n\n<p class=\"has-text-align-center has-medium-font-size\">Ispravci u jamstvu<\/p>\n<\/div><\/div>\n\n\n\n<div class=\"wp-block-group\"><div class=\"wp-block-group__inner-container is-layout-constrained wp-block-group-is-layout-constrained\"><div class=\"wp-block-image\">\n<figure class=\"aligncenter size-full is-resized\"><img decoding=\"async\" src=\"https:\/\/pswpower.no\/wp-content\/uploads\/2024\/12\/check_orange-copy-png.avif\" alt=\"\" class=\"wp-image-1554\" style=\"width:74px\" \/><\/figure>\n<\/div>\n\n\n<p class=\"has-text-align-center has-medium-font-size\">Zamjene<\/p>\n<\/div><\/div>\n\n\n\n<div class=\"wp-block-group\"><div class=\"wp-block-group__inner-container is-layout-constrained wp-block-group-is-layout-constrained\"><div class=\"wp-block-image\">\n<figure class=\"aligncenter size-full is-resized\"><img decoding=\"async\" src=\"https:\/\/pswpower.no\/wp-content\/uploads\/2024\/12\/check_orange-copy-png.avif\" alt=\"\" class=\"wp-image-1554\" style=\"width:74px;height:auto\" \/><\/figure>\n<\/div>\n\n\n<p class=\"has-text-align-center has-medium-font-size\">Prodaja i upravljanje rezervnim dijelovima<\/p>\n<\/div><\/div>\n\n\n\n<div class=\"wp-block-group\"><div class=\"wp-block-group__inner-container is-layout-constrained wp-block-group-is-layout-constrained\"><div class=\"wp-block-image\">\n<figure class=\"aligncenter size-full is-resized\"><img decoding=\"async\" src=\"https:\/\/pswpower.no\/wp-content\/uploads\/2024\/12\/check_orange-copy-png.avif\" alt=\"\" class=\"wp-image-1554\" style=\"width:74px;height:auto\" \/><\/figure>\n<\/div>\n\n\n<p class=\"has-text-align-center has-medium-font-size\">Upravljanje \u017eivotnim ciklusom i produljenje \u017eivotnog vijeka<\/p>\n<\/div><\/div>\n\n\n\n<div class=\"wp-block-group\"><div class=\"wp-block-group__inner-container is-layout-constrained wp-block-group-is-layout-constrained\"><div class=\"wp-block-image\">\n<figure class=\"aligncenter size-full is-resized\"><img decoding=\"async\" src=\"https:\/\/pswpower.no\/wp-content\/uploads\/2024\/12\/check_orange-copy-png.avif\" alt=\"\" class=\"wp-image-1554\" style=\"width:74px\" \/><\/figure>\n<\/div>\n\n\n<p class=\"has-text-align-center has-medium-font-size\">Strategija za kraj \u017eivota<\/p>\n<\/div><\/div>\n\n\n\n<div class=\"wp-block-group\"><div class=\"wp-block-group__inner-container is-layout-constrained wp-block-group-is-layout-constrained\"><div class=\"wp-block-image\">\n<figure class=\"aligncenter size-full is-resized\"><img decoding=\"async\" src=\"https:\/\/pswpower.no\/wp-content\/uploads\/2024\/12\/check_orange-copy-png.avif\" alt=\"\" class=\"wp-image-1554\" style=\"width:74px\" \/><\/figure>\n<\/div>\n\n\n<p class=\"has-text-align-center has-medium-font-size\">Trening<\/p>\n<\/div><\/div>\n\n\n\n<div class=\"wp-block-group\"><div class=\"wp-block-group__inner-container is-layout-constrained wp-block-group-is-layout-constrained\"><div class=\"wp-block-image\">\n<figure class=\"aligncenter size-full is-resized\"><img decoding=\"async\" src=\"https:\/\/pswpower.no\/wp-content\/uploads\/2024\/12\/check_orange-copy-png.avif\" alt=\"\" class=\"wp-image-1554\" style=\"width:74px\" \/><\/figure>\n<\/div>\n\n\n<p class=\"has-text-align-center has-medium-font-size\">Kampanje za nadogradnju i preure\u0111enje imovine<\/p>\n<\/div><\/div>\n<\/div>\n<\/div><\/div>\n\n<div class=\"wp-block-cover alignfull has-parallax has-custom-content-position is-position-center-right wp-duotone-unset-2\"><div class=\"wp-block-cover__image-background wp-image-1841 size-large has-parallax\" style=\"background-position:50% 50%;background-image:url(https:\/\/pswbess.com\/wp-content\/uploads\/2025\/08\/Fotograf-Trude-Brun-Wilhelmsen-8955-1024x683.avif)\"><\/div><span aria-hidden=\"true\" class=\"wp-block-cover__background has-black-background-color has-background-dim-60 has-background-dim\"><\/span><div class=\"wp-block-cover__inner-container is-layout-flow wp-block-cover-is-layout-flow\">\n<h2 class=\"wp-block-heading has-text-align-right has-psw-orange-color has-text-color has-link-color has-x-large-font-size wp-elements-60c7b6c260d8357e022380ac4bb28ad0\">Centar za daljinsko upravljanje<\/h2>\n\n\n\n<p class=\"has-text-align-right has-large-font-size\">Na\u0161 operativni centar pru\u017ea podr\u0161ku 24\/7 za upravljanje imovinom, rad i odr\u017eavanje, zna\u010dajno pove\u0107avaju\u0107i va\u0161u produktivnost i u\u010dinkovitost.<\/p>\n\n\n\n<p class=\"has-text-align-right has-large-font-size\">S timom iskusnih stru\u010dnjaka &#8211; uklju\u010duju\u0107i one iz pomorskog, komunalnog i sektora upravljanja imovinom &#8211; brzo otkrivamo probleme i odmah reagiramo. To minimizira gubitke u proizvodnji i odr\u017eava va\u0161u organizaciju optimalnom. <\/p>\n<\/div><\/div>\n\n<div class=\"wp-block-cover alignfull has-parallax has-custom-content-position is-position-center-left has-white-color has-text-color has-link-color wp-elements-7754fff3883afeacd63dbc19f14be348 wp-duotone-unset-3\"><div role=\"img\" aria-label=\"Engineer operating energy storage system\" class=\"wp-block-cover__image-background wp-image-1396 has-parallax\" style=\"background-position:50% 50%;background-image:url(https:\/\/pswpower.no\/wp-content\/uploads\/2024\/11\/DSC06416-scaled.avif)\"><\/div><span aria-hidden=\"true\" class=\"wp-block-cover__background has-black-background-color has-background-dim-60 has-background-dim\"><\/span><div class=\"wp-block-cover__inner-container is-layout-flow wp-block-cover-is-layout-flow\">\n<p class=\"has-text-align-left has-psw-orange-color has-text-color has-link-color has-x-large-font-size wp-elements-0c287238799129154cc7cc2eb8830877\"><strong>Usluge na licu mjesta<\/strong><\/p>\n\n\n\n<p class=\"has-text-align-left has-large-font-size\">Na\u0161i in\u017eenjeri i tehni\u010dki stru\u010dnjaci pru\u017eaju visokokvalitetnu podr\u0161ku na licu mjesta, usmjerenu na kontinuitet rada i u\u010dinkovito odr\u017eavanje va\u0161ih energetskih rje\u0161enja.<\/p>\n\n\n\n<p class=\"has-large-font-size\">S o\u0161trim okom za performanse, pru\u017eamo konkurentne i sveobuhvatne usluge osmi\u0161ljene za pove\u0107anje prihoda i smanjenje tro\u0161kova &#8211; bez ugro\u017eavanja kvalitete ili sigurnosti.<\/p>\n\n\n\n<p class=\"has-text-align-left has-large-font-size\">Na\u0161i timovi za upravljanje lokacijama osiguravaju besprijekoran i siguran rad strogim nadzorom, pametnom raspodjelom resursa i strogim pridr\u017eavanjem standarda zdravlja, sigurnosti i za\u0161tite okoli\u0161a (HSEQ).<\/p>\n\n\n\n<div class=\"wp-block-columns alignwide is-layout-flex wp-container-core-columns-is-layout-9d6595d7 wp-block-columns-is-layout-flex\">\n<div class=\"wp-block-column is-layout-flow wp-block-column-is-layout-flow\"><\/div>\n\n\n\n<div class=\"wp-block-column is-layout-flow wp-block-column-is-layout-flow\"><\/div>\n\n\n\n<div class=\"wp-block-column is-layout-flow wp-block-column-is-layout-flow\"><\/div>\n<\/div>\n<\/div><\/div>\n\n<div class=\"wp-block-columns alignfull has-psw-orange-background-color has-background is-layout-flex wp-container-core-columns-is-layout-9d6595d7 wp-block-columns-is-layout-flex\">\n<div class=\"wp-block-column is-layout-flow wp-block-column-is-layout-flow\"><div class=\"wp-block-image\">\n<figure class=\"aligncenter size-full\"><img decoding=\"async\" src=\"https:\/\/pswpower.no\/wp-content\/uploads\/2024\/11\/update.png\" alt=\"\" class=\"wp-image-1380\" \/><\/figure>\n<\/div>\n\n\n<h2 class=\"wp-block-heading has-text-align-center has-white-color has-text-color has-link-color has-x-large-font-size wp-elements-dea0844793320ca494ef42afb3913077\">Ponovna upotreba: nova snaga za va\u0161u imovinu<\/h2>\n\n\n\n<div class=\"wp-block-columns is-layout-flex wp-container-core-columns-is-layout-9d6595d7 wp-block-columns-is-layout-flex\">\n<div class=\"wp-block-column is-layout-flow wp-block-column-is-layout-flow\">\n<p class=\"has-white-color has-text-color has-link-color has-medium-font-size wp-elements-4a691eb3ae4516a7a9b89b41b94ecf09\">Razvijamo i implementiramo prilago\u0111enu strategiju za kraj \u017eivotnog vijeka imovine koja \u0161titi budu\u0107u vrijednost va\u0161e imovine. Na taj na\u010din izvla\u010dite maksimum iz svojih energetskih projekata &#8211; \u010dak i nakon njihovog izvornog \u017eivotnog vijeka. <\/p>\n<\/div>\n\n\n\n<div class=\"wp-block-column is-layout-flow wp-block-column-is-layout-flow\">\n<p class=\"has-white-color has-text-color has-link-color has-medium-font-size wp-elements-21f085ea4977baf3ff127c648c9760b2\">Na\u0161 tim blisko sura\u0111uje s vama kako bi odredio najbolji pristup pove\u0107anju proizvodnje energije i produljenju vijeka trajanja va\u0161ih instalacija.<\/p>\n<\/div>\n\n\n\n<div class=\"wp-block-column is-layout-flow wp-block-column-is-layout-flow\">\n<p class=\"has-white-color has-text-color has-link-color has-medium-font-size wp-elements-934fc296f9799295109b7dfd88393474\">Primjenom najsuvremenijih tehnologija ostajemo lideri u industriji. Osiguravamo dulji vijek trajanja va\u0161e imovine i doprinosimo zelenijoj i odr\u017eivijoj budu\u0107nosti smanjenjem otpada. <\/p>\n<\/div>\n<\/div>\n<\/div>\n<\/div>\n\n<div class=\"wp-block-buttons is-content-justification-center is-layout-flex wp-container-core-buttons-is-layout-16018d1d wp-block-buttons-is-layout-flex\">\n<div class=\"wp-block-button\"><a class=\"wp-block-button__link has-white-color has-psw-orange-background-color has-text-color has-background has-link-color wp-element-button\" href=\"https:\/\/pswpower.no\/downloads\/\">Preuzmite na\u0161 proizvodni list za postprodajne usluge<\/a><\/div>\n<\/div>\n\n<p><\/p>\n","protected":false},"excerpt":{"rendered":"<p>Ponovna upotreba: nova snaga za va\u0161u imovinu Razvijamo i implementiramo prilago\u0111enu strategiju za kraj \u017eivotnog vijeka imovine koja \u0161titi budu\u0107u vrijednost va\u0161e imovine. Na taj na\u010din izvla\u010dite maksimum iz svojih energetskih projekata &#8211; \u010dak i nakon njihovog izvornog \u017eivotnog vijeka. Na\u0161 tim blisko sura\u0111uje s vama kako bi odredio najbolji pristup pove\u0107anju proizvodnje energije i [&hellip;]<\/p>\n","protected":false},"author":2,"featured_media":0,"parent":0,"menu_order":5,"comment_status":"closed","ping_status":"closed","template":"","meta":{"_acf_changed":false,"footnotes":""},"class_list":["post-983","page","type-page","status-publish","hentry"],"acf":[],"jetpack_sharing_enabled":true,"_links":{"self":[{"href":"https:\/\/pswbess.com\/hr\/wp-json\/wp\/v2\/pages\/983","targetHints":{"allow":["GET"]}}],"collection":[{"href":"https:\/\/pswbess.com\/hr\/wp-json\/wp\/v2\/pages"}],"about":[{"href":"https:\/\/pswbess.com\/hr\/wp-json\/wp\/v2\/types\/page"}],"author":[{"embeddable":true,"href":"https:\/\/pswbess.com\/hr\/wp-json\/wp\/v2\/users\/2"}],"replies":[{"embeddable":true,"href":"https:\/\/pswbess.com\/hr\/wp-json\/wp\/v2\/comments?post=983"}],"version-history":[{"count":5,"href":"https:\/\/pswbess.com\/hr\/wp-json\/wp\/v2\/pages\/983\/revisions"}],"predecessor-version":[{"id":2220,"href":"https:\/\/pswbess.com\/hr\/wp-json\/wp\/v2\/pages\/983\/revisions\/2220"}],"wp:attachment":[{"href":"https:\/\/pswbess.com\/hr\/wp-json\/wp\/v2\/media?parent=983"}],"curies":[{"name":"wp","href":"https:\/\/api.w.org\/{rel}","templated":true}]}}