{"id":991,"date":"2025-03-14T09:07:38","date_gmt":"2025-03-14T09:07:38","guid":{"rendered":"https:\/\/pswbess.com\/kontrola-energije\/"},"modified":"2026-04-08T03:52:48","modified_gmt":"2026-04-08T03:52:48","slug":"kontrola-energije","status":"publish","type":"page","link":"https:\/\/pswbess.com\/hr\/kontrola-energije\/","title":{"rendered":"Kontrola energije"},"content":{"rendered":"\n<div class=\"wp-block-cover alignfull has-parallax\" style=\"min-height:882px;aspect-ratio:unset;\"><div class=\"wp-block-cover__image-background wp-image-398 has-parallax\" style=\"background-position:50% 50%;background-image:url(https:\/\/pswbess.com\/wp-content\/uploads\/2025\/03\/Render_EC_Beauty_orignal-png.avif)\"><\/div><span aria-hidden=\"true\" class=\"wp-block-cover__background has-black-background-color has-background-dim-40 has-background-dim\"><\/span><div class=\"wp-block-cover__inner-container is-layout-flow wp-block-cover-is-layout-flow\">\n<h2 class=\"wp-block-heading has-text-align-center has-large-font-size\">Snaga iza napretka<\/h2>\n\n\n\n<p class=\"has-text-align-center has-large-font-size\">Pouzdana energetska infrastruktura klju\u010dna je za moderna dru\u0161tva. Ona \u010dini temelj za proizvodnju, prijenos i distribuciju energije, podr\u017eavaju\u0107i raznolike potrebe ljudi, poduze\u0107a i gospodarstava diljem svijeta. Bez ove okosnice, napredak doslovno staje.  <\/p>\n\n\n\n<div class=\"wp-block-columns is-layout-flex wp-container-core-columns-is-layout-9d6595d7 wp-block-columns-is-layout-flex\">\n<div class=\"wp-block-column is-vertically-aligned-center is-layout-flow wp-block-column-is-layout-flow\"><div class=\"wp-block-image\">\n<figure class=\"aligncenter size-full is-resized\"><img decoding=\"async\" src=\"https:\/\/pswpower.no\/wp-content\/uploads\/2024\/02\/grid_orange-copy.png\" alt=\"\" class=\"wp-image-504\" style=\"width:146px;height:auto\" \/><\/figure>\n<\/div>\n\n\n<div class=\"wp-block-columns is-layout-flex wp-container-core-columns-is-layout-9d6595d7 wp-block-columns-is-layout-flex\">\n<div class=\"wp-block-column is-layout-flow wp-block-column-is-layout-flow\"><div class=\"wp-block-image\">\n<figure class=\"aligncenter size-full is-resized\"><img decoding=\"async\" src=\"https:\/\/pswpower.no\/wp-content\/uploads\/2024\/02\/charging_oragne.png\" alt=\"\" class=\"wp-image-624\" style=\"width:156px;height:auto\" \/><\/figure>\n<\/div><\/div>\n<\/div>\n<\/div>\n\n\n\n<div class=\"wp-block-column is-layout-flow wp-block-column-is-layout-flow\"><div class=\"wp-block-image\">\n<figure class=\"aligncenter size-full is-resized\"><img decoding=\"async\" src=\"https:\/\/pswpower.no\/wp-content\/uploads\/2024\/02\/solar_orange.png\" alt=\"\" class=\"wp-image-626\" style=\"width:141px;height:auto\" \/><\/figure>\n<\/div>\n\n\n<div class=\"wp-block-columns is-layout-flex wp-container-core-columns-is-layout-9d6595d7 wp-block-columns-is-layout-flex\">\n<div class=\"wp-block-column is-layout-flow wp-block-column-is-layout-flow\"><div class=\"wp-block-image\">\n<figure class=\"aligncenter size-full is-resized\"><img decoding=\"async\" src=\"https:\/\/pswpower.no\/wp-content\/uploads\/2024\/03\/battery_orange-copy.png\" alt=\"\" class=\"wp-image-623\" style=\"width:143px;height:auto\" \/><\/figure>\n<\/div><\/div>\n<\/div>\n<\/div>\n\n\n\n<div class=\"wp-block-column is-layout-flow wp-block-column-is-layout-flow\"><div class=\"wp-block-image\">\n<figure class=\"aligncenter size-full is-resized\"><img decoding=\"async\" src=\"https:\/\/pswpower.no\/wp-content\/uploads\/2024\/02\/wind_organe.png\" alt=\"\" class=\"wp-image-622\" style=\"width:142px;height:auto\" \/><\/figure>\n<\/div>\n\n\n<div class=\"wp-block-columns is-layout-flex wp-container-core-columns-is-layout-9d6595d7 wp-block-columns-is-layout-flex\">\n<div class=\"wp-block-column is-layout-flow wp-block-column-is-layout-flow\"><div class=\"wp-block-image\">\n<figure class=\"aligncenter size-full is-resized\"><img decoding=\"async\" src=\"https:\/\/pswpower.no\/wp-content\/uploads\/2024\/04\/shore-power.png\" alt=\"\" class=\"wp-image-1091\" style=\"width:98px;height:auto\" \/><\/figure>\n<\/div><\/div>\n<\/div>\n<\/div>\n<\/div>\n<\/div><\/div>\n\n<figure class=\"wp-block-pullquote has-psw-orange-color has-text-color has-link-color has-large-font-size wp-elements-63a6b95b8c9c54398e4d44edf1631e4b\"><blockquote><p>Za\u0161to je ulaganje u energetsku infrastrukturu va\u017eno sada?<br \/><br \/>Svijet se suo\u010dava s hitnim izazovima: klimatskim promjenama, energetskom sigurno\u0161\u0107u i sve ve\u0107om globalnom konkurencijom. Za rje\u0161avanje tih problema klju\u010dna su ciljana ulaganja u energetsku infrastrukturu. Ona su klju\u010d odr\u017eivog, pouzdanog i budu\u0107nosti spremnog dru\u0161tva.  <\/p><\/blockquote><\/figure>\n\n<div class=\"wp-block-cover alignfull has-parallax\" style=\"min-height:1985px;aspect-ratio:unset;\"><div class=\"wp-block-cover__image-background wp-image-913 has-parallax\" style=\"background-position:50% 50%;background-image:url(https:\/\/pswpower.no\/wp-content\/uploads\/2024\/02\/IMG_2738_redigert-scaled.webp)\"><\/div><span aria-hidden=\"true\" class=\"wp-block-cover__background has-background-dim\"><\/span><div class=\"wp-block-cover__inner-container is-layout-flow wp-block-cover-is-layout-flow\">\n<h1 class=\"wp-block-heading has-text-align-left has-x-large-font-size\"><strong>Tehnologija pametne mre\u017ee<\/strong> &#8211; <strong>klju\u010d odr\u017eive energije<\/strong><\/h1>\n\n\n\n<p class=\"has-text-align-left has-large-font-size\">Integracija obnovljivih izvora energije zahtijeva pametna rje\u0161enja. U PSW-u se fokusiramo na napredne mre\u017ene tehnologije koje u\u010dinkovito i u stvarnom vremenu upravljaju elektri\u010dnom energijom. Zahvaljuju\u0107i senzorima, komunikacijskim mre\u017eama i inteligentnim sustavima upravljanja, pametne mre\u017ee optimalno koordiniraju proizvodnju, distribuciju i potro\u0161nju.  <\/p>\n\n\n\n<p class=\"has-text-align-left has-large-font-size\">Kori\u0161tenjem prediktivnih algoritama, operateri mre\u017ee mogu to\u010dno procijeniti fluktuacije u obnovljivim izvorima energije i proaktivno prilagoditi tokove energije. To minimizira prekide i maksimizira dostupne energetske resurse &#8211; za stabilniju i odr\u017eiviju mre\u017eu. <\/p>\n<\/div><\/div>\n\n<div class=\"wp-block-cover alignfull\"><img decoding=\"async\" class=\"wp-block-cover__image-background wp-image-1112\" alt=\"Energy management system\" src=\"https:\/\/pswpower.no\/wp-content\/uploads\/2024\/05\/shutterstock_1617365701_cropped-scaled.webp\" data-object-fit=\"cover\" \/><span aria-hidden=\"true\" class=\"wp-block-cover__background has-background-dim-70 has-background-dim\"><\/span><div class=\"wp-block-cover__inner-container is-layout-flow wp-block-cover-is-layout-flow\">\n<p class=\"has-text-align-center has-x-large-font-size\">Inteligentno upravljanje energijom s EMS-om<\/p>\n\n\n\n<div class=\"wp-block-columns is-layout-flex wp-container-core-columns-is-layout-9d6595d7 wp-block-columns-is-layout-flex\">\n<div class=\"wp-block-column is-layout-flow wp-block-column-is-layout-flow\">\n<p class=\"has-medium-font-size\">Na\u0161 napredni sustav upravljanja energijom (EMS) besprijekorno integrira pojedina\u010dne komponente i velike energetske sustave, ovisno o infrastrukturi. Sustav osigurava siguran i pouzdan rad te kontinuirano uravnote\u017euje proizvodnju, skladi\u0161tenje i potro\u0161nju energije. <\/p>\n<\/div>\n\n\n\n<div class=\"wp-block-column is-layout-flow wp-block-column-is-layout-flow\">\n<p class=\"has-medium-font-size\">Pametni podaci, pametne odluke. Zahvaljuju\u0107i dubokom uvidu u operativne podatke, EMS uskla\u0111uje potro\u0161nju energije s potrebama sustava. To uklju\u010duje davanje prioriteta opskrbi elektri\u010dnom energijom stanica za punjenje elektri\u010dnih vozila, ograni\u010davanje vr\u0161nih optere\u0107enja, podr\u0161ku slabim mre\u017eama i optimizaciju cijena energije.  <\/p>\n\n\n\n<p class=\"has-medium-font-size\"><\/p>\n<\/div>\n\n\n\n<div class=\"wp-block-column is-layout-flow wp-block-column-is-layout-flow\">\n<p class=\"has-medium-font-size\">Ekonomski i odr\u017eivi prinosi. Maksimalni vijek trajanja baterija. Za sustave proizvodnje i skladi\u0161tenja energije, EMS koristi tr\u017ei\u0161ne uvide kako bi strate\u0161ki prebacivao izme\u0111u skladi\u0161tenja, trgovanja i potro\u0161nje. To maksimizira ekonomske prinose. Kada cjenovna arbitra\u017ea ili usluge uravnote\u017eenja igraju sporednu ulogu, EMS &#8211; u suradnji sa Sustavom upravljanja imovinom (AMS) &#8211; prati optere\u0107enje baterija. To sprje\u010dava prekomjerno tro\u0161enje i osigurava da se baterije optimalno koriste za svoju primarnu svrhu, \u0161to rezultira maksimalnim vijekom trajanja i u\u010dinkovito\u0161\u0107u.     <\/p>\n\n\n\n<p class=\"has-medium-font-size\"><\/p>\n<\/div>\n<\/div>\n<\/div><\/div>\n\n<div class=\"wp-block-cover alignfull has-parallax\"><div role=\"img\" aria-label=\"city with energy black-out\" class=\"wp-block-cover__image-background wp-image-1196 has-parallax\" style=\"background-position:50% 50%;background-image:url(https:\/\/pswpower.no\/wp-content\/uploads\/2024\/02\/shutterstock_2199721635-1-scaled.avif)\"><\/div><span aria-hidden=\"true\" class=\"wp-block-cover__background has-background-dim\"><\/span><div class=\"wp-block-cover__inner-container is-layout-flow wp-block-cover-is-layout-flow\">\n<p class=\"has-text-align-center has-x-large-font-size\"><strong>Sprje\u010davanje nestanka struje<\/strong><\/p>\n\n\n\n<div class=\"wp-block-columns is-layout-flex wp-container-core-columns-is-layout-9d6595d7 wp-block-columns-is-layout-flex\">\n<div class=\"wp-block-column is-layout-flow wp-block-column-is-layout-flow\"><div class=\"wp-block-image\">\n<figure class=\"aligncenter size-full is-resized\"><img decoding=\"async\" src=\"https:\/\/pswpower.no\/wp-content\/uploads\/2024\/11\/monitor_white.png\" alt=\"\" class=\"wp-image-1382\" style=\"width:66px;height:auto\" \/><\/figure>\n<\/div>\n\n\n<p class=\"has-text-align-center\">Sustav analizira i reagira u skladu s tim, sprje\u010davaju\u0107i razvoj nestanka struje u mre\u017ei.<\/p>\n<\/div>\n\n\n\n<div class=\"wp-block-column is-layout-flow wp-block-column-is-layout-flow\"><div class=\"wp-block-image\">\n<figure class=\"aligncenter size-full is-resized\"><img decoding=\"async\" src=\"https:\/\/pswpower.no\/wp-content\/uploads\/2024\/02\/blackout_WHITE.png\" alt=\"\" class=\"wp-image-1198\" style=\"width:66px;height:auto\" \/><\/figure>\n<\/div>\n\n\n<p class=\"has-text-align-center\">Mre\u017ena veza mo\u017ee se u potpunosti koristiti bez rizika od nestanka struje.<\/p>\n<\/div>\n\n\n\n<div class=\"wp-block-column is-layout-flow wp-block-column-is-layout-flow\"><div class=\"wp-block-image\">\n<figure class=\"aligncenter size-full is-resized\"><img decoding=\"async\" src=\"https:\/\/pswpower.no\/wp-content\/uploads\/2024\/02\/speed_WHITE.png\" alt=\"\" class=\"wp-image-1199\" style=\"width:65px;height:auto\" \/><\/figure>\n<\/div>\n\n\n<p class=\"has-text-align-center\">Vrijeme odziva, od trenutka otkrivanja kriti\u010dne situacije do trenutka kada sustav izvr\u0161i prilagodbu optere\u0107enja, mo\u017ee se mjeriti u milisekundama.<\/p>\n<\/div>\n<\/div>\n<\/div><\/div>\n\n<div class=\"wp-block-cover alignfull has-parallax\"><div role=\"img\" aria-label=\"Asset Management System\" class=\"wp-block-cover__image-background wp-image-608 has-parallax\" style=\"background-position:50% 50%;background-image:url(https:\/\/pswpower.no\/wp-content\/uploads\/2024\/03\/shutterstock_1312591709-scaled.webp)\"><\/div><span aria-hidden=\"true\" class=\"wp-block-cover__background has-background-dim\"><\/span><div class=\"wp-block-cover__inner-container is-layout-flow wp-block-cover-is-layout-flow\">\n<p class=\"has-text-align-center has-x-large-font-size\"><strong>Sustav upravljanja imovinom<\/strong><\/p>\n\n\n\n<div class=\"wp-block-columns is-layout-flex wp-container-core-columns-is-layout-9d6595d7 wp-block-columns-is-layout-flex\">\n<div class=\"wp-block-column is-layout-flow wp-block-column-is-layout-flow\">\n<p class=\"has-medium-font-size\"><strong>Pametna koordinacija s AMS-om.  <\/strong><\/p>\n\n\n\n<p class=\"has-medium-font-size\">Na\u0161 Sustav upravljanja imovinom (AMS) je srce u\u010dinkovitog energetskog ekosustava. Prikuplja i prenosi podatke svim povezanim energetskim objektima te orkestrira njihovu suradnju. AMS tako iskori\u0161tava mo\u0107 pojedina\u010dnih subjekata &#8211; i velikih i malih &#8211; da zajedni\u010dki sudjeluju na energetskim i balansiraju\u0107im tr\u017ei\u0161tima.  <\/p>\n\n\n\n<p class=\"has-medium-font-size\"><\/p>\n<\/div>\n\n\n\n<div class=\"wp-block-column is-layout-flow wp-block-column-is-layout-flow\">\n<p class=\"has-medium-font-size\"><strong>Fleksibilnost postaje vrijednost.  <\/strong><\/p>\n\n\n\n<p class=\"has-medium-font-size\">Zahvaljuju\u0107i ovoj pametnoj koordinaciji, \u010dak i manja imovina koja nije pojedina\u010dno utr\u017eiva i dalje mo\u017ee pru\u017eati usluge uravnote\u017eenja. To otvara vrata novim izvorima prihoda na temelju njihove fleksibilnosti. <\/p>\n\n\n\n<p class=\"has-medium-font-size\"><\/p>\n<\/div>\n\n\n\n<div class=\"wp-block-column is-layout-flow wp-block-column-is-layout-flow\">\n<p class=\"has-medium-font-size\"><strong>Transparentnost putem Asset Huba.<\/strong> <\/p>\n\n\n\n<p class=\"has-medium-font-size\">AMS dijeli relevantne podatke o imovini i tr\u017ei\u0161tu s na\u0161im Asset Hubom, pru\u017eaju\u0107i klijentima potpunu transparentnost u pogledu performansi, tr\u017ei\u0161ne interakcije i prinosa.<\/p>\n<\/div>\n\n\n\n<div class=\"wp-block-column is-layout-flow wp-block-column-is-layout-flow\">\n<p class=\"has-medium-font-size\"><strong>Sudjelovanje na tr\u017ei\u0161tu kao usluga<\/strong> .<\/p>\n\n\n\n<p class=\"has-medium-font-size\">AMS nudi rje\u0161enje po principu &#8220;klju\u010d u ruke&#8221; za sudjelovanje na tr\u017ei\u0161tu. Vlasnici imovine mogu iskoristiti prilike na energetskom tr\u017ei\u0161tu &#8211; bez ulaganja u slo\u017eenu tehnologiju ili infrastrukturu. <\/p>\n<\/div>\n<\/div>\n<\/div><\/div>\n\n<div class=\"wp-block-columns alignfull has-black-background-color has-background is-layout-flex wp-container-core-columns-is-layout-9d6595d7 wp-block-columns-is-layout-flex\">\n<div class=\"wp-block-column is-layout-flow wp-block-column-is-layout-flow\">\n<h2 class=\"wp-block-heading has-text-align-center has-psw-orange-color has-text-color has-link-color has-x-large-font-size wp-elements-36c9afc302b9238f0f3389b5aeed01ea\">Sredi\u0161te imovine<\/h2>\n\n\n\n<div class=\"wp-block-columns is-layout-flex wp-container-core-columns-is-layout-9d6595d7 wp-block-columns-is-layout-flex\">\n<div class=\"wp-block-column is-layout-flow wp-block-column-is-layout-flow\">\n<p class=\"has-white-color has-text-color has-link-color has-medium-font-size wp-elements-e0e5f1e461711623436a018ac30cf408\">Asset Hub je nadzorna plo\u010da imovine prilago\u0111ena va\u0161oj kolekciji imovine. Ovo korisni\u010dko su\u010delje prikazuje klju\u010dne brojke za status i zdravlje imovine, a za neke aplikacije, tr\u017ei\u0161ni podaci i prihodi se vizualiziraju kako bi se dobio potpuni pregled.<\/p>\n<\/div>\n\n\n\n<div class=\"wp-block-column is-layout-flow wp-block-column-is-layout-flow\">\n<p class=\"has-white-color has-text-color has-link-color has-medium-font-size wp-elements-04ae0ae66ad44af21af31d0e716017ec\">Izgled i podatkovna polja \u0107e se razlikovati i ovisiti o vrsti resursa i primjeni. Ovo je prilago\u0111eno kako bi najbolje odgovaralo korisnikovom slu\u010daju.<\/p>\n<\/div>\n\n\n\n<div class=\"wp-block-column is-layout-flow wp-block-column-is-layout-flow\">\n<p class=\"has-white-color has-text-color has-link-color has-medium-font-size wp-elements-2fb54d51e2d680ccf735bef6ccb2ca91\">Asset Hub je web-baziran, tako da nije potrebna instalacija softvera. Po \u017eelji, Asset Hub API dostupan je korisnicima koji ga \u017eele integrirati u vlastite sustave.<\/p>\n<\/div>\n<\/div>\n\n\n\n<figure class=\"wp-block-embed alignwide is-type-video is-provider-youtube wp-block-embed-youtube wp-embed-aspect-16-9 wp-has-aspect-ratio\"><div class=\"wp-block-embed__wrapper\">\n<iframe title=\"Asset Hub Dashboard\" width=\"580\" height=\"326\" src=\"https:\/\/www.youtube.com\/embed\/rPWdpswjRos?feature=oembed\" frameborder=\"0\" allow=\"accelerometer; autoplay; clipboard-write; encrypted-media; gyroscope; picture-in-picture; web-share\" referrerpolicy=\"strict-origin-when-cross-origin\" allowfullscreen><\/iframe>\n<\/div><\/figure>\n<\/div>\n<\/div>\n\n<div class=\"wp-block-columns is-layout-flex wp-container-core-columns-is-layout-9d6595d7 wp-block-columns-is-layout-flex\">\n<div class=\"wp-block-column is-layout-flow wp-block-column-is-layout-flow\">\n<div class=\"wp-block-buttons is-content-justification-center is-layout-flex wp-container-core-buttons-is-layout-16018d1d wp-block-buttons-is-layout-flex\">\n<div class=\"wp-block-button\"><a class=\"wp-block-button__link has-white-color has-psw-orange-background-color has-text-color has-background has-link-color wp-element-button\" href=\"https:\/\/pswpower.no\/downloads\/\">Preuzmite na\u0161 proizvodni list za kontrolu energije<\/a><\/div>\n<\/div>\n<\/div>\n<\/div>\n\n<p><\/p>\n","protected":false},"excerpt":{"rendered":"<p>Za\u0161to je ulaganje u energetsku infrastrukturu va\u017eno sada? Svijet se suo\u010dava s hitnim izazovima: klimatskim promjenama, energetskom sigurno\u0161\u0107u i sve ve\u0107om globalnom konkurencijom. Za rje\u0161avanje tih problema klju\u010dna su ciljana ulaganja u energetsku infrastrukturu. Ona su klju\u010d odr\u017eivog, pouzdanog i budu\u0107nosti spremnog dru\u0161tva. Sredi\u0161te imovine Asset Hub je nadzorna plo\u010da imovine prilago\u0111ena va\u0161oj kolekciji imovine. [&hellip;]<\/p>\n","protected":false},"author":2,"featured_media":1360,"parent":0,"menu_order":1,"comment_status":"closed","ping_status":"closed","template":"","meta":{"_acf_changed":false,"footnotes":""},"class_list":["post-991","page","type-page","status-publish","has-post-thumbnail","hentry"],"acf":[],"jetpack_sharing_enabled":true,"_links":{"self":[{"href":"https:\/\/pswbess.com\/hr\/wp-json\/wp\/v2\/pages\/991","targetHints":{"allow":["GET"]}}],"collection":[{"href":"https:\/\/pswbess.com\/hr\/wp-json\/wp\/v2\/pages"}],"about":[{"href":"https:\/\/pswbess.com\/hr\/wp-json\/wp\/v2\/types\/page"}],"author":[{"embeddable":true,"href":"https:\/\/pswbess.com\/hr\/wp-json\/wp\/v2\/users\/2"}],"replies":[{"embeddable":true,"href":"https:\/\/pswbess.com\/hr\/wp-json\/wp\/v2\/comments?post=991"}],"version-history":[{"count":7,"href":"https:\/\/pswbess.com\/hr\/wp-json\/wp\/v2\/pages\/991\/revisions"}],"predecessor-version":[{"id":2079,"href":"https:\/\/pswbess.com\/hr\/wp-json\/wp\/v2\/pages\/991\/revisions\/2079"}],"wp:featuredmedia":[{"embeddable":true,"href":"https:\/\/pswbess.com\/hr\/wp-json\/wp\/v2\/media\/1360"}],"wp:attachment":[{"href":"https:\/\/pswbess.com\/hr\/wp-json\/wp\/v2\/media?parent=991"}],"curies":[{"name":"wp","href":"https:\/\/api.w.org\/{rel}","templated":true}]}}