{"id":1012,"date":"2025-03-13T07:11:41","date_gmt":"2025-03-13T07:11:41","guid":{"rendered":"https:\/\/pswbess.com\/pecpardosanas-pakalpojumi\/"},"modified":"2025-12-21T03:50:31","modified_gmt":"2025-12-21T03:50:31","slug":"pecpardosanas-pakalpojumi","status":"publish","type":"page","link":"https:\/\/pswbess.com\/lv\/pecpardosanas-pakalpojumi\/","title":{"rendered":"P\u0113cp\u0101rdo\u0161anas pakalpojumi"},"content":{"rendered":"\n<div class=\"wp-block-cover alignfull has-parallax\" style=\"min-height:946px;aspect-ratio:unset;\"><div class=\"wp-block-cover__image-background wp-image-328 has-parallax\" style=\"background-position:50% 50%;background-image:url(https:\/\/pswbess.com\/wp-content\/uploads\/2025\/03\/Energy-Control-1024x558.avif)\"><\/div><span aria-hidden=\"true\" class=\"wp-block-cover__background has-background-dim-80 has-background-dim\"><\/span><div class=\"wp-block-cover__inner-container is-layout-flow wp-block-cover-is-layout-flow\">\n<h2 class=\"wp-block-heading has-text-align-center has-psw-orange-color has-text-color has-link-color has-large-font-size wp-elements-26a869215054f5723f1f6a72677e13d3\">J\u016bsu akt\u012bvi uzticam\u0101s rok\u0101s<\/h2>\n\n\n\n<p class=\"has-text-align-center has-medium-font-size\">Uz\u0146\u0113mum\u0101 PSW viss ir saist\u012bts ar dro\u0161\u012bbu. Pateicoties m\u016bsu padzi\u013cin\u0101taj\u0101m zin\u0101\u0161an\u0101m st\u0101vok\u013ca monitoringa, veiktsp\u0113jas anal\u012bzes, sist\u0113mu projekt\u0113\u0161anas un cit\u0101s jom\u0101s, m\u0113s nodro\u0161in\u0101m dro\u0161u un efekt\u012bvu j\u016bsu akt\u012bvu p\u0101rvald\u012bbu &#8211; gan no tehnisk\u0101, gan komerci\u0101l\u0101, gan finansi\u0101l\u0101 viedok\u013ca. <\/p>\n\n\n\n<h2 class=\"wp-block-heading has-text-align-center has-psw-orange-color has-text-color has-link-color has-large-font-size wp-elements-21ec3ae72fe221a81a05981b9fb15e5c\">Ilgtsp\u0113j\u012bga veiktsp\u0113ja, garant\u0113ta uzticam\u012bba<\/h2>\n\n\n\n<p class=\"has-text-align-center has-medium-font-size\">M\u0113s pagarin\u0101m j\u016bsu akt\u012bvu kalpo\u0161anas laiku, veicot nep\u0101rtrauktu apkopi un m\u0113r\u0137tiec\u012bgus uzlabojumus. T\u0101d\u0113j\u0101di j\u016bsu organiz\u0101cija darbojas maksim\u0101li efekt\u012bvi, ar minim\u0101lu risku &#8211; \u0161odien un r\u012bt. <\/p>\n\n\n\n<div class=\"wp-block-columns is-layout-flex wp-container-core-columns-is-layout-9d6595d7 wp-block-columns-is-layout-flex\">\n<div class=\"wp-block-column is-layout-flow wp-block-column-is-layout-flow\"><div class=\"wp-block-image\">\n<figure class=\"aligncenter size-full\"><img decoding=\"async\" width=\"96\" height=\"96\" src=\"https:\/\/pswbess.com\/wp-content\/uploads\/2025\/03\/Technical_orange.png\" alt=\"\" class=\"wp-image-330\" \/><\/figure>\n<\/div>\n\n\n<h3 class=\"wp-block-heading alignwide has-text-align-center\">Tehnisk\u0101s zin\u0101\u0161anas ilgtsp\u0113j\u012bgas ener\u0123\u0113tikas jom\u0101<\/h3>\n\n\n\n<p class=\"has-text-align-center has-medium-font-size\">M\u0113s nodro\u0161in\u0101m darb\u012bbas izcil\u012bbu un maksim\u0101lu uzticam\u012bbu j\u016bsu ilgtsp\u0113j\u012bgas ener\u0123ijas akt\u012bviem. Izmantojot p\u0101rraudz\u012bbas, tehnisk\u0101s apkopes un in\u017eeniertehniskos risin\u0101jumus, m\u0113s nodro\u0161in\u0101m optim\u0101lu j\u016bsu sist\u0113mu darb\u012bbu tagad un n\u0101kotn\u0113. <\/p>\n<\/div>\n\n\n\n<div class=\"wp-block-column is-layout-flow wp-block-column-is-layout-flow\"><div class=\"wp-block-image\">\n<figure class=\"aligncenter size-full\"><img decoding=\"async\" width=\"96\" height=\"96\" src=\"https:\/\/pswbess.com\/wp-content\/uploads\/2025\/03\/Value_orange.png\" alt=\"\" class=\"wp-image-331\" \/><\/figure>\n<\/div>\n\n\n<h3 class=\"wp-block-heading has-text-align-center\">Komerci\u0101ls ieskats ilgtsp\u0113j\u012bgas v\u0113rt\u012bbas rad\u012b\u0161an\u0101<\/h3>\n\n\n\n<p class=\"has-text-align-center\">M\u0113s pal\u012bdzam jums iev\u0113rot visus attiec\u012bgos noteikumus, mazin\u0101t riskus un maksim\u0101li palielin\u0101t j\u016bsu akt\u012bvu ilgtermi\u0146a neto v\u0113rt\u012bbu. Izmantojot strat\u0113\u0123isku pieeju, m\u0113s nodro\u0161in\u0101m n\u0101kotnes pe\u013c\u0146u un stabilu uz\u0146\u0113m\u0113jdarb\u012bbu. <\/p>\n<\/div>\n\n\n\n<div class=\"wp-block-column is-layout-flow wp-block-column-is-layout-flow\"><div class=\"wp-block-image\">\n<figure class=\"aligncenter size-full\"><img decoding=\"async\" width=\"96\" height=\"96\" src=\"https:\/\/pswbess.com\/wp-content\/uploads\/2025\/03\/Financial_orange.png\" alt=\"\" class=\"wp-image-332\" \/><\/figure>\n<\/div>\n\n\n<h3 class=\"wp-block-heading has-text-align-center\">Finan\u0161u atdeve ar n\u0101kotnes v\u012bziju<\/h3>\n\n\n\n<p class=\"has-text-align-center\">M\u0113s pal\u012bdzam jums optimiz\u0113t pe\u013c\u0146u, p\u0101rvald\u012bt finan\u0161u riskus, nodro\u0161in\u0101t atbilst\u012bbu un likvidit\u0101ti j\u016bsu ilgtsp\u0113j\u012bgas ener\u0123ijas portfel\u012b. Tas nodro\u0161ina, ka j\u016bsu ieguld\u012bjums ir stabils, p\u0101rredzams un ienes\u012bgs gan \u012bstermi\u0146\u0101, gan ilgtermi\u0146\u0101. <\/p>\n<\/div>\n<\/div>\n<\/div><\/div>\n\n<div class=\"wp-block-cover alignfull has-parallax wp-duotone-unset-1\" style=\"min-height:1213px;aspect-ratio:unset;\"><div class=\"wp-block-cover__image-background wp-image-1495 has-parallax\" style=\"background-position:50% 50%;background-image:url(https:\/\/pswpower.no\/wp-content\/uploads\/2024\/12\/Asset-Management.avif)\"><\/div><span aria-hidden=\"true\" class=\"wp-block-cover__background has-black-background-color has-background-dim-80 has-background-dim\"><\/span><div class=\"wp-block-cover__inner-container is-layout-flow wp-block-cover-is-layout-flow\">\n<h2 class=\"wp-block-heading has-text-align-center has-white-color has-text-color has-link-color has-large-font-size wp-elements-861e2e2c96148b9fad1cd9fb104196cf\"><strong>Izmantojot m\u016bsu ekspluat\u0101cijas un tehnisk\u0101s apkopes un pakalpojumu l\u012bme\u0146a l\u012bgumus, m\u0113s nodro\u0161in\u0101m<\/strong>:<\/h2>\n\n\n\n<div class=\"wp-block-group is-layout-grid wp-container-core-group-is-layout-6be84c55 wp-block-group-is-layout-grid\">\n<div class=\"wp-block-group\"><div class=\"wp-block-group__inner-container is-layout-constrained wp-block-group-is-layout-constrained\"><div class=\"wp-block-image\">\n<figure class=\"aligncenter size-full is-resized\"><img decoding=\"async\" src=\"https:\/\/pswpower.no\/wp-content\/uploads\/2024\/12\/check_orange-copy-png.avif\" alt=\"\" class=\"wp-image-1554\" style=\"width:74px\" \/><\/figure>\n<\/div>\n\n\n<p class=\"has-text-align-center has-medium-font-size\">St\u0101vok\u013ca monitorings un SCADA anal\u012bze<\/p>\n<\/div><\/div>\n\n\n\n<div class=\"wp-block-group\"><div class=\"wp-block-group__inner-container is-layout-constrained wp-block-group-is-layout-constrained\"><div class=\"wp-block-image\">\n<figure class=\"aligncenter size-full is-resized\"><img decoding=\"async\" src=\"https:\/\/pswpower.no\/wp-content\/uploads\/2024\/12\/check_orange-copy-png.avif\" alt=\"\" class=\"wp-image-1554\" style=\"width:74px\" \/><\/figure>\n<\/div>\n\n\n<p class=\"has-text-align-center has-medium-font-size\">Jaudas veiktsp\u0113jas anal\u012bze un optimiz\u0101cija<\/p>\n<\/div><\/div>\n\n\n\n<div class=\"wp-block-group\"><div class=\"wp-block-group__inner-container is-layout-constrained wp-block-group-is-layout-constrained\"><div class=\"wp-block-image\">\n<figure class=\"aligncenter size-full is-resized\"><img decoding=\"async\" src=\"https:\/\/pswpower.no\/wp-content\/uploads\/2024\/12\/check_orange-copy-png.avif\" alt=\"\" class=\"wp-image-1554\" style=\"width:74px\" \/><\/figure>\n<\/div>\n\n\n<p class=\"has-text-align-center has-medium-font-size\">24\/7 att\u0101lin\u0101ta uzraudz\u012bba un atbalsts<\/p>\n<\/div><\/div>\n\n\n\n<div class=\"wp-block-group\"><div class=\"wp-block-group__inner-container is-layout-constrained wp-block-group-is-layout-constrained\"><div class=\"wp-block-image\">\n<figure class=\"aligncenter size-full is-resized\"><img decoding=\"async\" src=\"https:\/\/pswpower.no\/wp-content\/uploads\/2024\/12\/check_orange-copy-png.avif\" alt=\"\" class=\"wp-image-1554\" style=\"width:74px\" \/><\/figure>\n<\/div>\n\n\n<p class=\"has-text-align-center has-medium-font-size\">Veiktsp\u0113jas garantijas<\/p>\n<\/div><\/div>\n\n\n\n<div class=\"wp-block-group\"><div class=\"wp-block-group__inner-container is-layout-constrained wp-block-group-is-layout-constrained\"><div class=\"wp-block-image\">\n<figure class=\"aligncenter size-full is-resized\"><img decoding=\"async\" src=\"https:\/\/pswpower.no\/wp-content\/uploads\/2024\/12\/check_orange-copy-png.avif\" alt=\"\" class=\"wp-image-1554\" style=\"width:74px;height:auto\" \/><\/figure>\n<\/div>\n\n\n<p class=\"has-text-align-center has-medium-font-size\">P\u0101rbaudes<\/p>\n<\/div><\/div>\n\n\n\n<div class=\"wp-block-group wp-container-content-2155ee95\"><div class=\"wp-block-group__inner-container is-layout-constrained wp-block-group-is-layout-constrained\"><div class=\"wp-block-image\">\n<figure class=\"aligncenter size-full is-resized\"><img decoding=\"async\" src=\"https:\/\/pswpower.no\/wp-content\/uploads\/2024\/12\/check_orange-copy-png.avif\" alt=\"\" class=\"wp-image-1554\" style=\"width:74px;height:auto\" \/><\/figure>\n<\/div>\n\n\n<p class=\"has-text-align-center has-medium-font-size\">Pl\u0101not\u0101 apkope<\/p>\n<\/div><\/div>\n\n\n\n<div class=\"wp-block-group\"><div class=\"wp-block-group__inner-container is-layout-constrained wp-block-group-is-layout-constrained\"><div class=\"wp-block-image\">\n<figure class=\"aligncenter size-full is-resized\"><img decoding=\"async\" src=\"https:\/\/pswpower.no\/wp-content\/uploads\/2024\/12\/check_orange-copy-png.avif\" alt=\"\" class=\"wp-image-1554\" style=\"width:74px\" \/><\/figure>\n<\/div>\n\n\n<p class=\"has-text-align-center has-medium-font-size\">Nepl\u0101nota apkope<\/p>\n<\/div><\/div>\n\n\n\n<div class=\"wp-block-group\"><div class=\"wp-block-group__inner-container is-layout-constrained wp-block-group-is-layout-constrained\"><div class=\"wp-block-image\">\n<figure class=\"aligncenter size-full is-resized\"><img decoding=\"async\" src=\"https:\/\/pswpower.no\/wp-content\/uploads\/2024\/12\/check_orange-copy-png.avif\" alt=\"\" class=\"wp-image-1554\" style=\"width:74px\" \/><\/figure>\n<\/div>\n\n\n<p class=\"has-text-align-center has-medium-font-size\">Garantijas labojumi<\/p>\n<\/div><\/div>\n\n\n\n<div class=\"wp-block-group\"><div class=\"wp-block-group__inner-container is-layout-constrained wp-block-group-is-layout-constrained\"><div class=\"wp-block-image\">\n<figure class=\"aligncenter size-full is-resized\"><img decoding=\"async\" src=\"https:\/\/pswpower.no\/wp-content\/uploads\/2024\/12\/check_orange-copy-png.avif\" alt=\"\" class=\"wp-image-1554\" style=\"width:74px\" \/><\/figure>\n<\/div>\n\n\n<p class=\"has-text-align-center has-medium-font-size\">Nomai\u0146a<\/p>\n<\/div><\/div>\n\n\n\n<div class=\"wp-block-group\"><div class=\"wp-block-group__inner-container is-layout-constrained wp-block-group-is-layout-constrained\"><div class=\"wp-block-image\">\n<figure class=\"aligncenter size-full is-resized\"><img decoding=\"async\" src=\"https:\/\/pswpower.no\/wp-content\/uploads\/2024\/12\/check_orange-copy-png.avif\" alt=\"\" class=\"wp-image-1554\" style=\"width:74px;height:auto\" \/><\/figure>\n<\/div>\n\n\n<p class=\"has-text-align-center has-medium-font-size\">Rezerves da\u013cu p\u0101rdo\u0161ana un p\u0101rvald\u012bba<\/p>\n<\/div><\/div>\n\n\n\n<div class=\"wp-block-group\"><div class=\"wp-block-group__inner-container is-layout-constrained wp-block-group-is-layout-constrained\"><div class=\"wp-block-image\">\n<figure class=\"aligncenter size-full is-resized\"><img decoding=\"async\" src=\"https:\/\/pswpower.no\/wp-content\/uploads\/2024\/12\/check_orange-copy-png.avif\" alt=\"\" class=\"wp-image-1554\" style=\"width:74px;height:auto\" \/><\/figure>\n<\/div>\n\n\n<p class=\"has-text-align-center has-medium-font-size\">Dz\u012bves cikla p\u0101rvald\u012bba un dz\u012bves cikla pagarin\u0101\u0161ana<\/p>\n<\/div><\/div>\n\n\n\n<div class=\"wp-block-group\"><div class=\"wp-block-group__inner-container is-layout-constrained wp-block-group-is-layout-constrained\"><div class=\"wp-block-image\">\n<figure class=\"aligncenter size-full is-resized\"><img decoding=\"async\" src=\"https:\/\/pswpower.no\/wp-content\/uploads\/2024\/12\/check_orange-copy-png.avif\" alt=\"\" class=\"wp-image-1554\" style=\"width:74px\" \/><\/figure>\n<\/div>\n\n\n<p class=\"has-text-align-center has-medium-font-size\">Dz\u012bves beigu strat\u0113\u0123ija<\/p>\n<\/div><\/div>\n\n\n\n<div class=\"wp-block-group\"><div class=\"wp-block-group__inner-container is-layout-constrained wp-block-group-is-layout-constrained\"><div class=\"wp-block-image\">\n<figure class=\"aligncenter size-full is-resized\"><img decoding=\"async\" src=\"https:\/\/pswpower.no\/wp-content\/uploads\/2024\/12\/check_orange-copy-png.avif\" alt=\"\" class=\"wp-image-1554\" style=\"width:74px\" \/><\/figure>\n<\/div>\n\n\n<p class=\"has-text-align-center has-medium-font-size\">Apm\u0101c\u012bba<\/p>\n<\/div><\/div>\n\n\n\n<div class=\"wp-block-group\"><div class=\"wp-block-group__inner-container is-layout-constrained wp-block-group-is-layout-constrained\"><div class=\"wp-block-image\">\n<figure class=\"aligncenter size-full is-resized\"><img decoding=\"async\" src=\"https:\/\/pswpower.no\/wp-content\/uploads\/2024\/12\/check_orange-copy-png.avif\" alt=\"\" class=\"wp-image-1554\" style=\"width:74px\" \/><\/figure>\n<\/div>\n\n\n<p class=\"has-text-align-center has-medium-font-size\">Akt\u012bvu moderniz\u0101cija un moderniz\u0101cijas kampa\u0146as<\/p>\n<\/div><\/div>\n<\/div>\n<\/div><\/div>\n\n<div class=\"wp-block-cover alignfull has-parallax has-custom-content-position is-position-center-right wp-duotone-unset-2\"><div class=\"wp-block-cover__image-background wp-image-1841 size-large has-parallax\" style=\"background-position:50% 50%;background-image:url(https:\/\/pswbess.com\/wp-content\/uploads\/2025\/08\/Fotograf-Trude-Brun-Wilhelmsen-8955-1024x683.avif)\"><\/div><span aria-hidden=\"true\" class=\"wp-block-cover__background has-black-background-color has-background-dim-60 has-background-dim\"><\/span><div class=\"wp-block-cover__inner-container is-layout-flow wp-block-cover-is-layout-flow\">\n<h2 class=\"wp-block-heading has-text-align-right has-psw-orange-color has-text-color has-link-color has-x-large-font-size wp-elements-c76401d97bc922602b0c2068ad1f4e98\">T\u0101lvad\u012bbas vad\u012bbas centrs<\/h2>\n\n\n\n<p class=\"has-text-align-right has-large-font-size\">M\u016bsu oper\u0101ciju centrs nodro\u0161ina 24\/7 atbalstu akt\u012bvu p\u0101rvald\u012bbai, ekspluat\u0101cijai un apkopei, iev\u0113rojami palielinot j\u016bsu produktivit\u0101ti un efektivit\u0101ti.<\/p>\n\n\n\n<p class=\"has-text-align-right has-large-font-size\">Ar pieredz\u0113ju\u0161u speci\u0101listu komandu &#8211; tostarp j\u016brniec\u012bbas, komun\u0101lo pakalpojumu un akt\u012bvu p\u0101rvald\u012bbas nozar\u0113s &#8211; m\u0113s \u0101tri atkl\u0101jam probl\u0113mas un nekav\u0113joties rea\u0123\u0113jam. Tas samazina ra\u017eo\u0161anas zaud\u0113jumus un nodro\u0161ina optim\u0101lu j\u016bsu organiz\u0101cijas darb\u012bbu. <\/p>\n<\/div><\/div>\n\n<div class=\"wp-block-cover alignfull has-parallax has-custom-content-position is-position-center-left has-white-color has-text-color has-link-color wp-elements-78319fa23a75ebaceab1ab104a76fc98 wp-duotone-unset-3\"><div role=\"img\" aria-label=\"Engineer operating energy storage system\" class=\"wp-block-cover__image-background wp-image-1396 has-parallax\" style=\"background-position:50% 50%;background-image:url(https:\/\/pswpower.no\/wp-content\/uploads\/2024\/11\/DSC06416-scaled.avif)\"><\/div><span aria-hidden=\"true\" class=\"wp-block-cover__background has-black-background-color has-background-dim-60 has-background-dim\"><\/span><div class=\"wp-block-cover__inner-container is-layout-flow wp-block-cover-is-layout-flow\">\n<p class=\"has-text-align-left has-psw-orange-color has-text-color has-link-color has-x-large-font-size wp-elements-c79d60079343b0f36a3dc2a20d297bd3\"><strong>Pakalpojumi uz vietas<\/strong><\/p>\n\n\n\n<p class=\"has-text-align-left has-large-font-size\">M\u016bsu in\u017eenieri un tehniskie speci\u0101listi nodro\u0161ina augstas kvalit\u0101tes atbalstu uz vietas, koncentr\u0113joties uz darb\u012bbas nep\u0101rtraukt\u012bbu un efekt\u012bvu j\u016bsu ener\u0123\u0113tikas risin\u0101jumu uztur\u0113\u0161anu.<\/p>\n\n\n\n<p class=\"has-large-font-size\">R\u016bp\u012bgi r\u016bp\u0113joties par veiktsp\u0113ju, m\u0113s sniedzam konkur\u0113tsp\u0113j\u012bgus un visaptvero\u0161us pakalpojumus, kas paredz\u0113ti ie\u0146\u0113mumu palielin\u0101\u0161anai un izmaksu samazin\u0101\u0161anai, neapdraudot kvalit\u0101ti un dro\u0161\u012bbu.<\/p>\n\n\n\n<p class=\"has-text-align-left has-large-font-size\">M\u016bsu b\u016bvlaukuma vad\u012bbas komandas nodro\u0161ina netrauc\u0113tu un dro\u0161u darb\u012bbu, veicot r\u016bp\u012bgu uzraudz\u012bbu, gudri sadalot resursus un stingri iev\u0113rojot vesel\u012bbas, dro\u0161\u012bbas un vides aizsardz\u012bbas (HSEQ) standartus.<\/p>\n\n\n\n<div class=\"wp-block-columns alignwide is-layout-flex wp-container-core-columns-is-layout-9d6595d7 wp-block-columns-is-layout-flex\">\n<div class=\"wp-block-column is-layout-flow wp-block-column-is-layout-flow\"><\/div>\n\n\n\n<div class=\"wp-block-column is-layout-flow wp-block-column-is-layout-flow\"><\/div>\n\n\n\n<div class=\"wp-block-column is-layout-flow wp-block-column-is-layout-flow\"><\/div>\n<\/div>\n<\/div><\/div>\n\n<div class=\"wp-block-columns alignfull has-psw-orange-background-color has-background is-layout-flex wp-container-core-columns-is-layout-9d6595d7 wp-block-columns-is-layout-flex\">\n<div class=\"wp-block-column is-layout-flow wp-block-column-is-layout-flow\"><div class=\"wp-block-image\">\n<figure class=\"aligncenter size-full\"><img decoding=\"async\" src=\"https:\/\/pswpower.no\/wp-content\/uploads\/2024\/11\/update.png\" alt=\"\" class=\"wp-image-1380\" \/><\/figure>\n<\/div>\n\n\n<h2 class=\"wp-block-heading has-text-align-center has-white-color has-text-color has-link-color has-x-large-font-size wp-elements-f4bf1fe4973b5b41d7b71ed0bec2036f\">Atk\u0101rtota izmanto\u0161ana: jauna jauda j\u016bsu akt\u012bviem<\/h2>\n\n\n\n<div class=\"wp-block-columns is-layout-flex wp-container-core-columns-is-layout-9d6595d7 wp-block-columns-is-layout-flex\">\n<div class=\"wp-block-column is-layout-flow wp-block-column-is-layout-flow\">\n<p class=\"has-white-color has-text-color has-link-color has-medium-font-size wp-elements-8697256cf33538a5377ab5463378ff2c\">M\u0113s izstr\u0101d\u0101jam un ievie\u0161am piel\u0101gotu strat\u0113\u0123iju, kas nodro\u0161ina j\u016bsu akt\u012bvu v\u0113rt\u012bbu n\u0101kotn\u0113. T\u0101d\u0113j\u0101di j\u016bs g\u016bsiet maksim\u0101lu labumu no saviem ener\u0123\u0113tikas projektiem &#8211; pat p\u0113c to s\u0101kotn\u0113j\u0101 kalpo\u0161anas laika beig\u0101m. <\/p>\n<\/div>\n\n\n\n<div class=\"wp-block-column is-layout-flow wp-block-column-is-layout-flow\">\n<p class=\"has-white-color has-text-color has-link-color has-medium-font-size wp-elements-c1adf3afec4a15f1c96a960d14ba4053\">M\u016bsu komanda cie\u0161i sadarbojas ar jums, lai noteiktu lab\u0101ko pieeju, k\u0101 palielin\u0101t ener\u0123ijas ra\u017eo\u0161anu un pagarin\u0101t iek\u0101rtu kalpo\u0161anas laiku.<\/p>\n<\/div>\n\n\n\n<div class=\"wp-block-column is-layout-flow wp-block-column-is-layout-flow\">\n<p class=\"has-white-color has-text-color has-link-color has-medium-font-size wp-elements-72c3a208deb697483ddbc562c2865374\">Izmantojot modern\u0101k\u0101s tehnolo\u0123ijas, m\u0113s joproj\u0101m esam nozares l\u012bderi. M\u0113s nodro\u0161in\u0101m, ka j\u016bsu akt\u012bvi kalpo ilg\u0101k, un, samazinot atkritumu daudzumu, veicin\u0101m videi draudz\u012bg\u0101ku un ilgtsp\u0113j\u012bg\u0101ku n\u0101kotni. <\/p>\n<\/div>\n<\/div>\n<\/div>\n<\/div>\n\n<div class=\"wp-block-buttons is-content-justification-center is-layout-flex wp-container-core-buttons-is-layout-16018d1d wp-block-buttons-is-layout-flex\">\n<div class=\"wp-block-button\"><a class=\"wp-block-button__link has-white-color has-psw-orange-background-color has-text-color has-background has-link-color wp-element-button\" href=\"https:\/\/pswpower.no\/downloads\/\">Lejupiel\u0101d\u0113jiet m\u016bsu produktu lapu par p\u0113cp\u0101rdo\u0161anas pakalpojumiem<\/a><\/div>\n<\/div>\n\n<p><\/p>\n","protected":false},"excerpt":{"rendered":"<p>Atk\u0101rtota izmanto\u0161ana: jauna jauda j\u016bsu akt\u012bviem M\u0113s izstr\u0101d\u0101jam un ievie\u0161am piel\u0101gotu strat\u0113\u0123iju, kas nodro\u0161ina j\u016bsu akt\u012bvu v\u0113rt\u012bbu n\u0101kotn\u0113. T\u0101d\u0113j\u0101di j\u016bs g\u016bsiet maksim\u0101lu labumu no saviem ener\u0123\u0113tikas projektiem &#8211; pat p\u0113c to s\u0101kotn\u0113j\u0101 kalpo\u0161anas laika beig\u0101m. M\u016bsu komanda cie\u0161i sadarbojas ar jums, lai noteiktu lab\u0101ko pieeju, k\u0101 palielin\u0101t ener\u0123ijas ra\u017eo\u0161anu un pagarin\u0101t iek\u0101rtu kalpo\u0161anas laiku. Izmantojot [&hellip;]<\/p>\n","protected":false},"author":2,"featured_media":0,"parent":0,"menu_order":5,"comment_status":"closed","ping_status":"closed","template":"","meta":{"_acf_changed":false,"footnotes":""},"class_list":["post-1012","page","type-page","status-publish","hentry"],"acf":[],"jetpack_sharing_enabled":true,"_links":{"self":[{"href":"https:\/\/pswbess.com\/lv\/wp-json\/wp\/v2\/pages\/1012","targetHints":{"allow":["GET"]}}],"collection":[{"href":"https:\/\/pswbess.com\/lv\/wp-json\/wp\/v2\/pages"}],"about":[{"href":"https:\/\/pswbess.com\/lv\/wp-json\/wp\/v2\/types\/page"}],"author":[{"embeddable":true,"href":"https:\/\/pswbess.com\/lv\/wp-json\/wp\/v2\/users\/2"}],"replies":[{"embeddable":true,"href":"https:\/\/pswbess.com\/lv\/wp-json\/wp\/v2\/comments?post=1012"}],"version-history":[{"count":5,"href":"https:\/\/pswbess.com\/lv\/wp-json\/wp\/v2\/pages\/1012\/revisions"}],"predecessor-version":[{"id":2223,"href":"https:\/\/pswbess.com\/lv\/wp-json\/wp\/v2\/pages\/1012\/revisions\/2223"}],"wp:attachment":[{"href":"https:\/\/pswbess.com\/lv\/wp-json\/wp\/v2\/media?parent=1012"}],"curies":[{"name":"wp","href":"https:\/\/api.w.org\/{rel}","templated":true}]}}