{"id":1019,"date":"2025-03-13T06:55:19","date_gmt":"2025-03-13T06:55:19","guid":{"rendered":"https:\/\/pswbess.com\/hseq\/"},"modified":"2025-11-09T03:45:24","modified_gmt":"2025-11-09T03:45:24","slug":"hseq","status":"publish","type":"page","link":"https:\/\/pswbess.com\/lv\/hseq\/","title":{"rendered":"HSEQ"},"content":{"rendered":"\n<p>Kvalit\u0101te, vesel\u012bba, dro\u0161\u012bba, vesel\u012bbas aizsardz\u012bba un vide ir b\u016btiska visu PSW darb\u012bbu sast\u0101vda\u013ca, un m\u016bsu m\u0113r\u0137is ir veicin\u0101t ilgtsp\u0113j\u012bgu att\u012bst\u012bbu, str\u0101d\u0101jot saska\u0146\u0101 ar ANO ilgtsp\u0113j\u012bgas att\u012bst\u012bbas m\u0113r\u0137iem (SDG).<\/p>\n\n<p>M\u016bsu m\u0113r\u0137is ir:<\/p>\n\n<ul class=\"wp-block-list\">\n<li>Iev\u0113rot visus piem\u0113rojamos darba dro\u0161\u012bbas, vesel\u012bbas, dro\u0161\u012bbas un darba aizsardz\u012bbas likumus, noteikumus un nozares pras\u012bbas, kas saist\u012btas ar m\u016bsu darba aktivit\u0101t\u0113m katr\u0101 \u0123eogr\u0101fiskaj\u0101 viet\u0101, kur m\u0113s darbojamies.<\/li>\n\n\n\n<li>Nav kait\u0113juma person\u0101lam un apr\u012bkojumam<\/li>\n\n\n\n<li>Veicin\u0101t labu vesel\u012bbas apr\u016bpi visiem m\u016bsu darbiniekiem un nov\u0113rst arodslim\u012bbas.<\/li>\n\n\n\n<li>Nek\u0101du nopl\u016b\u017eu un vienm\u0113r cen\u0161amies samazin\u0101t ietekmi uz vidi vis\u0101, ko dar\u0101m.<\/li>\n\n\n\n<li>Nep\u0101rtraukti p\u0101rskat\u012bt un uzlabot m\u016bsu produktus un pakalpojumus visos uz\u0146\u0113m\u0113jdarb\u012bbas aspektos.<\/li>\n\n\n\n<li>Nov\u0113rst visus negad\u012bjumus, starpgad\u012bjumus un ievainojumus.<\/li>\n\n\n\n<li>B\u016bt vado\u0161ajam uz\u0146\u0113mumam kvalit\u0101tes, vesel\u012bbas, dro\u0161\u012bbas un vides jaut\u0101jumos. Riska p\u0101rvald\u012bba ir b\u016btiska m\u016bsu ikdienas darb\u012bbas sast\u0101vda\u013ca. <\/li>\n<\/ul>\n<div class=\"wp-block-image\">\n<figure class=\"aligncenter\"><img decoding=\"async\" src=\"https:\/\/pswpower.no\/wp-content\/uploads\/2024\/03\/ManagementSysCert_ISO9001_14001_45001_col.png\" alt=\"logo ISO vad&#x12B;bas sist&#x113;mas sertifik&#x101;cija\" class=\"wp-image-644\" \/><\/figure>\n<\/div>","protected":false},"excerpt":{"rendered":"<p>Kvalit\u0101te, vesel\u012bba, dro\u0161\u012bba, vesel\u012bbas aizsardz\u012bba un vide ir b\u016btiska visu PSW darb\u012bbu sast\u0101vda\u013ca, un m\u016bsu m\u0113r\u0137is ir veicin\u0101t ilgtsp\u0113j\u012bgu att\u012bst\u012bbu, str\u0101d\u0101jot saska\u0146\u0101 ar ANO ilgtsp\u0113j\u012bgas att\u012bst\u012bbas m\u0113r\u0137iem (SDG). M\u016bsu m\u0113r\u0137is ir:<\/p>\n","protected":false},"author":2,"featured_media":587,"parent":0,"menu_order":22,"comment_status":"closed","ping_status":"closed","template":"","meta":{"_acf_changed":false,"footnotes":""},"class_list":["post-1019","page","type-page","status-publish","has-post-thumbnail","hentry"],"acf":[],"jetpack_sharing_enabled":true,"_links":{"self":[{"href":"https:\/\/pswbess.com\/lv\/wp-json\/wp\/v2\/pages\/1019","targetHints":{"allow":["GET"]}}],"collection":[{"href":"https:\/\/pswbess.com\/lv\/wp-json\/wp\/v2\/pages"}],"about":[{"href":"https:\/\/pswbess.com\/lv\/wp-json\/wp\/v2\/types\/page"}],"author":[{"embeddable":true,"href":"https:\/\/pswbess.com\/lv\/wp-json\/wp\/v2\/users\/2"}],"replies":[{"embeddable":true,"href":"https:\/\/pswbess.com\/lv\/wp-json\/wp\/v2\/comments?post=1019"}],"version-history":[{"count":2,"href":"https:\/\/pswbess.com\/lv\/wp-json\/wp\/v2\/pages\/1019\/revisions"}],"predecessor-version":[{"id":2205,"href":"https:\/\/pswbess.com\/lv\/wp-json\/wp\/v2\/pages\/1019\/revisions\/2205"}],"wp:featuredmedia":[{"embeddable":true,"href":"https:\/\/pswbess.com\/lv\/wp-json\/wp\/v2\/media\/587"}],"wp:attachment":[{"href":"https:\/\/pswbess.com\/lv\/wp-json\/wp\/v2\/media?parent=1019"}],"curies":[{"name":"wp","href":"https:\/\/api.w.org\/{rel}","templated":true}]}}