{"id":1055,"date":"2025-03-10T13:57:32","date_gmt":"2025-03-10T13:57:32","guid":{"rendered":"https:\/\/pswbess.com\/uznemums\/"},"modified":"2025-09-12T06:58:56","modified_gmt":"2025-09-12T06:58:56","slug":"uznemums","status":"publish","type":"page","link":"https:\/\/pswbess.com\/lv\/uznemums\/","title":{"rendered":"Uz\u0146\u0113mums"},"content":{"rendered":"\n<p>PSW Power &amp; Automation pied\u0101v\u0101 piln\u012bgus risin\u0101jumus elektrifik\u0101cijai un ilgtsp\u0113j\u012bgai ener\u0123ijai. M\u0113s specializ\u0113jamies: <\/p>\n\n<ul class=\"wp-block-list\">\n<li>Elektroener\u0123ijas sist\u0113mas<\/li>\n\n\n\n<li>Elektrisk\u0101 infrastrukt\u016bra<\/li>\n\n\n\n<li>Ener\u0123ijas uzglab\u0101\u0161anas sist\u0113mas<\/li>\n\n\n\n<li>Vad\u012bbas sist\u0113mas<\/li>\n<\/ul>\n\n<p>Izmantojot m\u016bsu tehnisk\u0101s zin\u0101\u0161anas un t\u0101lredz\u012bgo pieeju, m\u0113s pal\u012bdzam organiz\u0101cij\u0101m \u012bstenot uzticamus, efekt\u012bvus un ilgtsp\u0113j\u012bgus ener\u0123\u0113tikas risin\u0101jumus.<\/p>\n","protected":false},"excerpt":{"rendered":"<p>PSW Power &amp; Automation pied\u0101v\u0101 piln\u012bgus risin\u0101jumus elektrifik\u0101cijai un ilgtsp\u0113j\u012bgai ener\u0123ijai.<\/p>\n","protected":false},"author":1,"featured_media":443,"parent":0,"menu_order":10,"comment_status":"closed","ping_status":"closed","template":"page-about.php","meta":{"_acf_changed":false,"footnotes":""},"class_list":["post-1055","page","type-page","status-publish","has-post-thumbnail","hentry"],"acf":[],"jetpack_sharing_enabled":true,"_links":{"self":[{"href":"https:\/\/pswbess.com\/lv\/wp-json\/wp\/v2\/pages\/1055","targetHints":{"allow":["GET"]}}],"collection":[{"href":"https:\/\/pswbess.com\/lv\/wp-json\/wp\/v2\/pages"}],"about":[{"href":"https:\/\/pswbess.com\/lv\/wp-json\/wp\/v2\/types\/page"}],"author":[{"embeddable":true,"href":"https:\/\/pswbess.com\/lv\/wp-json\/wp\/v2\/users\/1"}],"replies":[{"embeddable":true,"href":"https:\/\/pswbess.com\/lv\/wp-json\/wp\/v2\/comments?post=1055"}],"version-history":[{"count":4,"href":"https:\/\/pswbess.com\/lv\/wp-json\/wp\/v2\/pages\/1055\/revisions"}],"predecessor-version":[{"id":2076,"href":"https:\/\/pswbess.com\/lv\/wp-json\/wp\/v2\/pages\/1055\/revisions\/2076"}],"wp:featuredmedia":[{"embeddable":true,"href":"https:\/\/pswbess.com\/lv\/wp-json\/wp\/v2\/media\/443"}],"wp:attachment":[{"href":"https:\/\/pswbess.com\/lv\/wp-json\/wp\/v2\/media?parent=1055"}],"curies":[{"name":"wp","href":"https:\/\/api.w.org\/{rel}","templated":true}]}}