{"id":1060,"date":"2025-03-10T13:57:47","date_gmt":"2025-03-10T13:57:47","guid":{"rendered":"https:\/\/pswbess.com\/ilgtspeja\/"},"modified":"2026-01-27T08:56:50","modified_gmt":"2026-01-27T08:56:50","slug":"ilgtspeja","status":"publish","type":"page","link":"https:\/\/pswbess.com\/lv\/ilgtspeja\/","title":{"rendered":"Ilgtsp\u0113ja"},"content":{"rendered":"\n<h2 class=\"wp-block-heading has-x-large-font-size\">Ener\u0123ija ilgtsp\u0113j\u012bgai n\u0101kotnei<\/h2>\n\n<p>PSW Power &amp; Automation pa\u0101trina glob\u0101lo ener\u0123\u0113tikas p\u0101reju ar inovat\u012bviem elektrifik\u0101cijas risin\u0101jumiem, kas aizst\u0101j fosilo kurin\u0101mo. M\u016bsu tehnolo\u0123ijas \u013cauj nozar\u0113m efekt\u012bvi integr\u0113t atjaunojamo ener\u0123iju un samazin\u0101t ietekmi uz vidi. <\/p>\n\n<p>Ko m\u0113s dar\u0101m:<\/p>\n\n<ul class=\"wp-block-list\">\n<li>Ener\u0123ijas uzglab\u0101\u0161ana &#8211; stacion\u0101ri un mobili risin\u0101jumi t\u012bkla stabiliz\u0101cijai un pagaidu infrastrukt\u016brai<\/li>\n\n\n\n<li>Elektroapg\u0101de un uzl\u0101de uz sauszemes &#8211; Ku\u0123u rad\u012bto emisiju samazin\u0101\u0161ana ost\u0101s un j\u016br\u0101<\/li>\n\n\n\n<li>Vied\u0101 ener\u0123ijas p\u0101rvald\u012bba &#8211; efektivit\u0101tes optimiz\u0101cija, izmantojot inteli\u0123ento ener\u0123ijas p\u0101rvald\u012bbu<\/li>\n<\/ul>\n\n<h3 class=\"wp-block-heading\">Ilgtsp\u0113ja un aprites ekonomika<\/h3>\n\n<p>M\u0113s esam ap\u0146\u0113mu\u0161ies iev\u0113rot Ilgtsp\u0113j\u012bgas att\u012bst\u012bbas m\u0113r\u0137us ( SDG ) un Apvienoto N\u0101ciju Organiz\u0101cijas ESG principus. Tas atspogu\u013cojas m\u016bsu produktos, procesos un pieg\u0101des \u0137\u0113d\u0113. M\u0113s izv\u0113lamies atbild\u012bgu un resursefekt\u012bvu pieeju elektrifik\u0101cijai &#8211; no oglek\u013ca dioks\u012bda p\u0113das nov\u0113rt\u0113juma l\u012bdz akumulatoru otrreiz\u0113jai p\u0101rstr\u0101dei ar &gt; 90 % re\u0123ener\u0101ciju.  <\/p>\n\n<h3 class=\"wp-block-heading\">P\u0101rredzam\u012bba un \u0113tika \u0137\u0113d\u0113<\/h3>\n\n<p>M\u0113s garant\u0113jam \u0113tisku un p\u0101rredzamu pieg\u0101des \u0137\u0113di:<\/p>\n\n<ul class=\"wp-block-list\">\n<li>Izejvielu izseko\u0161ana<\/li>\n\n\n\n<li>Atbilst\u012bba cilv\u0113kties\u012bbu standartiem<\/li>\n\n\n\n<li>Stingri kvalit\u0101tes un dro\u0161\u012bbas standarti m\u016bsu akumulatoru risin\u0101jumos<\/li>\n<\/ul>\n\n<figure class=\"wp-block-embed is-type-video is-provider-youtube wp-block-embed-youtube wp-embed-aspect-16-9 wp-has-aspect-ratio\"><div class=\"wp-block-embed__wrapper\">\n<iframe title=\"ESG and SDG - A powerful synergy\" width=\"580\" height=\"326\" src=\"https:\/\/www.youtube.com\/embed\/wZFYo91wIYY?feature=oembed\" frameborder=\"0\" allow=\"accelerometer; autoplay; clipboard-write; encrypted-media; gyroscope; picture-in-picture; web-share\" referrerpolicy=\"strict-origin-when-cross-origin\" allowfullscreen><\/iframe>\n<\/div><\/figure>\n","protected":false},"excerpt":{"rendered":"<p>Ener\u0123ija ilgtsp\u0113j\u012bgai n\u0101kotnei PSW Power &amp; Automation pa\u0101trina glob\u0101lo ener\u0123\u0113tikas p\u0101reju ar inovat\u012bviem elektrifik\u0101cijas risin\u0101jumiem, kas aizst\u0101j fosilo kurin\u0101mo. M\u016bsu tehnolo\u0123ijas \u013cauj nozar\u0113m efekt\u012bvi integr\u0113t atjaunojamo ener\u0123iju un samazin\u0101t ietekmi uz vidi. Ko m\u0113s dar\u0101m: Ilgtsp\u0113ja un aprites ekonomika M\u0113s esam ap\u0146\u0113mu\u0161ies iev\u0113rot Ilgtsp\u0113j\u012bgas att\u012bst\u012bbas m\u0113r\u0137us ( SDG ) un Apvienoto N\u0101ciju Organiz\u0101cijas ESG principus. [&hellip;]<\/p>\n","protected":false},"author":1,"featured_media":0,"parent":0,"menu_order":20,"comment_status":"closed","ping_status":"closed","template":"","meta":{"_acf_changed":false,"footnotes":""},"class_list":["post-1060","page","type-page","status-publish","hentry"],"acf":[],"jetpack_sharing_enabled":true,"_links":{"self":[{"href":"https:\/\/pswbess.com\/lv\/wp-json\/wp\/v2\/pages\/1060","targetHints":{"allow":["GET"]}}],"collection":[{"href":"https:\/\/pswbess.com\/lv\/wp-json\/wp\/v2\/pages"}],"about":[{"href":"https:\/\/pswbess.com\/lv\/wp-json\/wp\/v2\/types\/page"}],"author":[{"embeddable":true,"href":"https:\/\/pswbess.com\/lv\/wp-json\/wp\/v2\/users\/1"}],"replies":[{"embeddable":true,"href":"https:\/\/pswbess.com\/lv\/wp-json\/wp\/v2\/comments?post=1060"}],"version-history":[{"count":2,"href":"https:\/\/pswbess.com\/lv\/wp-json\/wp\/v2\/pages\/1060\/revisions"}],"predecessor-version":[{"id":2042,"href":"https:\/\/pswbess.com\/lv\/wp-json\/wp\/v2\/pages\/1060\/revisions\/2042"}],"wp:attachment":[{"href":"https:\/\/pswbess.com\/lv\/wp-json\/wp\/v2\/media?parent=1060"}],"curies":[{"name":"wp","href":"https:\/\/api.w.org\/{rel}","templated":true}]}}