{"id":985,"date":"2025-03-14T09:07:38","date_gmt":"2025-03-14T09:07:38","guid":{"rendered":"https:\/\/pswbess.com\/energijas-kontrole\/"},"modified":"2026-04-08T03:52:48","modified_gmt":"2026-04-08T03:52:48","slug":"energijas-kontrole","status":"publish","type":"page","link":"https:\/\/pswbess.com\/lv\/energijas-kontrole\/","title":{"rendered":"Ener\u0123ijas kontrole"},"content":{"rendered":"\n<div class=\"wp-block-cover alignfull has-parallax\" style=\"min-height:882px;aspect-ratio:unset;\"><div class=\"wp-block-cover__image-background wp-image-398 has-parallax\" style=\"background-position:50% 50%;background-image:url(https:\/\/pswbess.com\/wp-content\/uploads\/2025\/03\/Render_EC_Beauty_orignal-png.avif)\"><\/div><span aria-hidden=\"true\" class=\"wp-block-cover__background has-black-background-color has-background-dim-40 has-background-dim\"><\/span><div class=\"wp-block-cover__inner-container is-layout-flow wp-block-cover-is-layout-flow\">\n<h2 class=\"wp-block-heading has-text-align-center has-large-font-size\">Progresa sp\u0113ks<\/h2>\n\n\n\n<p class=\"has-text-align-center has-large-font-size\">M\u016bsdienu sabiedr\u012bbai ir \u013coti svar\u012bga uzticama ener\u0123\u0113tikas infrastrukt\u016bra. T\u0101 veido pamatu ener\u0123ijas ra\u017eo\u0161anai, p\u0101rvadei un sadalei, atbalstot cilv\u0113ku, uz\u0146\u0113mumu un ekonomikas daudzveid\u012bg\u0101s vajadz\u012bbas vis\u0101 pasaul\u0113. Bez \u0161\u012b pamata progress burtiski apst\u0101jas.  <\/p>\n\n\n\n<div class=\"wp-block-columns is-layout-flex wp-container-core-columns-is-layout-9d6595d7 wp-block-columns-is-layout-flex\">\n<div class=\"wp-block-column is-vertically-aligned-center is-layout-flow wp-block-column-is-layout-flow\"><div class=\"wp-block-image\">\n<figure class=\"aligncenter size-full is-resized\"><img decoding=\"async\" src=\"https:\/\/pswpower.no\/wp-content\/uploads\/2024\/02\/grid_orange-copy.png\" alt=\"\" class=\"wp-image-504\" style=\"width:146px;height:auto\" \/><\/figure>\n<\/div>\n\n\n<div class=\"wp-block-columns is-layout-flex wp-container-core-columns-is-layout-9d6595d7 wp-block-columns-is-layout-flex\">\n<div class=\"wp-block-column is-layout-flow wp-block-column-is-layout-flow\"><div class=\"wp-block-image\">\n<figure class=\"aligncenter size-full is-resized\"><img decoding=\"async\" src=\"https:\/\/pswpower.no\/wp-content\/uploads\/2024\/02\/charging_oragne.png\" alt=\"\" class=\"wp-image-624\" style=\"width:156px;height:auto\" \/><\/figure>\n<\/div><\/div>\n<\/div>\n<\/div>\n\n\n\n<div class=\"wp-block-column is-layout-flow wp-block-column-is-layout-flow\"><div class=\"wp-block-image\">\n<figure class=\"aligncenter size-full is-resized\"><img decoding=\"async\" src=\"https:\/\/pswpower.no\/wp-content\/uploads\/2024\/02\/solar_orange.png\" alt=\"\" class=\"wp-image-626\" style=\"width:141px;height:auto\" \/><\/figure>\n<\/div>\n\n\n<div class=\"wp-block-columns is-layout-flex wp-container-core-columns-is-layout-9d6595d7 wp-block-columns-is-layout-flex\">\n<div class=\"wp-block-column is-layout-flow wp-block-column-is-layout-flow\"><div class=\"wp-block-image\">\n<figure class=\"aligncenter size-full is-resized\"><img decoding=\"async\" src=\"https:\/\/pswpower.no\/wp-content\/uploads\/2024\/03\/battery_orange-copy.png\" alt=\"\" class=\"wp-image-623\" style=\"width:143px;height:auto\" \/><\/figure>\n<\/div><\/div>\n<\/div>\n<\/div>\n\n\n\n<div class=\"wp-block-column is-layout-flow wp-block-column-is-layout-flow\"><div class=\"wp-block-image\">\n<figure class=\"aligncenter size-full is-resized\"><img decoding=\"async\" src=\"https:\/\/pswpower.no\/wp-content\/uploads\/2024\/02\/wind_organe.png\" alt=\"\" class=\"wp-image-622\" style=\"width:142px;height:auto\" \/><\/figure>\n<\/div>\n\n\n<div class=\"wp-block-columns is-layout-flex wp-container-core-columns-is-layout-9d6595d7 wp-block-columns-is-layout-flex\">\n<div class=\"wp-block-column is-layout-flow wp-block-column-is-layout-flow\"><div class=\"wp-block-image\">\n<figure class=\"aligncenter size-full is-resized\"><img decoding=\"async\" src=\"https:\/\/pswpower.no\/wp-content\/uploads\/2024\/04\/shore-power.png\" alt=\"\" class=\"wp-image-1091\" style=\"width:98px;height:auto\" \/><\/figure>\n<\/div><\/div>\n<\/div>\n<\/div>\n<\/div>\n<\/div><\/div>\n\n<figure class=\"wp-block-pullquote has-psw-orange-color has-text-color has-link-color has-large-font-size wp-elements-c931844f9b5c2bc54b8d943786e46a5a\"><blockquote><p>K\u0101p\u0113c invest\u012bcijas ener\u0123\u0113tikas infrastrukt\u016br\u0101 ir svar\u012bgas tie\u0161i tagad?<br \/><br \/>Pasaule saskaras ar neatliekamiem izaicin\u0101jumiem: klimata p\u0101rmai\u0146as, energoapg\u0101des dro\u0161\u012bba un pieaugo\u0161\u0101 glob\u0101l\u0101 konkurence. Lai tos risin\u0101tu, ir b\u016btiski m\u0113r\u0137tiec\u012bgi ieguld\u012bt energoinfrastrukt\u016br\u0101. Tie ir atsl\u0113ga uz ilgtsp\u0113j\u012bgu, uzticamu un n\u0101kotn\u0113 dro\u0161u sabiedr\u012bbu.  <\/p><\/blockquote><\/figure>\n\n<div class=\"wp-block-cover alignfull has-parallax\" style=\"min-height:1985px;aspect-ratio:unset;\"><div class=\"wp-block-cover__image-background wp-image-913 has-parallax\" style=\"background-position:50% 50%;background-image:url(https:\/\/pswpower.no\/wp-content\/uploads\/2024\/02\/IMG_2738_redigert-scaled.webp)\"><\/div><span aria-hidden=\"true\" class=\"wp-block-cover__background has-background-dim\"><\/span><div class=\"wp-block-cover__inner-container is-layout-flow wp-block-cover-is-layout-flow\">\n<h1 class=\"wp-block-heading has-text-align-left has-x-large-font-size\"><strong>Viedo t\u012bklu tehnolo\u0123ija<\/strong> &#8211; <strong>ilgtsp\u0113j\u012bgas ener\u0123ijas atsl\u0113ga<\/strong><\/h1>\n\n\n\n<p class=\"has-text-align-left has-large-font-size\">Atjaunojamo energoresursu integr\u0101cijai ir nepiecie\u0161ami gudri risin\u0101jumi. PSW koncentr\u0113jas uz modern\u0101m t\u012bkla tehnolo\u0123ij\u0101m, kas efekt\u012bvi un re\u0101llaik\u0101 p\u0101rvalda elektroener\u0123iju. Pateicoties sensoriem, sakaru t\u012bkliem un inteli\u0123ent\u0101m vad\u012bbas sist\u0113m\u0101m, viedie t\u012bkli optim\u0101li koordin\u0113 ra\u017eo\u0161anu, sadali un pat\u0113ri\u0146u.  <\/p>\n\n\n\n<p class=\"has-text-align-left has-large-font-size\">Izmantojot prognoz\u0113\u0161anas algoritmus, t\u012bkla operatori var prec\u012bzi nov\u0113rt\u0113t atjaunojamo ener\u0123ijas avotu sv\u0101rst\u012bbas un proakt\u012bvi piel\u0101got ener\u0123ijas pl\u016bsmas. T\u0101d\u0113j\u0101di tiek samazin\u0101ti p\u0101rtraukumi un maksim\u0101li palielin\u0101ti pieejamie energoresursi &#8211; stabil\u0101ks un ilgtsp\u0113j\u012bg\u0101ks elektrot\u012bkls. <\/p>\n<\/div><\/div>\n\n<div class=\"wp-block-cover alignfull\"><img decoding=\"async\" class=\"wp-block-cover__image-background wp-image-1112\" alt=\"Energy management system\" src=\"https:\/\/pswpower.no\/wp-content\/uploads\/2024\/05\/shutterstock_1617365701_cropped-scaled.webp\" data-object-fit=\"cover\" \/><span aria-hidden=\"true\" class=\"wp-block-cover__background has-background-dim-70 has-background-dim\"><\/span><div class=\"wp-block-cover__inner-container is-layout-flow wp-block-cover-is-layout-flow\">\n<p class=\"has-text-align-center has-x-large-font-size\">Inteli\u0123enta ener\u0123ijas p\u0101rvald\u012bba ar EMS<\/p>\n\n\n\n<div class=\"wp-block-columns is-layout-flex wp-container-core-columns-is-layout-9d6595d7 wp-block-columns-is-layout-flex\">\n<div class=\"wp-block-column is-layout-flow wp-block-column-is-layout-flow\">\n<p class=\"has-medium-font-size\">M\u016bsu modern\u0101 energop\u0101rvald\u012bbas sist\u0113ma (EMS) nevainojami integr\u0113 gan atsevi\u0161\u0137us komponentus, gan liela m\u0113roga energosist\u0113mas atkar\u012bb\u0101 no infrastrukt\u016bras. Sist\u0113ma nodro\u0161ina dro\u0161u un uzticamu darb\u012bbu un nep\u0101rtraukti l\u012bdzsvaro ener\u0123ijas ra\u017eo\u0161anu, uzglab\u0101\u0161anu un pat\u0113ri\u0146u. <\/p>\n<\/div>\n\n\n\n<div class=\"wp-block-column is-layout-flow wp-block-column-is-layout-flow\">\n<p class=\"has-medium-font-size\">Gudri dati, gudri l\u0113mumi. Pateicoties padzi\u013cin\u0101tam ieskatam ekspluat\u0101cijas datos, EMS saska\u0146o ener\u0123ijas pat\u0113ri\u0146u ar sist\u0113mas vajadz\u012bb\u0101m. Tas ietver priorit\u0101\u0161u pie\u0161\u0137ir\u0161anu elektroener\u0123ijas pieg\u0101dei elektromobi\u013cu uzl\u0101des stacij\u0101m, maksim\u0101lo slod\u017eu ierobe\u017eo\u0161anu, v\u0101ju t\u012bklu atbalst\u012b\u0161anu un ener\u0123ijas tarifu optimiz\u0113\u0161anu.  <\/p>\n\n\n\n<p class=\"has-medium-font-size\"><\/p>\n<\/div>\n\n\n\n<div class=\"wp-block-column is-layout-flow wp-block-column-is-layout-flow\">\n<p class=\"has-medium-font-size\">Ekonomiska un ilgtsp\u0113j\u012bga atdeve. Maksim\u0101lais akumulatora darb\u012bbas laiks. Attiec\u012bb\u0101 uz ener\u0123ijas ra\u017eo\u0161anas un uzglab\u0101\u0161anas sist\u0113m\u0101m EMS izmanto tirgus ieskatu, lai strat\u0113\u0123iski p\u0101rsl\u0113gtos starp uzglab\u0101\u0161anu, tirdzniec\u012bbu un pat\u0113ri\u0146u. Tas palielina ekonomisko atdevi. Ja cenu arbitr\u0101\u017eai vai balans\u0113\u0161anas pakalpojumiem ir sekund\u0101ra noz\u012bme, EMS &#8211; sadarb\u012bb\u0101 ar akt\u012bvu p\u0101rvald\u012bbas sist\u0113mu (AMS) &#8211; uzrauga akumulatoru noslodzi. Tas nov\u0113r\u0161 p\u0101rm\u0113r\u012bgu nolietojumu un nodro\u0161ina, ka akumulatori tiek optim\u0101li izmantoti to prim\u0101rajam m\u0113r\u0137im, t\u0101d\u0113j\u0101di nodro\u0161inot maksim\u0101lu kalpo\u0161anas ilgumu un efektivit\u0101ti.     <\/p>\n\n\n\n<p class=\"has-medium-font-size\"><\/p>\n<\/div>\n<\/div>\n<\/div><\/div>\n\n<div class=\"wp-block-cover alignfull has-parallax\"><div role=\"img\" aria-label=\"city with energy black-out\" class=\"wp-block-cover__image-background wp-image-1196 has-parallax\" style=\"background-position:50% 50%;background-image:url(https:\/\/pswpower.no\/wp-content\/uploads\/2024\/02\/shutterstock_2199721635-1-scaled.avif)\"><\/div><span aria-hidden=\"true\" class=\"wp-block-cover__background has-background-dim\"><\/span><div class=\"wp-block-cover__inner-container is-layout-flow wp-block-cover-is-layout-flow\">\n<p class=\"has-text-align-center has-x-large-font-size\"><strong>T\u012bkla atsl\u0113guma nov\u0113r\u0161ana<\/strong><\/p>\n\n\n\n<div class=\"wp-block-columns is-layout-flex wp-container-core-columns-is-layout-9d6595d7 wp-block-columns-is-layout-flex\">\n<div class=\"wp-block-column is-layout-flow wp-block-column-is-layout-flow\"><div class=\"wp-block-image\">\n<figure class=\"aligncenter size-full is-resized\"><img decoding=\"async\" src=\"https:\/\/pswpower.no\/wp-content\/uploads\/2024\/11\/monitor_white.png\" alt=\"\" class=\"wp-image-1382\" style=\"width:66px;height:auto\" \/><\/figure>\n<\/div>\n\n\n<p class=\"has-text-align-center\">Sist\u0113ma analiz\u0113 un attiec\u012bgi rea\u0123\u0113, nov\u0113r\u0161ot elektrot\u012bkla d\u012bkst\u0101ves ra\u0161anos.<\/p>\n<\/div>\n\n\n\n<div class=\"wp-block-column is-layout-flow wp-block-column-is-layout-flow\"><div class=\"wp-block-image\">\n<figure class=\"aligncenter size-full is-resized\"><img decoding=\"async\" src=\"https:\/\/pswpower.no\/wp-content\/uploads\/2024\/02\/blackout_WHITE.png\" alt=\"\" class=\"wp-image-1198\" style=\"width:66px;height:auto\" \/><\/figure>\n<\/div>\n\n\n<p class=\"has-text-align-center\">T\u012bkla savienojumu var piln\u012bb\u0101 izmantot bez elektr\u012bbas padeves p\u0101rtraukuma riska.<\/p>\n<\/div>\n\n\n\n<div class=\"wp-block-column is-layout-flow wp-block-column-is-layout-flow\"><div class=\"wp-block-image\">\n<figure class=\"aligncenter size-full is-resized\"><img decoding=\"async\" src=\"https:\/\/pswpower.no\/wp-content\/uploads\/2024\/02\/speed_WHITE.png\" alt=\"\" class=\"wp-image-1199\" style=\"width:65px;height:auto\" \/><\/figure>\n<\/div>\n\n\n<p class=\"has-text-align-center\">Reakcijas laiku no br\u012b\u017ea, kad tiek konstat\u0113ta kritiska situ\u0101cija, l\u012bdz br\u012bdim, kad sist\u0113ma veic slodzes piel\u0101go\u0161anu, var m\u0113r\u012bt milisekund\u0113s.<\/p>\n<\/div>\n<\/div>\n<\/div><\/div>\n\n<div class=\"wp-block-cover alignfull has-parallax\"><div role=\"img\" aria-label=\"Asset Management System\" class=\"wp-block-cover__image-background wp-image-608 has-parallax\" style=\"background-position:50% 50%;background-image:url(https:\/\/pswpower.no\/wp-content\/uploads\/2024\/03\/shutterstock_1312591709-scaled.webp)\"><\/div><span aria-hidden=\"true\" class=\"wp-block-cover__background has-background-dim\"><\/span><div class=\"wp-block-cover__inner-container is-layout-flow wp-block-cover-is-layout-flow\">\n<p class=\"has-text-align-center has-x-large-font-size\"><strong>Akt\u012bvu p\u0101rvald\u012bbas sist\u0113ma<\/strong><\/p>\n\n\n\n<div class=\"wp-block-columns is-layout-flex wp-container-core-columns-is-layout-9d6595d7 wp-block-columns-is-layout-flex\">\n<div class=\"wp-block-column is-layout-flow wp-block-column-is-layout-flow\">\n<p class=\"has-medium-font-size\"><strong>Gudra koordin\u0101cija ar AMS.  <\/strong><\/p>\n\n\n\n<p class=\"has-medium-font-size\">M\u016bsu akt\u012bvu p\u0101rvald\u012bbas sist\u0113ma (AMS) ir efekt\u012bvas ener\u0123ijas ekosist\u0113mas sirds. T\u0101 apkopo un p\u0101rraida datus par visiem piesl\u0113gtajiem ener\u0123ijas akt\u012bviem un organiz\u0113 to sadarb\u012bbu. T\u0101d\u0113j\u0101di AMS izmanto atsevi\u0161\u0137u uz\u0146\u0113mumu &#8211; gan lielu, gan mazu &#8211; iesp\u0113jas kolekt\u012bvi piedal\u012bties ener\u0123ijas un balans\u0113\u0161anas tirgos.  <\/p>\n\n\n\n<p class=\"has-medium-font-size\"><\/p>\n<\/div>\n\n\n\n<div class=\"wp-block-column is-layout-flow wp-block-column-is-layout-flow\">\n<p class=\"has-medium-font-size\"><strong>Elast\u012bba k\u013c\u016bst par v\u0113rt\u012bbu.  <\/strong><\/p>\n\n\n\n<p class=\"has-medium-font-size\">Pateicoties \u0161ai gudrajai koordin\u0101cijai, pat maz\u0101ki akt\u012bvi, kas atsevi\u0161\u0137i nav tirgojami, joproj\u0101m var sniegt balans\u0113\u0161anas pakalpojumus. Tas paver iesp\u0113jas jauniem ie\u0146\u0113mumu avotiem, kuru pamat\u0101 ir to elast\u012bgums. <\/p>\n\n\n\n<p class=\"has-medium-font-size\"><\/p>\n<\/div>\n\n\n\n<div class=\"wp-block-column is-layout-flow wp-block-column-is-layout-flow\">\n<p class=\"has-medium-font-size\"><strong>P\u0101rredzam\u012bba, izmantojot akt\u012bvu centru.<\/strong> <\/p>\n\n\n\n<p class=\"has-medium-font-size\">AMS koplieto attiec\u012bgos akt\u012bvu un tirgus datus ar m\u016bsu akt\u012bvu centru, nodro\u0161inot klientiem piln\u012bgu p\u0101rredzam\u012bbu par darb\u012bbas rezult\u0101tiem, tirgus mijiedarb\u012bbu un pe\u013c\u0146u.<\/p>\n<\/div>\n\n\n\n<div class=\"wp-block-column is-layout-flow wp-block-column-is-layout-flow\">\n<p class=\"has-medium-font-size\"><strong>Dal\u012bba tirg\u016b k\u0101 pakalpojums<\/strong>.<\/p>\n\n\n\n<p class=\"has-medium-font-size\">AMS pied\u0101v\u0101 pabeigtu risin\u0101jumu dal\u012bbai tirg\u016b. Akt\u012bvu \u012bpa\u0161nieki var izmantot ener\u0123ijas tirgus iesp\u0113jas, pa\u0161i neieguldot l\u012bdzek\u013cus sare\u017e\u0123\u012bt\u0101s tehnolo\u0123ij\u0101s vai infrastrukt\u016br\u0101. <\/p>\n<\/div>\n<\/div>\n<\/div><\/div>\n\n<div class=\"wp-block-columns alignfull has-black-background-color has-background is-layout-flex wp-container-core-columns-is-layout-9d6595d7 wp-block-columns-is-layout-flex\">\n<div class=\"wp-block-column is-layout-flow wp-block-column-is-layout-flow\">\n<h2 class=\"wp-block-heading has-text-align-center has-psw-orange-color has-text-color has-link-color has-x-large-font-size wp-elements-7effae6683a5cc8b1cad910cba964aa1\">Akt\u012bvu koncentrators<\/h2>\n\n\n\n<div class=\"wp-block-columns is-layout-flex wp-container-core-columns-is-layout-9d6595d7 wp-block-columns-is-layout-flex\">\n<div class=\"wp-block-column is-layout-flow wp-block-column-is-layout-flow\">\n<p class=\"has-white-color has-text-color has-link-color has-medium-font-size wp-elements-f31863d647f7bdba6b8dc94aea735731\">Akt\u012bvu centrs ir j\u016bsu akt\u012bvu kolekcijai piel\u0101gots akt\u012bvu pane\u013cdators. \u0160aj\u0101 lietot\u0101ja saskarn\u0113 tiek par\u0101d\u012bti galvenie skait\u013ci par akt\u012bvu st\u0101vokli un st\u0101vokli, un da\u017e\u0101m lietojumprogramm\u0101m tiek vizualiz\u0113ti tirgus dati un ie\u0146\u0113mumi, lai sniegtu piln\u012bgu p\u0101rskatu.<\/p>\n<\/div>\n\n\n\n<div class=\"wp-block-column is-layout-flow wp-block-column-is-layout-flow\">\n<p class=\"has-white-color has-text-color has-link-color has-medium-font-size wp-elements-63e637299c8972c6146f705c9eaebd42\">Izk\u0101rtojums un datu lauki at\u0161\u0137iras un ir atkar\u012bgi no akt\u012bvu un lietojumprogrammas veida. Tas tiek piel\u0101gots, lai vislab\u0101k atbilstu lietot\u0101ja vajadz\u012bb\u0101m.<\/p>\n<\/div>\n\n\n\n<div class=\"wp-block-column is-layout-flow wp-block-column-is-layout-flow\">\n<p class=\"has-white-color has-text-color has-link-color has-medium-font-size wp-elements-50003b4f1be773826a77573be0f9f533\">Asset Hub ir t\u012bmek\u013ca resurss, t\u0101p\u0113c nav nepiecie\u0161ama programmat\u016bras instal\u0113\u0161ana. Ja ir v\u0113l\u0113\u0161an\u0101s, klientiem, kuri v\u0113las to integr\u0113t sav\u0101s sist\u0113m\u0101s, ir pieejams Asset Hub API.<\/p>\n<\/div>\n<\/div>\n\n\n\n<figure class=\"wp-block-embed alignwide is-type-video is-provider-youtube wp-block-embed-youtube wp-embed-aspect-16-9 wp-has-aspect-ratio\"><div class=\"wp-block-embed__wrapper\">\n<iframe title=\"Asset Hub Dashboard\" width=\"580\" height=\"326\" src=\"https:\/\/www.youtube.com\/embed\/rPWdpswjRos?feature=oembed\" frameborder=\"0\" allow=\"accelerometer; autoplay; clipboard-write; encrypted-media; gyroscope; picture-in-picture; web-share\" referrerpolicy=\"strict-origin-when-cross-origin\" allowfullscreen><\/iframe>\n<\/div><\/figure>\n<\/div>\n<\/div>\n\n<div class=\"wp-block-columns is-layout-flex wp-container-core-columns-is-layout-9d6595d7 wp-block-columns-is-layout-flex\">\n<div class=\"wp-block-column is-layout-flow wp-block-column-is-layout-flow\">\n<div class=\"wp-block-buttons is-content-justification-center is-layout-flex wp-container-core-buttons-is-layout-16018d1d wp-block-buttons-is-layout-flex\">\n<div class=\"wp-block-button\"><a class=\"wp-block-button__link has-white-color has-psw-orange-background-color has-text-color has-background has-link-color wp-element-button\" href=\"https:\/\/pswpower.no\/downloads\/\">Lejupiel\u0101d\u0113jiet m\u016bsu produktu lapu par ener\u0123ijas kontroli<\/a><\/div>\n<\/div>\n<\/div>\n<\/div>\n\n<p><\/p>\n","protected":false},"excerpt":{"rendered":"<p>K\u0101p\u0113c invest\u012bcijas ener\u0123\u0113tikas infrastrukt\u016br\u0101 ir svar\u012bgas tie\u0161i tagad? Pasaule saskaras ar neatliekamiem izaicin\u0101jumiem: klimata p\u0101rmai\u0146as, energoapg\u0101des dro\u0161\u012bba un pieaugo\u0161\u0101 glob\u0101l\u0101 konkurence. Lai tos risin\u0101tu, ir b\u016btiski m\u0113r\u0137tiec\u012bgi ieguld\u012bt energoinfrastrukt\u016br\u0101. Tie ir atsl\u0113ga uz ilgtsp\u0113j\u012bgu, uzticamu un n\u0101kotn\u0113 dro\u0161u sabiedr\u012bbu. Akt\u012bvu koncentrators Akt\u012bvu centrs ir j\u016bsu akt\u012bvu kolekcijai piel\u0101gots akt\u012bvu pane\u013cdators. \u0160aj\u0101 lietot\u0101ja saskarn\u0113 tiek par\u0101d\u012bti [&hellip;]<\/p>\n","protected":false},"author":2,"featured_media":1363,"parent":0,"menu_order":1,"comment_status":"closed","ping_status":"closed","template":"","meta":{"_acf_changed":false,"footnotes":""},"class_list":["post-985","page","type-page","status-publish","has-post-thumbnail","hentry"],"acf":[],"jetpack_sharing_enabled":true,"_links":{"self":[{"href":"https:\/\/pswbess.com\/lv\/wp-json\/wp\/v2\/pages\/985","targetHints":{"allow":["GET"]}}],"collection":[{"href":"https:\/\/pswbess.com\/lv\/wp-json\/wp\/v2\/pages"}],"about":[{"href":"https:\/\/pswbess.com\/lv\/wp-json\/wp\/v2\/types\/page"}],"author":[{"embeddable":true,"href":"https:\/\/pswbess.com\/lv\/wp-json\/wp\/v2\/users\/2"}],"replies":[{"embeddable":true,"href":"https:\/\/pswbess.com\/lv\/wp-json\/wp\/v2\/comments?post=985"}],"version-history":[{"count":7,"href":"https:\/\/pswbess.com\/lv\/wp-json\/wp\/v2\/pages\/985\/revisions"}],"predecessor-version":[{"id":2082,"href":"https:\/\/pswbess.com\/lv\/wp-json\/wp\/v2\/pages\/985\/revisions\/2082"}],"wp:featuredmedia":[{"embeddable":true,"href":"https:\/\/pswbess.com\/lv\/wp-json\/wp\/v2\/media\/1363"}],"wp:attachment":[{"href":"https:\/\/pswbess.com\/lv\/wp-json\/wp\/v2\/media?parent=985"}],"curies":[{"name":"wp","href":"https:\/\/api.w.org\/{rel}","templated":true}]}}