{"id":997,"date":"2025-03-14T09:07:38","date_gmt":"2025-03-14T09:07:38","guid":{"rendered":"https:\/\/pswbess.com\/energie-controle\/"},"modified":"2026-04-08T03:52:48","modified_gmt":"2026-04-08T03:52:48","slug":"energie-controle","status":"publish","type":"page","link":"https:\/\/pswbess.com\/nl\/energie-controle\/","title":{"rendered":"Energie Controle"},"content":{"rendered":"\n<div class=\"wp-block-cover alignfull has-parallax\" style=\"min-height:882px;aspect-ratio:unset;\"><div class=\"wp-block-cover__image-background wp-image-398 has-parallax\" style=\"background-position:50% 50%;background-image:url(https:\/\/pswbess.com\/wp-content\/uploads\/2025\/03\/Render_EC_Beauty_orignal-png.avif)\"><\/div><span aria-hidden=\"true\" class=\"wp-block-cover__background has-black-background-color has-background-dim-40 has-background-dim\"><\/span><div class=\"wp-block-cover__inner-container is-layout-flow wp-block-cover-is-layout-flow\">\n<h2 class=\"wp-block-heading has-text-align-center has-large-font-size\">De kracht achter vooruitgang<\/h2>\n\n\n\n<p class=\"has-text-align-center has-large-font-size\">Een betrouwbare energie-infrastructuur is essentieel voor moderne samenlevingen. Het vormt de basis voor energieproductie, -transmissie en -distributie en ondersteunt de uiteenlopende behoeften van mensen, bedrijven en economie\u00ebn wereldwijd. Zonder deze ruggengraat komt de vooruitgang letterlijk tot stilstand.  <\/p>\n\n\n\n<div class=\"wp-block-columns is-layout-flex wp-container-core-columns-is-layout-9d6595d7 wp-block-columns-is-layout-flex\">\n<div class=\"wp-block-column is-vertically-aligned-center is-layout-flow wp-block-column-is-layout-flow\"><div class=\"wp-block-image\">\n<figure class=\"aligncenter size-full is-resized\"><img decoding=\"async\" src=\"https:\/\/pswpower.no\/wp-content\/uploads\/2024\/02\/grid_orange-copy.png\" alt=\"\" class=\"wp-image-504\" style=\"width:146px;height:auto\" \/><\/figure>\n<\/div>\n\n\n<div class=\"wp-block-columns is-layout-flex wp-container-core-columns-is-layout-9d6595d7 wp-block-columns-is-layout-flex\">\n<div class=\"wp-block-column is-layout-flow wp-block-column-is-layout-flow\"><div class=\"wp-block-image\">\n<figure class=\"aligncenter size-full is-resized\"><img decoding=\"async\" src=\"https:\/\/pswpower.no\/wp-content\/uploads\/2024\/02\/charging_oragne.png\" alt=\"\" class=\"wp-image-624\" style=\"width:156px;height:auto\" \/><\/figure>\n<\/div><\/div>\n<\/div>\n<\/div>\n\n\n\n<div class=\"wp-block-column is-layout-flow wp-block-column-is-layout-flow\"><div class=\"wp-block-image\">\n<figure class=\"aligncenter size-full is-resized\"><img decoding=\"async\" src=\"https:\/\/pswpower.no\/wp-content\/uploads\/2024\/02\/solar_orange.png\" alt=\"\" class=\"wp-image-626\" style=\"width:141px;height:auto\" \/><\/figure>\n<\/div>\n\n\n<div class=\"wp-block-columns is-layout-flex wp-container-core-columns-is-layout-9d6595d7 wp-block-columns-is-layout-flex\">\n<div class=\"wp-block-column is-layout-flow wp-block-column-is-layout-flow\"><div class=\"wp-block-image\">\n<figure class=\"aligncenter size-full is-resized\"><img decoding=\"async\" src=\"https:\/\/pswpower.no\/wp-content\/uploads\/2024\/03\/battery_orange-copy.png\" alt=\"\" class=\"wp-image-623\" style=\"width:143px;height:auto\" \/><\/figure>\n<\/div><\/div>\n<\/div>\n<\/div>\n\n\n\n<div class=\"wp-block-column is-layout-flow wp-block-column-is-layout-flow\"><div class=\"wp-block-image\">\n<figure class=\"aligncenter size-full is-resized\"><img decoding=\"async\" src=\"https:\/\/pswpower.no\/wp-content\/uploads\/2024\/02\/wind_organe.png\" alt=\"\" class=\"wp-image-622\" style=\"width:142px;height:auto\" \/><\/figure>\n<\/div>\n\n\n<div class=\"wp-block-columns is-layout-flex wp-container-core-columns-is-layout-9d6595d7 wp-block-columns-is-layout-flex\">\n<div class=\"wp-block-column is-layout-flow wp-block-column-is-layout-flow\"><div class=\"wp-block-image\">\n<figure class=\"aligncenter size-full is-resized\"><img decoding=\"async\" src=\"https:\/\/pswpower.no\/wp-content\/uploads\/2024\/04\/shore-power.png\" alt=\"\" class=\"wp-image-1091\" style=\"width:98px;height:auto\" \/><\/figure>\n<\/div><\/div>\n<\/div>\n<\/div>\n<\/div>\n<\/div><\/div>\n\n<figure class=\"wp-block-pullquote has-psw-orange-color has-text-color has-link-color has-large-font-size wp-elements-8ab762f58e52d8222fc2e5bf83b21669\"><blockquote><p>Waarom is investeren in energie-infrastructuur nu belangrijk?<br \/><br \/>De wereld staat voor dringende uitdagingen: klimaatverandering, energiezekerheid en toenemende wereldwijde concurrentie. Om deze aan te pakken zijn gerichte investeringen in energie-infrastructuur essentieel. Zij vormen de sleutel tot een duurzame, betrouwbare en toekomstbestendige samenleving.  <\/p><\/blockquote><\/figure>\n\n<div class=\"wp-block-cover alignfull has-parallax\" style=\"min-height:1985px;aspect-ratio:unset;\"><div class=\"wp-block-cover__image-background wp-image-913 has-parallax\" style=\"background-position:50% 50%;background-image:url(https:\/\/pswpower.no\/wp-content\/uploads\/2024\/02\/IMG_2738_redigert-scaled.webp)\"><\/div><span aria-hidden=\"true\" class=\"wp-block-cover__background has-background-dim\"><\/span><div class=\"wp-block-cover__inner-container is-layout-flow wp-block-cover-is-layout-flow\">\n<h1 class=\"wp-block-heading has-text-align-left has-x-large-font-size\"><strong>Smart Grid Technologie<\/strong> &#8211; <strong>De sleutel tot duurzame energie<\/strong><\/h1>\n\n\n\n<p class=\"has-text-align-left has-large-font-size\">De integratie van hernieuwbare energie vereist slimme oplossingen. Bij PSW richten we ons op geavanceerde nettechnologie\u00ebn die elektriciteit effici\u00ebnt en in realtime beheren. Dankzij sensoren, communicatienetwerken en intelligente regelsystemen co\u00f6rdineren smart grids opwekking, distributie en verbruik optimaal.  <\/p>\n\n\n\n<p class=\"has-text-align-left has-large-font-size\">Met behulp van voorspellende algoritmen kunnen netbeheerders fluctuaties in hernieuwbare energiebronnen nauwkeurig inschatten en de energiestromen proactief aanpassen. Hierdoor worden onderbrekingen geminimaliseerd en beschikbare energiebronnen gemaximaliseerd &#8211; voor een stabieler, duurzamer netwerk. <\/p>\n<\/div><\/div>\n\n<div class=\"wp-block-cover alignfull\"><img decoding=\"async\" class=\"wp-block-cover__image-background wp-image-1112\" alt=\"Energy management system\" src=\"https:\/\/pswpower.no\/wp-content\/uploads\/2024\/05\/shutterstock_1617365701_cropped-scaled.webp\" data-object-fit=\"cover\" \/><span aria-hidden=\"true\" class=\"wp-block-cover__background has-background-dim-70 has-background-dim\"><\/span><div class=\"wp-block-cover__inner-container is-layout-flow wp-block-cover-is-layout-flow\">\n<p class=\"has-text-align-center has-x-large-font-size\">Intelligent energiebeheer met EMS<\/p>\n\n\n\n<div class=\"wp-block-columns is-layout-flex wp-container-core-columns-is-layout-9d6595d7 wp-block-columns-is-layout-flex\">\n<div class=\"wp-block-column is-layout-flow wp-block-column-is-layout-flow\">\n<p class=\"has-medium-font-size\">Ons geavanceerde energiebeheersysteem (EMS) integreert naadloos zowel individuele componenten als grootschalige energiesystemen, afhankelijk van de infrastructuur. Het systeem zorgt voor een veilige, betrouwbare werking en brengt de energieproductie, -opslag en -consumptie continu in balans. <\/p>\n<\/div>\n\n\n\n<div class=\"wp-block-column is-layout-flow wp-block-column-is-layout-flow\">\n<p class=\"has-medium-font-size\">Slimme gegevens, slimme beslissingen. Dankzij diepgaand inzicht in operationele gegevens stemt het EMS het energieverbruik af op de behoeften van het systeem. Dit omvat het geven van prioriteit aan de stroomvoorziening van oplaadstations voor EV&#8217;s, het beperken van piekbelastingen, het ondersteunen van zwakke netwerken en het optimaliseren van energietarieven.  <\/p>\n\n\n\n<p class=\"has-medium-font-size\"><\/p>\n<\/div>\n\n\n\n<div class=\"wp-block-column is-layout-flow wp-block-column-is-layout-flow\">\n<p class=\"has-medium-font-size\">Economisch en duurzaam rendement. Maximale levensduur van de batterij. Voor energieopwekkings- en opslagsystemen gebruikt het EMS marktinzichten om strategisch te schakelen tussen opslag, handel en verbruik. Dit maximaliseert het economisch rendement. Wanneer prijsarbitrage of balanceringsdiensten een secundaire rol spelen, bewaakt het EMS &#8211; in samenwerking met het Asset Management System (AMS) &#8211; de belasting van accu&#8217;s. Dit voorkomt overmatige slijtage en zorgt ervoor dat accu&#8217;s langer meegaan. Dit voorkomt overmatige slijtage en zorgt ervoor dat accu&#8217;s optimaal worden gebruikt voor hun primaire doel, wat resulteert in een maximale levensduur en effici\u00ebntie.     <\/p>\n\n\n\n<p class=\"has-medium-font-size\"><\/p>\n<\/div>\n<\/div>\n<\/div><\/div>\n\n<div class=\"wp-block-cover alignfull has-parallax\"><div role=\"img\" aria-label=\"city with energy black-out\" class=\"wp-block-cover__image-background wp-image-1196 has-parallax\" style=\"background-position:50% 50%;background-image:url(https:\/\/pswpower.no\/wp-content\/uploads\/2024\/02\/shutterstock_2199721635-1-scaled.avif)\"><\/div><span aria-hidden=\"true\" class=\"wp-block-cover__background has-background-dim\"><\/span><div class=\"wp-block-cover__inner-container is-layout-flow wp-block-cover-is-layout-flow\">\n<p class=\"has-text-align-center has-x-large-font-size\"><strong>Preventie van stroomuitval<\/strong><\/p>\n\n\n\n<div class=\"wp-block-columns is-layout-flex wp-container-core-columns-is-layout-9d6595d7 wp-block-columns-is-layout-flex\">\n<div class=\"wp-block-column is-layout-flow wp-block-column-is-layout-flow\"><div class=\"wp-block-image\">\n<figure class=\"aligncenter size-full is-resized\"><img decoding=\"async\" src=\"https:\/\/pswpower.no\/wp-content\/uploads\/2024\/11\/monitor_white.png\" alt=\"\" class=\"wp-image-1382\" style=\"width:66px;height:auto\" \/><\/figure>\n<\/div>\n\n\n<p class=\"has-text-align-center\">Het systeem analyseert en reageert dienovereenkomstig, waardoor het ontstaan van een black-out in het elektriciteitsnet wordt voorkomen.<\/p>\n<\/div>\n\n\n\n<div class=\"wp-block-column is-layout-flow wp-block-column-is-layout-flow\"><div class=\"wp-block-image\">\n<figure class=\"aligncenter size-full is-resized\"><img decoding=\"async\" src=\"https:\/\/pswpower.no\/wp-content\/uploads\/2024\/02\/blackout_WHITE.png\" alt=\"\" class=\"wp-image-1198\" style=\"width:66px;height:auto\" \/><\/figure>\n<\/div>\n\n\n<p class=\"has-text-align-center\">De netwerkverbinding kan volledig worden benut zonder risico op stroomuitval.<\/p>\n<\/div>\n\n\n\n<div class=\"wp-block-column is-layout-flow wp-block-column-is-layout-flow\"><div class=\"wp-block-image\">\n<figure class=\"aligncenter size-full is-resized\"><img decoding=\"async\" src=\"https:\/\/pswpower.no\/wp-content\/uploads\/2024\/02\/speed_WHITE.png\" alt=\"\" class=\"wp-image-1199\" style=\"width:65px;height:auto\" \/><\/figure>\n<\/div>\n\n\n<p class=\"has-text-align-center\">De reactietijd, vanaf het moment dat een kritieke situatie wordt gedetecteerd totdat het systeem de belasting aanpast, kan worden gemeten in miliseconden.<\/p>\n<\/div>\n<\/div>\n<\/div><\/div>\n\n<div class=\"wp-block-cover alignfull has-parallax\"><div role=\"img\" aria-label=\"Asset Management System\" class=\"wp-block-cover__image-background wp-image-608 has-parallax\" style=\"background-position:50% 50%;background-image:url(https:\/\/pswpower.no\/wp-content\/uploads\/2024\/03\/shutterstock_1312591709-scaled.webp)\"><\/div><span aria-hidden=\"true\" class=\"wp-block-cover__background has-background-dim\"><\/span><div class=\"wp-block-cover__inner-container is-layout-flow wp-block-cover-is-layout-flow\">\n<p class=\"has-text-align-center has-x-large-font-size\"><strong>Systeem voor activabeheer<\/strong><\/p>\n\n\n\n<div class=\"wp-block-columns is-layout-flex wp-container-core-columns-is-layout-9d6595d7 wp-block-columns-is-layout-flex\">\n<div class=\"wp-block-column is-layout-flow wp-block-column-is-layout-flow\">\n<p class=\"has-medium-font-size\"><strong>Slimme co\u00f6rdinatie met AMS.  <\/strong><\/p>\n\n\n\n<p class=\"has-medium-font-size\">Ons Asset Management System (AMS) is het kloppende hart van een effici\u00ebnt energie-ecosysteem. Het verzamelt en verstuurt gegevens over alle aangesloten energiemiddelen en orkestreert hun samenwerking. AMS maakt zo gebruik van de kracht van individuele entiteiten &#8211; zowel groot als klein &#8211; om collectief deel te nemen aan energie- en balanceringsmarkten.  <\/p>\n\n\n\n<p class=\"has-medium-font-size\"><\/p>\n<\/div>\n\n\n\n<div class=\"wp-block-column is-layout-flow wp-block-column-is-layout-flow\">\n<p class=\"has-medium-font-size\"><strong>Flexibiliteit wordt waarde.  <\/strong><\/p>\n\n\n\n<p class=\"has-medium-font-size\">Dankzij deze slimme co\u00f6rdinatie kunnen zelfs kleinere activa die individueel niet verhandelbaar zijn, toch balanceringsdiensten leveren. Dit opent de deur naar nieuwe inkomstenstromen op basis van hun flexibiliteit. <\/p>\n\n\n\n<p class=\"has-medium-font-size\"><\/p>\n<\/div>\n\n\n\n<div class=\"wp-block-column is-layout-flow wp-block-column-is-layout-flow\">\n<p class=\"has-medium-font-size\"><strong>Transparantie via Asset Hub.<\/strong> <\/p>\n\n\n\n<p class=\"has-medium-font-size\">AMS deelt relevante asset- en marktgegevens met onze Asset Hub, waardoor klanten volledige transparantie hebben over prestaties, marktinteractie en rendement.<\/p>\n<\/div>\n\n\n\n<div class=\"wp-block-column is-layout-flow wp-block-column-is-layout-flow\">\n<p class=\"has-medium-font-size\"><strong>Marktparticipatie als een dienst<\/strong>.<\/p>\n\n\n\n<p class=\"has-medium-font-size\">AMS biedt een kant-en-klare oplossing voor marktparticipatie. Vermogensbezitters kunnen profiteren van kansen op de energiemarkt zonder zelf te hoeven investeren in complexe technologie of infrastructuur. <\/p>\n<\/div>\n<\/div>\n<\/div><\/div>\n\n<div class=\"wp-block-columns alignfull has-black-background-color has-background is-layout-flex wp-container-core-columns-is-layout-9d6595d7 wp-block-columns-is-layout-flex\">\n<div class=\"wp-block-column is-layout-flow wp-block-column-is-layout-flow\">\n<h2 class=\"wp-block-heading has-text-align-center has-psw-orange-color has-text-color has-link-color has-x-large-font-size wp-elements-5afc6363788d5052384288ccb3274aba\">Hub voor bedrijfsmiddelen<\/h2>\n\n\n\n<div class=\"wp-block-columns is-layout-flex wp-container-core-columns-is-layout-9d6595d7 wp-block-columns-is-layout-flex\">\n<div class=\"wp-block-column is-layout-flow wp-block-column-is-layout-flow\">\n<p class=\"has-white-color has-text-color has-link-color has-medium-font-size wp-elements-15c1e9d184a7e92bf73ab0043f4d0d7d\">Asset Hub is een asset dashboard op maat voor uw asset collectie. Deze gebruikersinterface toont kerncijfers voor de status en gezondheid van activa, en voor sommige toepassingen worden marktgegevens en inkomsten gevisualiseerd om een totaaloverzicht te geven.<\/p>\n<\/div>\n\n\n\n<div class=\"wp-block-column is-layout-flow wp-block-column-is-layout-flow\">\n<p class=\"has-white-color has-text-color has-link-color has-medium-font-size wp-elements-0b16bd5313ebd10e99d844ba100cf7fc\">Lay-out en gegevensvelden vari\u00ebren en zijn afhankelijk van het type bedrijfsmiddel en de toepassing. Dit wordt aangepast aan de situatie van de gebruiker.<\/p>\n<\/div>\n\n\n\n<div class=\"wp-block-column is-layout-flow wp-block-column-is-layout-flow\">\n<p class=\"has-white-color has-text-color has-link-color has-medium-font-size wp-elements-fcc5bf7e262d881223bfbc474a38bfd8\">De Asset Hub is webgebaseerd, dus er is geen software-installatie nodig. Indien gewenst is er een Asset Hub API beschikbaar voor klanten die dit in hun eigen systemen willen integreren.<\/p>\n<\/div>\n<\/div>\n\n\n\n<figure class=\"wp-block-embed alignwide is-type-video is-provider-youtube wp-block-embed-youtube wp-embed-aspect-16-9 wp-has-aspect-ratio\"><div class=\"wp-block-embed__wrapper\">\n<iframe title=\"Asset Hub Dashboard\" width=\"580\" height=\"326\" src=\"https:\/\/www.youtube.com\/embed\/rPWdpswjRos?feature=oembed\" frameborder=\"0\" allow=\"accelerometer; autoplay; clipboard-write; encrypted-media; gyroscope; picture-in-picture; web-share\" referrerpolicy=\"strict-origin-when-cross-origin\" allowfullscreen><\/iframe>\n<\/div><\/figure>\n<\/div>\n<\/div>\n\n<div class=\"wp-block-columns is-layout-flex wp-container-core-columns-is-layout-9d6595d7 wp-block-columns-is-layout-flex\">\n<div class=\"wp-block-column is-layout-flow wp-block-column-is-layout-flow\">\n<div class=\"wp-block-buttons is-content-justification-center is-layout-flex wp-container-core-buttons-is-layout-16018d1d wp-block-buttons-is-layout-flex\">\n<div class=\"wp-block-button\"><a class=\"wp-block-button__link has-white-color has-psw-orange-background-color has-text-color has-background has-link-color wp-element-button\" href=\"https:\/\/pswpower.no\/downloads\/\">Download onze productsheet voor Energiebeheer<\/a><\/div>\n<\/div>\n<\/div>\n<\/div>\n\n<p><\/p>\n","protected":false},"excerpt":{"rendered":"<p>Waarom is investeren in energie-infrastructuur nu belangrijk? De wereld staat voor dringende uitdagingen: klimaatverandering, energiezekerheid en toenemende wereldwijde concurrentie. Om deze aan te pakken zijn gerichte investeringen in energie-infrastructuur essentieel. Zij vormen de sleutel tot een duurzame, betrouwbare en toekomstbestendige samenleving. Hub voor bedrijfsmiddelen Asset Hub is een asset dashboard op maat voor uw asset [&hellip;]<\/p>\n","protected":false},"author":2,"featured_media":1362,"parent":0,"menu_order":1,"comment_status":"closed","ping_status":"closed","template":"","meta":{"_acf_changed":false,"footnotes":""},"class_list":["post-997","page","type-page","status-publish","has-post-thumbnail","hentry"],"acf":[],"jetpack_sharing_enabled":true,"_links":{"self":[{"href":"https:\/\/pswbess.com\/nl\/wp-json\/wp\/v2\/pages\/997","targetHints":{"allow":["GET"]}}],"collection":[{"href":"https:\/\/pswbess.com\/nl\/wp-json\/wp\/v2\/pages"}],"about":[{"href":"https:\/\/pswbess.com\/nl\/wp-json\/wp\/v2\/types\/page"}],"author":[{"embeddable":true,"href":"https:\/\/pswbess.com\/nl\/wp-json\/wp\/v2\/users\/2"}],"replies":[{"embeddable":true,"href":"https:\/\/pswbess.com\/nl\/wp-json\/wp\/v2\/comments?post=997"}],"version-history":[{"count":9,"href":"https:\/\/pswbess.com\/nl\/wp-json\/wp\/v2\/pages\/997\/revisions"}],"predecessor-version":[{"id":2081,"href":"https:\/\/pswbess.com\/nl\/wp-json\/wp\/v2\/pages\/997\/revisions\/2081"}],"wp:featuredmedia":[{"embeddable":true,"href":"https:\/\/pswbess.com\/nl\/wp-json\/wp\/v2\/media\/1362"}],"wp:attachment":[{"href":"https:\/\/pswbess.com\/nl\/wp-json\/wp\/v2\/media?parent=997"}],"curies":[{"name":"wp","href":"https:\/\/api.w.org\/{rel}","templated":true}]}}