{"id":1009,"date":"2025-03-13T06:55:19","date_gmt":"2025-03-13T06:55:19","guid":{"rendered":"https:\/\/pswbess.com\/hseq\/"},"modified":"2025-11-09T03:45:24","modified_gmt":"2025-11-09T03:45:24","slug":"hseq","status":"publish","type":"page","link":"https:\/\/pswbess.com\/no\/hseq\/","title":{"rendered":"HSEQ"},"content":{"rendered":"\n<p>Kvalitet, helse, milj\u00f8 og sikkerhet er en viktig del av all virksomhet i PSW, og vi har som m\u00e5l \u00e5 bidra til b\u00e6rekraftig utvikling ved \u00e5 arbeide i samsvar med FNs m\u00e5l for b\u00e6rekraftig utvikling.<\/p>\n\n<p>Vi har som m\u00e5l \u00e5<\/p>\n\n<ul class=\"wp-block-list\">\n<li>Oppfylle alle gjeldende lover, forskrifter og bransjekrav knyttet til QHSE i forbindelse med v\u00e5re arbeidsaktiviteter p\u00e5 alle geografiske steder der vi driver virksomhet<\/li>\n\n\n\n<li>Ingen skader p\u00e5 personell og utstyr<\/li>\n\n\n\n<li>Fremme god helse for alle v\u00e5re ansatte og forebygge yrkessykdommer<\/li>\n\n\n\n<li>Null utslipp og alltid bestrebe oss p\u00e5 \u00e5 minimere milj\u00f8avtrykket i alt vi gj\u00f8r<\/li>\n\n\n\n<li>Kontinuerlig gjennomg\u00e5 og forbedre produktene og tjenestene v\u00e5re i alle deler av virksomheten<\/li>\n\n\n\n<li>Forebygge alle ulykker, hendelser og skader<\/li>\n\n\n\n<li>V\u00e6re et ledende selskap n\u00e5r det gjelder kvalitet, helse, milj\u00f8 og sikkerhet. Risikostyring er en viktig del av v\u00e5r daglige drift <\/li>\n<\/ul>\n<div class=\"wp-block-image\">\n<figure class=\"aligncenter\"><img decoding=\"async\" src=\"https:\/\/pswpower.no\/wp-content\/uploads\/2024\/03\/ManagementSysCert_ISO9001_14001_45001_col.png\" alt=\"logo ISO-sertifisering av styringssystem\" class=\"wp-image-644\" \/><\/figure>\n<\/div>","protected":false},"excerpt":{"rendered":"<p>Kvalitet, helse, milj\u00f8 og sikkerhet er en viktig del av all virksomhet i PSW, og vi har som m\u00e5l \u00e5 bidra til b\u00e6rekraftig utvikling ved \u00e5 arbeide i samsvar med FNs m\u00e5l for b\u00e6rekraftig utvikling. Vi har som m\u00e5l \u00e5<\/p>\n","protected":false},"author":2,"featured_media":588,"parent":0,"menu_order":22,"comment_status":"closed","ping_status":"closed","template":"","meta":{"_acf_changed":false,"footnotes":""},"class_list":["post-1009","page","type-page","status-publish","has-post-thumbnail","hentry"],"acf":[],"jetpack_sharing_enabled":true,"_links":{"self":[{"href":"https:\/\/pswbess.com\/no\/wp-json\/wp\/v2\/pages\/1009","targetHints":{"allow":["GET"]}}],"collection":[{"href":"https:\/\/pswbess.com\/no\/wp-json\/wp\/v2\/pages"}],"about":[{"href":"https:\/\/pswbess.com\/no\/wp-json\/wp\/v2\/types\/page"}],"author":[{"embeddable":true,"href":"https:\/\/pswbess.com\/no\/wp-json\/wp\/v2\/users\/2"}],"replies":[{"embeddable":true,"href":"https:\/\/pswbess.com\/no\/wp-json\/wp\/v2\/comments?post=1009"}],"version-history":[{"count":2,"href":"https:\/\/pswbess.com\/no\/wp-json\/wp\/v2\/pages\/1009\/revisions"}],"predecessor-version":[{"id":2206,"href":"https:\/\/pswbess.com\/no\/wp-json\/wp\/v2\/pages\/1009\/revisions\/2206"}],"wp:featuredmedia":[{"embeddable":true,"href":"https:\/\/pswbess.com\/no\/wp-json\/wp\/v2\/media\/588"}],"wp:attachment":[{"href":"https:\/\/pswbess.com\/no\/wp-json\/wp\/v2\/media?parent=1009"}],"curies":[{"name":"wp","href":"https:\/\/api.w.org\/{rel}","templated":true}]}}