{"id":1077,"date":"2025-03-10T13:57:47","date_gmt":"2025-03-10T13:57:47","guid":{"rendered":"https:\/\/pswbess.com\/baerekraft\/"},"modified":"2026-01-27T08:56:50","modified_gmt":"2026-01-27T08:56:50","slug":"baerekraft","status":"publish","type":"page","link":"https:\/\/pswbess.com\/no\/baerekraft\/","title":{"rendered":"B\u00e6rekraft"},"content":{"rendered":"\n<h2 class=\"wp-block-heading has-x-large-font-size\">Energi for en b\u00e6rekraftig fremtid<\/h2>\n\n<p>PSW Power &amp; Automation fremskynder den globale energiomstillingen med innovative elektrifiseringsl\u00f8sninger som erstatter fossilt brensel. Teknologien v\u00e5r gj\u00f8r det mulig for industrien \u00e5 integrere fornybar energi p\u00e5 en effektiv m\u00e5te og redusere sitt milj\u00f8avtrykk. <\/p>\n\n<p>Hva vi gj\u00f8r:<\/p>\n\n<ul class=\"wp-block-list\">\n<li>Energilagring &#8211; stasjon\u00e6re og mobile l\u00f8sninger for nettstabilisering og midlertidig infrastruktur<\/li>\n\n\n\n<li>Str\u00f8mforsyning og lading p\u00e5 land &#8211; Redusere utslipp fra skip i havner og til sj\u00f8s<\/li>\n\n\n\n<li>Smart energistyring &#8211; Optimalisering av effektiviteten gjennom intelligent energistyring<\/li>\n<\/ul>\n\n<h3 class=\"wp-block-heading\">B\u00e6rekraft og sirkul\u00e6r \u00f8konomi<\/h3>\n\n<p>Vi er forpliktet til b\u00e6rekraftsm\u00e5lene og FNs ESG-prinsipper. Dette gjenspeiles i produktene, prosessene og leverand\u00f8rkjeden v\u00e5r. Vi velger en ansvarlig og ressurseffektiv tiln\u00e6rming til elektrifisering, fra vurderinger av karbonavtrykk til batterigjenvinning med &gt;90 % gjenvinning.  <\/p>\n\n<h3 class=\"wp-block-heading\">\u00c5penhet og etikk i kjeden<\/h3>\n\n<p>Vi garanterer en etisk og transparent leverand\u00f8rkjede ved \u00e5<\/p>\n\n<ul class=\"wp-block-list\">\n<li>Sporing av r\u00e5materialer<\/li>\n\n\n\n<li>Overholdelse av menneskerettighetsstandarder<\/li>\n\n\n\n<li>Strenge kvalitets- og sikkerhetsstandarder i batteril\u00f8sningene v\u00e5re<\/li>\n<\/ul>\n\n<figure class=\"wp-block-embed is-type-video is-provider-youtube wp-block-embed-youtube wp-embed-aspect-16-9 wp-has-aspect-ratio\"><div class=\"wp-block-embed__wrapper\">\n<iframe title=\"ESG and SDG - A powerful synergy\" width=\"580\" height=\"326\" src=\"https:\/\/www.youtube.com\/embed\/wZFYo91wIYY?feature=oembed\" frameborder=\"0\" allow=\"accelerometer; autoplay; clipboard-write; encrypted-media; gyroscope; picture-in-picture; web-share\" referrerpolicy=\"strict-origin-when-cross-origin\" allowfullscreen><\/iframe>\n<\/div><\/figure>\n","protected":false},"excerpt":{"rendered":"<p>Energi for en b\u00e6rekraftig fremtid PSW Power &amp; Automation fremskynder den globale energiomstillingen med innovative elektrifiseringsl\u00f8sninger som erstatter fossilt brensel. Teknologien v\u00e5r gj\u00f8r det mulig for industrien \u00e5 integrere fornybar energi p\u00e5 en effektiv m\u00e5te og redusere sitt milj\u00f8avtrykk. Hva vi gj\u00f8r: B\u00e6rekraft og sirkul\u00e6r \u00f8konomi Vi er forpliktet til b\u00e6rekraftsm\u00e5lene og FNs ESG-prinsipper. Dette [&hellip;]<\/p>\n","protected":false},"author":1,"featured_media":0,"parent":0,"menu_order":20,"comment_status":"closed","ping_status":"closed","template":"","meta":{"_acf_changed":false,"footnotes":""},"class_list":["post-1077","page","type-page","status-publish","hentry"],"acf":[],"jetpack_sharing_enabled":true,"_links":{"self":[{"href":"https:\/\/pswbess.com\/no\/wp-json\/wp\/v2\/pages\/1077","targetHints":{"allow":["GET"]}}],"collection":[{"href":"https:\/\/pswbess.com\/no\/wp-json\/wp\/v2\/pages"}],"about":[{"href":"https:\/\/pswbess.com\/no\/wp-json\/wp\/v2\/types\/page"}],"author":[{"embeddable":true,"href":"https:\/\/pswbess.com\/no\/wp-json\/wp\/v2\/users\/1"}],"replies":[{"embeddable":true,"href":"https:\/\/pswbess.com\/no\/wp-json\/wp\/v2\/comments?post=1077"}],"version-history":[{"count":2,"href":"https:\/\/pswbess.com\/no\/wp-json\/wp\/v2\/pages\/1077\/revisions"}],"predecessor-version":[{"id":2041,"href":"https:\/\/pswbess.com\/no\/wp-json\/wp\/v2\/pages\/1077\/revisions\/2041"}],"wp:attachment":[{"href":"https:\/\/pswbess.com\/no\/wp-json\/wp\/v2\/media?parent=1077"}],"curies":[{"name":"wp","href":"https:\/\/api.w.org\/{rel}","templated":true}]}}