{"id":986,"date":"2025-03-13T07:11:41","date_gmt":"2025-03-13T07:11:41","guid":{"rendered":"https:\/\/pswbess.com\/ettermarkedstjenester\/"},"modified":"2025-12-21T03:50:31","modified_gmt":"2025-12-21T03:50:31","slug":"ettermarkedstjenester","status":"publish","type":"page","link":"https:\/\/pswbess.com\/no\/ettermarkedstjenester\/","title":{"rendered":"Ettermarkedstjenester"},"content":{"rendered":"\n<div class=\"wp-block-cover alignfull has-parallax\" style=\"min-height:946px;aspect-ratio:unset;\"><div class=\"wp-block-cover__image-background wp-image-328 has-parallax\" style=\"background-position:50% 50%;background-image:url(https:\/\/pswbess.com\/wp-content\/uploads\/2025\/03\/Energy-Control-1024x558.avif)\"><\/div><span aria-hidden=\"true\" class=\"wp-block-cover__background has-background-dim-80 has-background-dim\"><\/span><div class=\"wp-block-cover__inner-container is-layout-flow wp-block-cover-is-layout-flow\">\n<h2 class=\"wp-block-heading has-text-align-center has-psw-orange-color has-text-color has-link-color has-large-font-size wp-elements-7d82526f3d8c02ca390f75b6bd7e918e\">Verdiene dine i trygge hender<\/h2>\n\n\n\n<p class=\"has-text-align-center has-medium-font-size\">Hos PSW dreier alt seg om sikkerhet. Takket v\u00e6re v\u00e5r omfattende ekspertise innen tilstandsoverv\u00e5king, ytelsesanalyse, systemdesign og mye mer, s\u00f8rger vi for sikker og effektiv forvaltning av eiendelene dine &#8211; b\u00e5de teknisk, kommersielt og \u00f8konomisk. <\/p>\n\n\n\n<h2 class=\"wp-block-heading has-text-align-center has-psw-orange-color has-text-color has-link-color has-large-font-size wp-elements-7b730e3db5c020fb25baa0e68d0b0d17\">B\u00e6rekraftig ytelse, garantert p\u00e5litelighet<\/h2>\n\n\n\n<p class=\"has-text-align-center has-medium-font-size\">Vi forlenger levetiden til eiendelene dine gjennom kontinuerlig vedlikehold og m\u00e5lrettede forbedringer. P\u00e5 den m\u00e5ten holder vi organisasjonen i gang med maksimal effektivitet, med minimal risiko &#8211; i dag og i morgen. <\/p>\n\n\n\n<div class=\"wp-block-columns is-layout-flex wp-container-core-columns-is-layout-9d6595d7 wp-block-columns-is-layout-flex\">\n<div class=\"wp-block-column is-layout-flow wp-block-column-is-layout-flow\"><div class=\"wp-block-image\">\n<figure class=\"aligncenter size-full\"><img decoding=\"async\" width=\"96\" height=\"96\" src=\"https:\/\/pswbess.com\/wp-content\/uploads\/2025\/03\/Technical_orange.png\" alt=\"\" class=\"wp-image-330\" \/><\/figure>\n<\/div>\n\n\n<h3 class=\"wp-block-heading alignwide has-text-align-center\">Teknisk ekspertise for b\u00e6rekraftig energi<\/h3>\n\n\n\n<p class=\"has-text-align-center has-medium-font-size\">Vi leverer driftskompetanse og maksimal p\u00e5litelighet for dine b\u00e6rekraftige energianlegg. Med smarte l\u00f8sninger for overv\u00e5king, vedlikehold og prosjektering s\u00f8rger vi for at systemene dine fungerer optimalt &#8211; n\u00e5 og i fremtiden. <\/p>\n<\/div>\n\n\n\n<div class=\"wp-block-column is-layout-flow wp-block-column-is-layout-flow\"><div class=\"wp-block-image\">\n<figure class=\"aligncenter size-full\"><img decoding=\"async\" width=\"96\" height=\"96\" src=\"https:\/\/pswbess.com\/wp-content\/uploads\/2025\/03\/Value_orange.png\" alt=\"\" class=\"wp-image-331\" \/><\/figure>\n<\/div>\n\n\n<h3 class=\"wp-block-heading has-text-align-center\">Kommersiell innsikt for b\u00e6rekraftig verdi<\/h3>\n\n\n\n<p class=\"has-text-align-center\">Vi hjelper deg med \u00e5 overholde alle relevante forskrifter, redusere risiko og maksimere den langsiktige nettoverdien av eiendelene dine. Med en strategisk tiln\u00e6rming sikrer vi fremtidsrettet avkastning og sunn forretningsdrift. <\/p>\n<\/div>\n\n\n\n<div class=\"wp-block-column is-layout-flow wp-block-column-is-layout-flow\"><div class=\"wp-block-image\">\n<figure class=\"aligncenter size-full\"><img decoding=\"async\" width=\"96\" height=\"96\" src=\"https:\/\/pswbess.com\/wp-content\/uploads\/2025\/03\/Financial_orange.png\" alt=\"\" class=\"wp-image-332\" \/><\/figure>\n<\/div>\n\n\n<h3 class=\"wp-block-heading has-text-align-center\">Finansiell avkastning med en visjon for fremtiden<\/h3>\n\n\n\n<p class=\"has-text-align-center\">Vi hjelper deg med \u00e5 optimalisere avkastningen, h\u00e5ndtere finansielle risikoer og sikre samsvar og likviditet i portef\u00f8ljen din med b\u00e6rekraftig energi. Dette sikrer at investeringen din forblir robust, transparent og l\u00f8nnsom &#8211; b\u00e5de p\u00e5 kort og lang sikt. <\/p>\n<\/div>\n<\/div>\n<\/div><\/div>\n\n<div class=\"wp-block-cover alignfull has-parallax wp-duotone-unset-1\" style=\"min-height:1213px;aspect-ratio:unset;\"><div class=\"wp-block-cover__image-background wp-image-1495 has-parallax\" style=\"background-position:50% 50%;background-image:url(https:\/\/pswpower.no\/wp-content\/uploads\/2024\/12\/Asset-Management.avif)\"><\/div><span aria-hidden=\"true\" class=\"wp-block-cover__background has-black-background-color has-background-dim-80 has-background-dim\"><\/span><div class=\"wp-block-cover__inner-container is-layout-flow wp-block-cover-is-layout-flow\">\n<h2 class=\"wp-block-heading has-text-align-center has-white-color has-text-color has-link-color has-large-font-size wp-elements-91f209a6a78d5c8d3ad6e1d851a2d36e\"><strong>Gjennom v\u00e5re drifts- og vedlikeholdsavtaler og serviceniv\u00e5avtaler tilbyr vi<\/strong><\/h2>\n\n\n\n<div class=\"wp-block-group is-layout-grid wp-container-core-group-is-layout-6be84c55 wp-block-group-is-layout-grid\">\n<div class=\"wp-block-group\"><div class=\"wp-block-group__inner-container is-layout-constrained wp-block-group-is-layout-constrained\"><div class=\"wp-block-image\">\n<figure class=\"aligncenter size-full is-resized\"><img decoding=\"async\" src=\"https:\/\/pswpower.no\/wp-content\/uploads\/2024\/12\/check_orange-copy-png.avif\" alt=\"\" class=\"wp-image-1554\" style=\"width:74px\" \/><\/figure>\n<\/div>\n\n\n<p class=\"has-text-align-center has-medium-font-size\">Tilstandsoverv\u00e5king og SCADA-analyse<\/p>\n<\/div><\/div>\n\n\n\n<div class=\"wp-block-group\"><div class=\"wp-block-group__inner-container is-layout-constrained wp-block-group-is-layout-constrained\"><div class=\"wp-block-image\">\n<figure class=\"aligncenter size-full is-resized\"><img decoding=\"async\" src=\"https:\/\/pswpower.no\/wp-content\/uploads\/2024\/12\/check_orange-copy-png.avif\" alt=\"\" class=\"wp-image-1554\" style=\"width:74px\" \/><\/figure>\n<\/div>\n\n\n<p class=\"has-text-align-center has-medium-font-size\">Analyse og optimalisering av effektytelse<\/p>\n<\/div><\/div>\n\n\n\n<div class=\"wp-block-group\"><div class=\"wp-block-group__inner-container is-layout-constrained wp-block-group-is-layout-constrained\"><div class=\"wp-block-image\">\n<figure class=\"aligncenter size-full is-resized\"><img decoding=\"async\" src=\"https:\/\/pswpower.no\/wp-content\/uploads\/2024\/12\/check_orange-copy-png.avif\" alt=\"\" class=\"wp-image-1554\" style=\"width:74px\" \/><\/figure>\n<\/div>\n\n\n<p class=\"has-text-align-center has-medium-font-size\">Fjernoverv\u00e5king og support d\u00f8gnet rundt<\/p>\n<\/div><\/div>\n\n\n\n<div class=\"wp-block-group\"><div class=\"wp-block-group__inner-container is-layout-constrained wp-block-group-is-layout-constrained\"><div class=\"wp-block-image\">\n<figure class=\"aligncenter size-full is-resized\"><img decoding=\"async\" src=\"https:\/\/pswpower.no\/wp-content\/uploads\/2024\/12\/check_orange-copy-png.avif\" alt=\"\" class=\"wp-image-1554\" style=\"width:74px\" \/><\/figure>\n<\/div>\n\n\n<p class=\"has-text-align-center has-medium-font-size\">Ytelsesgarantier<\/p>\n<\/div><\/div>\n\n\n\n<div class=\"wp-block-group\"><div class=\"wp-block-group__inner-container is-layout-constrained wp-block-group-is-layout-constrained\"><div class=\"wp-block-image\">\n<figure class=\"aligncenter size-full is-resized\"><img decoding=\"async\" src=\"https:\/\/pswpower.no\/wp-content\/uploads\/2024\/12\/check_orange-copy-png.avif\" alt=\"\" class=\"wp-image-1554\" style=\"width:74px;height:auto\" \/><\/figure>\n<\/div>\n\n\n<p class=\"has-text-align-center has-medium-font-size\">Inspeksjoner<\/p>\n<\/div><\/div>\n\n\n\n<div class=\"wp-block-group wp-container-content-2155ee95\"><div class=\"wp-block-group__inner-container is-layout-constrained wp-block-group-is-layout-constrained\"><div class=\"wp-block-image\">\n<figure class=\"aligncenter size-full is-resized\"><img decoding=\"async\" src=\"https:\/\/pswpower.no\/wp-content\/uploads\/2024\/12\/check_orange-copy-png.avif\" alt=\"\" class=\"wp-image-1554\" style=\"width:74px;height:auto\" \/><\/figure>\n<\/div>\n\n\n<p class=\"has-text-align-center has-medium-font-size\">Planlagt vedlikehold<\/p>\n<\/div><\/div>\n\n\n\n<div class=\"wp-block-group\"><div class=\"wp-block-group__inner-container is-layout-constrained wp-block-group-is-layout-constrained\"><div class=\"wp-block-image\">\n<figure class=\"aligncenter size-full is-resized\"><img decoding=\"async\" src=\"https:\/\/pswpower.no\/wp-content\/uploads\/2024\/12\/check_orange-copy-png.avif\" alt=\"\" class=\"wp-image-1554\" style=\"width:74px\" \/><\/figure>\n<\/div>\n\n\n<p class=\"has-text-align-center has-medium-font-size\">Ikke-planlagt vedlikehold<\/p>\n<\/div><\/div>\n\n\n\n<div class=\"wp-block-group\"><div class=\"wp-block-group__inner-container is-layout-constrained wp-block-group-is-layout-constrained\"><div class=\"wp-block-image\">\n<figure class=\"aligncenter size-full is-resized\"><img decoding=\"async\" src=\"https:\/\/pswpower.no\/wp-content\/uploads\/2024\/12\/check_orange-copy-png.avif\" alt=\"\" class=\"wp-image-1554\" style=\"width:74px\" \/><\/figure>\n<\/div>\n\n\n<p class=\"has-text-align-center has-medium-font-size\">Korrigeringer av garantien<\/p>\n<\/div><\/div>\n\n\n\n<div class=\"wp-block-group\"><div class=\"wp-block-group__inner-container is-layout-constrained wp-block-group-is-layout-constrained\"><div class=\"wp-block-image\">\n<figure class=\"aligncenter size-full is-resized\"><img decoding=\"async\" src=\"https:\/\/pswpower.no\/wp-content\/uploads\/2024\/12\/check_orange-copy-png.avif\" alt=\"\" class=\"wp-image-1554\" style=\"width:74px\" \/><\/figure>\n<\/div>\n\n\n<p class=\"has-text-align-center has-medium-font-size\">Erstatninger<\/p>\n<\/div><\/div>\n\n\n\n<div class=\"wp-block-group\"><div class=\"wp-block-group__inner-container is-layout-constrained wp-block-group-is-layout-constrained\"><div class=\"wp-block-image\">\n<figure class=\"aligncenter size-full is-resized\"><img decoding=\"async\" src=\"https:\/\/pswpower.no\/wp-content\/uploads\/2024\/12\/check_orange-copy-png.avif\" alt=\"\" class=\"wp-image-1554\" style=\"width:74px;height:auto\" \/><\/figure>\n<\/div>\n\n\n<p class=\"has-text-align-center has-medium-font-size\">Salg og administrasjon av reservedeler<\/p>\n<\/div><\/div>\n\n\n\n<div class=\"wp-block-group\"><div class=\"wp-block-group__inner-container is-layout-constrained wp-block-group-is-layout-constrained\"><div class=\"wp-block-image\">\n<figure class=\"aligncenter size-full is-resized\"><img decoding=\"async\" src=\"https:\/\/pswpower.no\/wp-content\/uploads\/2024\/12\/check_orange-copy-png.avif\" alt=\"\" class=\"wp-image-1554\" style=\"width:74px;height:auto\" \/><\/figure>\n<\/div>\n\n\n<p class=\"has-text-align-center has-medium-font-size\">Livssyklusstyring og levetidsforlengelse<\/p>\n<\/div><\/div>\n\n\n\n<div class=\"wp-block-group\"><div class=\"wp-block-group__inner-container is-layout-constrained wp-block-group-is-layout-constrained\"><div class=\"wp-block-image\">\n<figure class=\"aligncenter size-full is-resized\"><img decoding=\"async\" src=\"https:\/\/pswpower.no\/wp-content\/uploads\/2024\/12\/check_orange-copy-png.avif\" alt=\"\" class=\"wp-image-1554\" style=\"width:74px\" \/><\/figure>\n<\/div>\n\n\n<p class=\"has-text-align-center has-medium-font-size\">Strategi ved livets slutt<\/p>\n<\/div><\/div>\n\n\n\n<div class=\"wp-block-group\"><div class=\"wp-block-group__inner-container is-layout-constrained wp-block-group-is-layout-constrained\"><div class=\"wp-block-image\">\n<figure class=\"aligncenter size-full is-resized\"><img decoding=\"async\" src=\"https:\/\/pswpower.no\/wp-content\/uploads\/2024\/12\/check_orange-copy-png.avif\" alt=\"\" class=\"wp-image-1554\" style=\"width:74px\" \/><\/figure>\n<\/div>\n\n\n<p class=\"has-text-align-center has-medium-font-size\">Oppl\u00e6ring<\/p>\n<\/div><\/div>\n\n\n\n<div class=\"wp-block-group\"><div class=\"wp-block-group__inner-container is-layout-constrained wp-block-group-is-layout-constrained\"><div class=\"wp-block-image\">\n<figure class=\"aligncenter size-full is-resized\"><img decoding=\"async\" src=\"https:\/\/pswpower.no\/wp-content\/uploads\/2024\/12\/check_orange-copy-png.avif\" alt=\"\" class=\"wp-image-1554\" style=\"width:74px\" \/><\/figure>\n<\/div>\n\n\n<p class=\"has-text-align-center has-medium-font-size\">Oppgraderinger av anlegg og ettermonteringskampanjer<\/p>\n<\/div><\/div>\n<\/div>\n<\/div><\/div>\n\n<div class=\"wp-block-cover alignfull has-parallax has-custom-content-position is-position-center-right wp-duotone-unset-2\"><div class=\"wp-block-cover__image-background wp-image-1841 size-large has-parallax\" style=\"background-position:50% 50%;background-image:url(https:\/\/pswbess.com\/wp-content\/uploads\/2025\/08\/Fotograf-Trude-Brun-Wilhelmsen-8955-1024x683.avif)\"><\/div><span aria-hidden=\"true\" class=\"wp-block-cover__background has-black-background-color has-background-dim-60 has-background-dim\"><\/span><div class=\"wp-block-cover__inner-container is-layout-flow wp-block-cover-is-layout-flow\">\n<h2 class=\"wp-block-heading has-text-align-right has-psw-orange-color has-text-color has-link-color has-x-large-font-size wp-elements-f199670142f44a4d1903e5addac9162c\">Fjernkontrollsenter<\/h2>\n\n\n\n<p class=\"has-text-align-right has-large-font-size\">Driftssenteret v\u00e5rt gir st\u00f8tte d\u00f8gnet rundt for kapitalforvaltning, drift og vedlikehold, noe som \u00f8ker produktiviteten og effektiviteten din betydelig.<\/p>\n\n\n\n<p class=\"has-text-align-right has-large-font-size\">Med et team av erfarne spesialister &#8211; blant annet fra maritim sektor, forsyningssektoren og kapitalforvaltning &#8211; oppdager vi problemer raskt og reagerer umiddelbart. Dette minimerer produksjonstap og s\u00f8rger for at organisasjonen din fungerer optimalt. <\/p>\n<\/div><\/div>\n\n<div class=\"wp-block-cover alignfull has-parallax has-custom-content-position is-position-center-left has-white-color has-text-color has-link-color wp-elements-5594fe0fdaf1ad0819fe5c4e275283ef wp-duotone-unset-3\"><div role=\"img\" aria-label=\"Engineer operating energy storage system\" class=\"wp-block-cover__image-background wp-image-1396 has-parallax\" style=\"background-position:50% 50%;background-image:url(https:\/\/pswpower.no\/wp-content\/uploads\/2024\/11\/DSC06416-scaled.avif)\"><\/div><span aria-hidden=\"true\" class=\"wp-block-cover__background has-black-background-color has-background-dim-60 has-background-dim\"><\/span><div class=\"wp-block-cover__inner-container is-layout-flow wp-block-cover-is-layout-flow\">\n<p class=\"has-text-align-left has-psw-orange-color has-text-color has-link-color has-x-large-font-size wp-elements-aecd1ab4af35ddd02aa7523b7b8eef76\"><strong>Tjenester p\u00e5 stedet<\/strong><\/p>\n\n\n\n<p class=\"has-text-align-left has-large-font-size\">V\u00e5re ingeni\u00f8rer og tekniske spesialister gir deg st\u00f8tte p\u00e5 stedet av h\u00f8y kvalitet, med fokus p\u00e5 driftskontinuitet og effektivt vedlikehold av energil\u00f8sningene dine.<\/p>\n\n\n\n<p class=\"has-large-font-size\">Med et skarpt blikk for ytelse leverer vi konkurransedyktige og omfattende tjenester som er utformet for \u00e5 \u00f8ke inntektene og redusere kostnadene &#8211; uten at det g\u00e5r p\u00e5 bekostning av kvalitet eller sikkerhet.<\/p>\n\n\n\n<p class=\"has-text-align-left has-large-font-size\">Ledelsesteamene v\u00e5re s\u00f8rger for s\u00f8ml\u00f8s og sikker drift gjennom tett oppf\u00f8lging, smart ressursallokering og streng overholdelse av helse-, milj\u00f8- og sikkerhetsstandarder (HSEQ).<\/p>\n\n\n\n<div class=\"wp-block-columns alignwide is-layout-flex wp-container-core-columns-is-layout-9d6595d7 wp-block-columns-is-layout-flex\">\n<div class=\"wp-block-column is-layout-flow wp-block-column-is-layout-flow\"><\/div>\n\n\n\n<div class=\"wp-block-column is-layout-flow wp-block-column-is-layout-flow\"><\/div>\n\n\n\n<div class=\"wp-block-column is-layout-flow wp-block-column-is-layout-flow\"><\/div>\n<\/div>\n<\/div><\/div>\n\n<div class=\"wp-block-columns alignfull has-psw-orange-background-color has-background is-layout-flex wp-container-core-columns-is-layout-9d6595d7 wp-block-columns-is-layout-flex\">\n<div class=\"wp-block-column is-layout-flow wp-block-column-is-layout-flow\"><div class=\"wp-block-image\">\n<figure class=\"aligncenter size-full\"><img decoding=\"async\" src=\"https:\/\/pswpower.no\/wp-content\/uploads\/2024\/11\/update.png\" alt=\"\" class=\"wp-image-1380\" \/><\/figure>\n<\/div>\n\n\n<h2 class=\"wp-block-heading has-text-align-center has-white-color has-text-color has-link-color has-x-large-font-size wp-elements-2f22a76f574f8a41d79c9fb004a0f9e1\">Gjenbruk: ny kraft til eiendelene dine<\/h2>\n\n\n\n<div class=\"wp-block-columns is-layout-flex wp-container-core-columns-is-layout-9d6595d7 wp-block-columns-is-layout-flex\">\n<div class=\"wp-block-column is-layout-flow wp-block-column-is-layout-flow\">\n<p class=\"has-white-color has-text-color has-link-color has-medium-font-size wp-elements-b0815bd7690ff4f8e04a136ee4cb099b\">Vi utvikler og implementerer en skreddersydd strategi for end-of-life som sikrer den fremtidige verdien av eiendelene dine. P\u00e5 denne m\u00e5ten f\u00e5r du mest mulig ut av energiprosjektene dine &#8211; ogs\u00e5 etter at den opprinnelige levetiden er over. <\/p>\n<\/div>\n\n\n\n<div class=\"wp-block-column is-layout-flow wp-block-column-is-layout-flow\">\n<p class=\"has-white-color has-text-color has-link-color has-medium-font-size wp-elements-4941936e706537d46454ca8765666cbe\">Teamet v\u00e5rt samarbeider tett med deg for \u00e5 finne den beste metoden for \u00e5 \u00f8ke energiproduksjonen og forlenge levetiden til installasjonene dine.<\/p>\n<\/div>\n\n\n\n<div class=\"wp-block-column is-layout-flow wp-block-column-is-layout-flow\">\n<p class=\"has-white-color has-text-color has-link-color has-medium-font-size wp-elements-0987ca6f71cfece42c99e48d4cf8f1b8\">Ved \u00e5 ta i bruk den nyeste teknologien er vi fortsatt ledende i bransjen. Vi s\u00f8rger for at eiendelene dine varer lenger og bidrar til en gr\u00f8nnere og mer b\u00e6rekraftig fremtid ved \u00e5 minimere avfallet. <\/p>\n<\/div>\n<\/div>\n<\/div>\n<\/div>\n\n<div class=\"wp-block-buttons is-content-justification-center is-layout-flex wp-container-core-buttons-is-layout-16018d1d wp-block-buttons-is-layout-flex\">\n<div class=\"wp-block-button\"><a class=\"wp-block-button__link has-white-color has-psw-orange-background-color has-text-color has-background has-link-color wp-element-button\" href=\"https:\/\/pswpower.no\/downloads\/\">Last ned produktarket v\u00e5rt for ettermarkedstjenester<\/a><\/div>\n<\/div>\n\n<p><\/p>\n","protected":false},"excerpt":{"rendered":"<p>Gjenbruk: ny kraft til eiendelene dine Vi utvikler og implementerer en skreddersydd strategi for end-of-life som sikrer den fremtidige verdien av eiendelene dine. P\u00e5 denne m\u00e5ten f\u00e5r du mest mulig ut av energiprosjektene dine &#8211; ogs\u00e5 etter at den opprinnelige levetiden er over. Teamet v\u00e5rt samarbeider tett med deg for \u00e5 finne den beste metoden [&hellip;]<\/p>\n","protected":false},"author":2,"featured_media":0,"parent":0,"menu_order":5,"comment_status":"closed","ping_status":"closed","template":"","meta":{"_acf_changed":false,"footnotes":""},"class_list":["post-986","page","type-page","status-publish","hentry"],"acf":[],"jetpack_sharing_enabled":true,"_links":{"self":[{"href":"https:\/\/pswbess.com\/no\/wp-json\/wp\/v2\/pages\/986","targetHints":{"allow":["GET"]}}],"collection":[{"href":"https:\/\/pswbess.com\/no\/wp-json\/wp\/v2\/pages"}],"about":[{"href":"https:\/\/pswbess.com\/no\/wp-json\/wp\/v2\/types\/page"}],"author":[{"embeddable":true,"href":"https:\/\/pswbess.com\/no\/wp-json\/wp\/v2\/users\/2"}],"replies":[{"embeddable":true,"href":"https:\/\/pswbess.com\/no\/wp-json\/wp\/v2\/comments?post=986"}],"version-history":[{"count":5,"href":"https:\/\/pswbess.com\/no\/wp-json\/wp\/v2\/pages\/986\/revisions"}],"predecessor-version":[{"id":2224,"href":"https:\/\/pswbess.com\/no\/wp-json\/wp\/v2\/pages\/986\/revisions\/2224"}],"wp:attachment":[{"href":"https:\/\/pswbess.com\/no\/wp-json\/wp\/v2\/media?parent=986"}],"curies":[{"name":"wp","href":"https:\/\/api.w.org\/{rel}","templated":true}]}}