{"id":993,"date":"2025-03-14T09:07:38","date_gmt":"2025-03-14T09:07:38","guid":{"rendered":"https:\/\/pswbess.com\/energikontroll\/"},"modified":"2026-04-08T03:52:48","modified_gmt":"2026-04-08T03:52:48","slug":"energikontroll","status":"publish","type":"page","link":"https:\/\/pswbess.com\/no\/energikontroll\/","title":{"rendered":"Energikontroll"},"content":{"rendered":"\n<div class=\"wp-block-cover alignfull has-parallax\" style=\"min-height:882px;aspect-ratio:unset;\"><div class=\"wp-block-cover__image-background wp-image-398 has-parallax\" style=\"background-position:50% 50%;background-image:url(https:\/\/pswbess.com\/wp-content\/uploads\/2025\/03\/Render_EC_Beauty_orignal-png.avif)\"><\/div><span aria-hidden=\"true\" class=\"wp-block-cover__background has-black-background-color has-background-dim-40 has-background-dim\"><\/span><div class=\"wp-block-cover__inner-container is-layout-flow wp-block-cover-is-layout-flow\">\n<h2 class=\"wp-block-heading has-text-align-center has-large-font-size\">Kraften bak fremskrittet<\/h2>\n\n\n\n<p class=\"has-text-align-center has-large-font-size\">En p\u00e5litelig energiinfrastruktur er avgj\u00f8rende for moderne samfunn. Den danner grunnlaget for energiproduksjon, -overf\u00f8ring og -distribusjon, og st\u00f8tter de ulike behovene til mennesker, bedrifter og \u00f8konomier over hele verden. Uten denne ryggraden stopper utviklingen bokstavelig talt opp.  <\/p>\n\n\n\n<div class=\"wp-block-columns is-layout-flex wp-container-core-columns-is-layout-9d6595d7 wp-block-columns-is-layout-flex\">\n<div class=\"wp-block-column is-vertically-aligned-center is-layout-flow wp-block-column-is-layout-flow\"><div class=\"wp-block-image\">\n<figure class=\"aligncenter size-full is-resized\"><img decoding=\"async\" src=\"https:\/\/pswpower.no\/wp-content\/uploads\/2024\/02\/grid_orange-copy.png\" alt=\"\" class=\"wp-image-504\" style=\"width:146px;height:auto\" \/><\/figure>\n<\/div>\n\n\n<div class=\"wp-block-columns is-layout-flex wp-container-core-columns-is-layout-9d6595d7 wp-block-columns-is-layout-flex\">\n<div class=\"wp-block-column is-layout-flow wp-block-column-is-layout-flow\"><div class=\"wp-block-image\">\n<figure class=\"aligncenter size-full is-resized\"><img decoding=\"async\" src=\"https:\/\/pswpower.no\/wp-content\/uploads\/2024\/02\/charging_oragne.png\" alt=\"\" class=\"wp-image-624\" style=\"width:156px;height:auto\" \/><\/figure>\n<\/div><\/div>\n<\/div>\n<\/div>\n\n\n\n<div class=\"wp-block-column is-layout-flow wp-block-column-is-layout-flow\"><div class=\"wp-block-image\">\n<figure class=\"aligncenter size-full is-resized\"><img decoding=\"async\" src=\"https:\/\/pswpower.no\/wp-content\/uploads\/2024\/02\/solar_orange.png\" alt=\"\" class=\"wp-image-626\" style=\"width:141px;height:auto\" \/><\/figure>\n<\/div>\n\n\n<div class=\"wp-block-columns is-layout-flex wp-container-core-columns-is-layout-9d6595d7 wp-block-columns-is-layout-flex\">\n<div class=\"wp-block-column is-layout-flow wp-block-column-is-layout-flow\"><div class=\"wp-block-image\">\n<figure class=\"aligncenter size-full is-resized\"><img decoding=\"async\" src=\"https:\/\/pswpower.no\/wp-content\/uploads\/2024\/03\/battery_orange-copy.png\" alt=\"\" class=\"wp-image-623\" style=\"width:143px;height:auto\" \/><\/figure>\n<\/div><\/div>\n<\/div>\n<\/div>\n\n\n\n<div class=\"wp-block-column is-layout-flow wp-block-column-is-layout-flow\"><div class=\"wp-block-image\">\n<figure class=\"aligncenter size-full is-resized\"><img decoding=\"async\" src=\"https:\/\/pswpower.no\/wp-content\/uploads\/2024\/02\/wind_organe.png\" alt=\"\" class=\"wp-image-622\" style=\"width:142px;height:auto\" \/><\/figure>\n<\/div>\n\n\n<div class=\"wp-block-columns is-layout-flex wp-container-core-columns-is-layout-9d6595d7 wp-block-columns-is-layout-flex\">\n<div class=\"wp-block-column is-layout-flow wp-block-column-is-layout-flow\"><div class=\"wp-block-image\">\n<figure class=\"aligncenter size-full is-resized\"><img decoding=\"async\" src=\"https:\/\/pswpower.no\/wp-content\/uploads\/2024\/04\/shore-power.png\" alt=\"\" class=\"wp-image-1091\" style=\"width:98px;height:auto\" \/><\/figure>\n<\/div><\/div>\n<\/div>\n<\/div>\n<\/div>\n<\/div><\/div>\n\n<figure class=\"wp-block-pullquote has-psw-orange-color has-text-color has-link-color has-large-font-size wp-elements-5ac4338bd1a107ecd544b377119ab090\"><blockquote><p>Hvorfor er det viktig \u00e5 investere i energiinfrastruktur n\u00e5?<br \/><br \/>Verden st\u00e5r overfor presserende utfordringer: klimaendringer, energisikkerhet og \u00f8kende global konkurranse. For \u00e5 m\u00f8te disse utfordringene er m\u00e5lrettede investeringer i energiinfrastruktur avgj\u00f8rende. De er n\u00f8kkelen til et b\u00e6rekraftig, p\u00e5litelig og fremtidsrettet samfunn.  <\/p><\/blockquote><\/figure>\n\n<div class=\"wp-block-cover alignfull has-parallax\" style=\"min-height:1985px;aspect-ratio:unset;\"><div class=\"wp-block-cover__image-background wp-image-913 has-parallax\" style=\"background-position:50% 50%;background-image:url(https:\/\/pswpower.no\/wp-content\/uploads\/2024\/02\/IMG_2738_redigert-scaled.webp)\"><\/div><span aria-hidden=\"true\" class=\"wp-block-cover__background has-background-dim\"><\/span><div class=\"wp-block-cover__inner-container is-layout-flow wp-block-cover-is-layout-flow\">\n<h1 class=\"wp-block-heading has-text-align-left has-x-large-font-size\"><strong>Smart Grid-teknologi<\/strong> &#8211; <strong>n\u00f8kkelen til b\u00e6rekraftig energi<\/strong><\/h1>\n\n\n\n<p class=\"has-text-align-left has-large-font-size\">Integrering av fornybar energi krever smarte l\u00f8sninger. Hos PSW fokuserer vi p\u00e5 avanserte nettteknologier som h\u00e5ndterer str\u00f8m effektivt og i sanntid. Takket v\u00e6re sensorer, kommunikasjonsnettverk og intelligente kontrollsystemer kan smarte nett koordinere produksjon, distribusjon og forbruk p\u00e5 en optimal m\u00e5te.  <\/p>\n\n\n\n<p class=\"has-text-align-left has-large-font-size\">Ved hjelp av prediktive algoritmer kan nettoperat\u00f8rene n\u00f8yaktig estimere svingninger i fornybare energikilder og proaktivt justere energiflyten. Dette minimerer avbrudd og maksimerer tilgjengelige energiressurser &#8211; for et mer stabilt og b\u00e6rekraftig nett. <\/p>\n<\/div><\/div>\n\n<div class=\"wp-block-cover alignfull\"><img decoding=\"async\" class=\"wp-block-cover__image-background wp-image-1112\" alt=\"Energy management system\" src=\"https:\/\/pswpower.no\/wp-content\/uploads\/2024\/05\/shutterstock_1617365701_cropped-scaled.webp\" data-object-fit=\"cover\" \/><span aria-hidden=\"true\" class=\"wp-block-cover__background has-background-dim-70 has-background-dim\"><\/span><div class=\"wp-block-cover__inner-container is-layout-flow wp-block-cover-is-layout-flow\">\n<p class=\"has-text-align-center has-x-large-font-size\">Intelligent energistyring med EMS<\/p>\n\n\n\n<div class=\"wp-block-columns is-layout-flex wp-container-core-columns-is-layout-9d6595d7 wp-block-columns-is-layout-flex\">\n<div class=\"wp-block-column is-layout-flow wp-block-column-is-layout-flow\">\n<p class=\"has-medium-font-size\">V\u00e5rt avanserte energistyringssystem (EMS) integrerer s\u00f8ml\u00f8st b\u00e5de enkeltkomponenter og store energisystemer, avhengig av infrastrukturen. Systemet s\u00f8rger for sikker og p\u00e5litelig drift og balanserer kontinuerlig energiproduksjon, -lagring og -forbruk. <\/p>\n<\/div>\n\n\n\n<div class=\"wp-block-column is-layout-flow wp-block-column-is-layout-flow\">\n<p class=\"has-medium-font-size\">Smarte data, smarte beslutninger. Takket v\u00e6re dyp innsikt i driftsdata kan EMS tilpasse energiforbruket til systembehovene. Dette omfatter blant annet prioritering av str\u00f8mforsyningen til ladestasjoner for elbiler, begrensning av toppbelastninger, st\u00f8tte til svake nettverk og optimalisering av energitakster.  <\/p>\n\n\n\n<p class=\"has-medium-font-size\"><\/p>\n<\/div>\n\n\n\n<div class=\"wp-block-column is-layout-flow wp-block-column-is-layout-flow\">\n<p class=\"has-medium-font-size\">\u00d8konomisk og b\u00e6rekraftig avkastning. Maksimal batterilevetid. For energiproduksjons- og lagringssystemer bruker EMS markedsinnsikt til \u00e5 veksle strategisk mellom lagring, handel og forbruk. Dette maksimerer den \u00f8konomiske avkastningen. N\u00e5r prisarbitrasje eller balanseringstjenester spiller en sekund\u00e6r rolle, overv\u00e5ker EMS &#8211; i samarbeid med Asset Management System (AMS) &#8211; belastningen p\u00e5 batteriene. Dette forhindrer overdreven slitasje og s\u00f8rger for at batteriene brukes optimalt til sitt prim\u00e6re form\u00e5l, noe som gir maksimal levetid og effektivitet.     <\/p>\n\n\n\n<p class=\"has-medium-font-size\"><\/p>\n<\/div>\n<\/div>\n<\/div><\/div>\n\n<div class=\"wp-block-cover alignfull has-parallax\"><div role=\"img\" aria-label=\"city with energy black-out\" class=\"wp-block-cover__image-background wp-image-1196 has-parallax\" style=\"background-position:50% 50%;background-image:url(https:\/\/pswpower.no\/wp-content\/uploads\/2024\/02\/shutterstock_2199721635-1-scaled.avif)\"><\/div><span aria-hidden=\"true\" class=\"wp-block-cover__background has-background-dim\"><\/span><div class=\"wp-block-cover__inner-container is-layout-flow wp-block-cover-is-layout-flow\">\n<p class=\"has-text-align-center has-x-large-font-size\"><strong>Forebygging av str\u00f8mbrudd p\u00e5 nettet<\/strong><\/p>\n\n\n\n<div class=\"wp-block-columns is-layout-flex wp-container-core-columns-is-layout-9d6595d7 wp-block-columns-is-layout-flex\">\n<div class=\"wp-block-column is-layout-flow wp-block-column-is-layout-flow\"><div class=\"wp-block-image\">\n<figure class=\"aligncenter size-full is-resized\"><img decoding=\"async\" src=\"https:\/\/pswpower.no\/wp-content\/uploads\/2024\/11\/monitor_white.png\" alt=\"\" class=\"wp-image-1382\" style=\"width:66px;height:auto\" \/><\/figure>\n<\/div>\n\n\n<p class=\"has-text-align-center\">Systemet analyserer og reagerer deretter, og forhindrer at det oppst\u00e5r str\u00f8mbrudd i nettet.<\/p>\n<\/div>\n\n\n\n<div class=\"wp-block-column is-layout-flow wp-block-column-is-layout-flow\"><div class=\"wp-block-image\">\n<figure class=\"aligncenter size-full is-resized\"><img decoding=\"async\" src=\"https:\/\/pswpower.no\/wp-content\/uploads\/2024\/02\/blackout_WHITE.png\" alt=\"\" class=\"wp-image-1198\" style=\"width:66px;height:auto\" \/><\/figure>\n<\/div>\n\n\n<p class=\"has-text-align-center\">Nettverkstilkoblingen kan utnyttes fullt ut uten risiko for str\u00f8mbrudd.<\/p>\n<\/div>\n\n\n\n<div class=\"wp-block-column is-layout-flow wp-block-column-is-layout-flow\"><div class=\"wp-block-image\">\n<figure class=\"aligncenter size-full is-resized\"><img decoding=\"async\" src=\"https:\/\/pswpower.no\/wp-content\/uploads\/2024\/02\/speed_WHITE.png\" alt=\"\" class=\"wp-image-1199\" style=\"width:65px;height:auto\" \/><\/figure>\n<\/div>\n\n\n<p class=\"has-text-align-center\">Responstiden, fra en kritisk situasjon oppdages til systemet tilpasser belastningen, kan m\u00e5les i milisekunder.<\/p>\n<\/div>\n<\/div>\n<\/div><\/div>\n\n<div class=\"wp-block-cover alignfull has-parallax\"><div role=\"img\" aria-label=\"Asset Management System\" class=\"wp-block-cover__image-background wp-image-608 has-parallax\" style=\"background-position:50% 50%;background-image:url(https:\/\/pswpower.no\/wp-content\/uploads\/2024\/03\/shutterstock_1312591709-scaled.webp)\"><\/div><span aria-hidden=\"true\" class=\"wp-block-cover__background has-background-dim\"><\/span><div class=\"wp-block-cover__inner-container is-layout-flow wp-block-cover-is-layout-flow\">\n<p class=\"has-text-align-center has-x-large-font-size\"><strong>System for forvaltning av eiendeler<\/strong><\/p>\n\n\n\n<div class=\"wp-block-columns is-layout-flex wp-container-core-columns-is-layout-9d6595d7 wp-block-columns-is-layout-flex\">\n<div class=\"wp-block-column is-layout-flow wp-block-column-is-layout-flow\">\n<p class=\"has-medium-font-size\"><strong>Smart koordinering med AMS.  <\/strong><\/p>\n\n\n\n<p class=\"has-medium-font-size\">V\u00e5rt Asset Management System (AMS) er det bankende hjertet i et effektivt energi\u00f8kosystem. Det samler inn og overf\u00f8rer data til alle tilkoblede energianlegg og orkestrerer samarbeidet mellom dem. AMS utnytter dermed kraften til individuelle enheter &#8211; b\u00e5de store og sm\u00e5 &#8211; til \u00e5 delta kollektivt i energi- og balanseringsmarkedene.  <\/p>\n\n\n\n<p class=\"has-medium-font-size\"><\/p>\n<\/div>\n\n\n\n<div class=\"wp-block-column is-layout-flow wp-block-column-is-layout-flow\">\n<p class=\"has-medium-font-size\"><strong>Fleksibilitet blir til verdi.  <\/strong><\/p>\n\n\n\n<p class=\"has-medium-font-size\">Takket v\u00e6re denne smarte koordineringen kan selv mindre anlegg som ikke er individuelt omsettelige, likevel levere balansetjenester. Dette \u00e5pner for nye inntektsstr\u00f8mmer basert p\u00e5 fleksibiliteten deres. <\/p>\n\n\n\n<p class=\"has-medium-font-size\"><\/p>\n<\/div>\n\n\n\n<div class=\"wp-block-column is-layout-flow wp-block-column-is-layout-flow\">\n<p class=\"has-medium-font-size\"><strong>\u00c5penhet via Asset Hub.<\/strong> <\/p>\n\n\n\n<p class=\"has-medium-font-size\">AMS deler relevante aktiva- og markedsdata med Asset Hub, noe som gir kundene full \u00e5penhet om resultater, markedsinteraksjon og avkastning.<\/p>\n<\/div>\n\n\n\n<div class=\"wp-block-column is-layout-flow wp-block-column-is-layout-flow\">\n<p class=\"has-medium-font-size\"><strong>Markedsdeltakelse som en tjeneste<\/strong>.<\/p>\n\n\n\n<p class=\"has-medium-font-size\">AMS tilbyr en n\u00f8kkelferdig l\u00f8sning for markedsdeltakelse. Anleggseiere kan utnytte mulighetene i energimarkedet &#8211; uten selv \u00e5 investere i kompleks teknologi eller infrastruktur. <\/p>\n<\/div>\n<\/div>\n<\/div><\/div>\n\n<div class=\"wp-block-columns alignfull has-black-background-color has-background is-layout-flex wp-container-core-columns-is-layout-9d6595d7 wp-block-columns-is-layout-flex\">\n<div class=\"wp-block-column is-layout-flow wp-block-column-is-layout-flow\">\n<h2 class=\"wp-block-heading has-text-align-center has-psw-orange-color has-text-color has-link-color has-x-large-font-size wp-elements-b126b51f81da89e6045e67779182447a\">Asset Hub<\/h2>\n\n\n\n<div class=\"wp-block-columns is-layout-flex wp-container-core-columns-is-layout-9d6595d7 wp-block-columns-is-layout-flex\">\n<div class=\"wp-block-column is-layout-flow wp-block-column-is-layout-flow\">\n<p class=\"has-white-color has-text-color has-link-color has-medium-font-size wp-elements-753045041c5d05b430c583d43c600176\">Asset Hub er et instrumentpanel som er tilpasset samlingen av eiendeler. Dette brukergrensesnittet viser n\u00f8kkeltall for anleggets status og tilstand, og for enkelte applikasjoner visualiseres markedsdata og inntekter for \u00e5 gi en total oversikt.<\/p>\n<\/div>\n\n\n\n<div class=\"wp-block-column is-layout-flow wp-block-column-is-layout-flow\">\n<p class=\"has-white-color has-text-color has-link-color has-medium-font-size wp-elements-462b6bae4c4815591f8285bb0619c61d\">Layout og datafelter vil variere og avhenge av type eiendeler og applikasjon. Denne tilpasses slik at den passer best mulig til brukertilfellet.<\/p>\n<\/div>\n\n\n\n<div class=\"wp-block-column is-layout-flow wp-block-column-is-layout-flow\">\n<p class=\"has-white-color has-text-color has-link-color has-medium-font-size wp-elements-94bbd6d844f3313c53fc9eb421c0a4bc\">Asset Hub er nettbasert, s\u00e5 det er ikke n\u00f8dvendig \u00e5 installere programvare. Om \u00f8nskelig er et Asset Hub API tilgjengelig for kunder som \u00f8nsker \u00e5 integrere dette i sine egne systemer.<\/p>\n<\/div>\n<\/div>\n\n\n\n<figure class=\"wp-block-embed alignwide is-type-video is-provider-youtube wp-block-embed-youtube wp-embed-aspect-16-9 wp-has-aspect-ratio\"><div class=\"wp-block-embed__wrapper\">\n<iframe title=\"Asset Hub Dashboard\" width=\"580\" height=\"326\" src=\"https:\/\/www.youtube.com\/embed\/rPWdpswjRos?feature=oembed\" frameborder=\"0\" allow=\"accelerometer; autoplay; clipboard-write; encrypted-media; gyroscope; picture-in-picture; web-share\" referrerpolicy=\"strict-origin-when-cross-origin\" allowfullscreen><\/iframe>\n<\/div><\/figure>\n<\/div>\n<\/div>\n\n<div class=\"wp-block-columns is-layout-flex wp-container-core-columns-is-layout-9d6595d7 wp-block-columns-is-layout-flex\">\n<div class=\"wp-block-column is-layout-flow wp-block-column-is-layout-flow\">\n<div class=\"wp-block-buttons is-content-justification-center is-layout-flex wp-container-core-buttons-is-layout-16018d1d wp-block-buttons-is-layout-flex\">\n<div class=\"wp-block-button\"><a class=\"wp-block-button__link has-white-color has-psw-orange-background-color has-text-color has-background has-link-color wp-element-button\" href=\"https:\/\/pswpower.no\/downloads\/\">Last ned produktarket v\u00e5rt for energikontroll<\/a><\/div>\n<\/div>\n<\/div>\n<\/div>\n\n<p><\/p>\n","protected":false},"excerpt":{"rendered":"<p>Hvorfor er det viktig \u00e5 investere i energiinfrastruktur n\u00e5? Verden st\u00e5r overfor presserende utfordringer: klimaendringer, energisikkerhet og \u00f8kende global konkurranse. For \u00e5 m\u00f8te disse utfordringene er m\u00e5lrettede investeringer i energiinfrastruktur avgj\u00f8rende. De er n\u00f8kkelen til et b\u00e6rekraftig, p\u00e5litelig og fremtidsrettet samfunn. Asset Hub Asset Hub er et instrumentpanel som er tilpasset samlingen av eiendeler. Dette [&hellip;]<\/p>\n","protected":false},"author":2,"featured_media":1364,"parent":0,"menu_order":1,"comment_status":"closed","ping_status":"closed","template":"","meta":{"_acf_changed":false,"footnotes":""},"class_list":["post-993","page","type-page","status-publish","has-post-thumbnail","hentry"],"acf":[],"jetpack_sharing_enabled":true,"_links":{"self":[{"href":"https:\/\/pswbess.com\/no\/wp-json\/wp\/v2\/pages\/993","targetHints":{"allow":["GET"]}}],"collection":[{"href":"https:\/\/pswbess.com\/no\/wp-json\/wp\/v2\/pages"}],"about":[{"href":"https:\/\/pswbess.com\/no\/wp-json\/wp\/v2\/types\/page"}],"author":[{"embeddable":true,"href":"https:\/\/pswbess.com\/no\/wp-json\/wp\/v2\/users\/2"}],"replies":[{"embeddable":true,"href":"https:\/\/pswbess.com\/no\/wp-json\/wp\/v2\/comments?post=993"}],"version-history":[{"count":7,"href":"https:\/\/pswbess.com\/no\/wp-json\/wp\/v2\/pages\/993\/revisions"}],"predecessor-version":[{"id":2083,"href":"https:\/\/pswbess.com\/no\/wp-json\/wp\/v2\/pages\/993\/revisions\/2083"}],"wp:featuredmedia":[{"embeddable":true,"href":"https:\/\/pswbess.com\/no\/wp-json\/wp\/v2\/media\/1364"}],"wp:attachment":[{"href":"https:\/\/pswbess.com\/no\/wp-json\/wp\/v2\/media?parent=993"}],"curies":[{"name":"wp","href":"https:\/\/api.w.org\/{rel}","templated":true}]}}