{"id":1049,"date":"2025-03-10T13:57:32","date_gmt":"2025-03-10T13:57:32","guid":{"rendered":"https:\/\/pswbess.com\/firma\/"},"modified":"2025-09-12T06:58:56","modified_gmt":"2025-09-12T06:58:56","slug":"firma","status":"publish","type":"page","link":"https:\/\/pswbess.com\/pl\/firma\/","title":{"rendered":"Firma"},"content":{"rendered":"\n<p>PSW Power &amp; Automation oferuje kompletne rozwi\u0105zania w zakresie elektryfikacji i zr\u00f3wnowa\u017conej energii. Specjalizujemy si\u0119 w projektowaniu i integracji: <\/p>\n\n<ul class=\"wp-block-list\">\n<li>Systemy energii elektrycznej<\/li>\n\n\n\n<li>Infrastruktura elektryczna<\/li>\n\n\n\n<li>Systemy magazynowania energii<\/li>\n\n\n\n<li>Systemy sterowania<\/li>\n<\/ul>\n\n<p>Dzi\u0119ki naszej wiedzy technicznej i przysz\u0142o\u015bciowemu podej\u015bciu pomagamy organizacjom w realizacji niezawodnych, wydajnych i zr\u00f3wnowa\u017conych rozwi\u0105za\u0144 energetycznych.<\/p>\n","protected":false},"excerpt":{"rendered":"<p>PSW Power &amp; Automation oferuje kompletne rozwi\u0105zania w zakresie elektryfikacji i zr\u00f3wnowa\u017conej energii.<\/p>\n","protected":false},"author":1,"featured_media":445,"parent":0,"menu_order":10,"comment_status":"closed","ping_status":"closed","template":"page-about.php","meta":{"_acf_changed":false,"footnotes":""},"class_list":["post-1049","page","type-page","status-publish","has-post-thumbnail","hentry"],"acf":[],"jetpack_sharing_enabled":true,"_links":{"self":[{"href":"https:\/\/pswbess.com\/pl\/wp-json\/wp\/v2\/pages\/1049","targetHints":{"allow":["GET"]}}],"collection":[{"href":"https:\/\/pswbess.com\/pl\/wp-json\/wp\/v2\/pages"}],"about":[{"href":"https:\/\/pswbess.com\/pl\/wp-json\/wp\/v2\/types\/page"}],"author":[{"embeddable":true,"href":"https:\/\/pswbess.com\/pl\/wp-json\/wp\/v2\/users\/1"}],"replies":[{"embeddable":true,"href":"https:\/\/pswbess.com\/pl\/wp-json\/wp\/v2\/comments?post=1049"}],"version-history":[{"count":4,"href":"https:\/\/pswbess.com\/pl\/wp-json\/wp\/v2\/pages\/1049\/revisions"}],"predecessor-version":[{"id":2073,"href":"https:\/\/pswbess.com\/pl\/wp-json\/wp\/v2\/pages\/1049\/revisions\/2073"}],"wp:featuredmedia":[{"embeddable":true,"href":"https:\/\/pswbess.com\/pl\/wp-json\/wp\/v2\/media\/445"}],"wp:attachment":[{"href":"https:\/\/pswbess.com\/pl\/wp-json\/wp\/v2\/media?parent=1049"}],"curies":[{"name":"wp","href":"https:\/\/api.w.org\/{rel}","templated":true}]}}