{"id":1073,"date":"2025-03-10T13:57:47","date_gmt":"2025-03-10T13:57:47","guid":{"rendered":"https:\/\/pswbess.com\/zrownowazony-rozwoj\/"},"modified":"2026-01-27T08:56:49","modified_gmt":"2026-01-27T08:56:49","slug":"zrownowazony-rozwoj","status":"publish","type":"page","link":"https:\/\/pswbess.com\/pl\/zrownowazony-rozwoj\/","title":{"rendered":"Zr\u00f3wnowa\u017cony rozw\u00f3j"},"content":{"rendered":"\n<h2 class=\"wp-block-heading has-x-large-font-size\">Energia dla zr\u00f3wnowa\u017conej przysz\u0142o\u015bci<\/h2>\n\n<p>PSW Power &amp; Automation przyspiesza globaln\u0105 transformacj\u0119 energetyczn\u0105 dzi\u0119ki innowacyjnym rozwi\u0105zaniom elektryfikacyjnym, kt\u00f3re zast\u0119puj\u0105 paliwa kopalne. Nasza technologia umo\u017cliwia bran\u017com wydajn\u0105 integracj\u0119 energii odnawialnej i zmniejszenie ich wp\u0142ywu na \u015brodowisko. <\/p>\n\n<p>Co robimy:<\/p>\n\n<ul class=\"wp-block-list\">\n<li>Magazynowanie energii &#8211; stacjonarne i mobilne rozwi\u0105zania do stabilizacji sieci i infrastruktury tymczasowej<\/li>\n\n\n\n<li>Zasilanie i \u0142adowanie na l\u0105dzie &#8211; Zmniejszenie emisji ze statk\u00f3w w portach i na morzu<\/li>\n\n\n\n<li>Inteligentne zarz\u0105dzanie energi\u0105 &#8211; Optymalizacja wydajno\u015bci poprzez inteligentne zarz\u0105dzanie energi\u0105<\/li>\n<\/ul>\n\n<h3 class=\"wp-block-heading\">Zr\u00f3wnowa\u017cony rozw\u00f3j i gospodarka o obiegu zamkni\u0119tym<\/h3>\n\n<p>Jeste\u015bmy zaanga\u017cowani w realizacj\u0119 Cel\u00f3w Zr\u00f3wnowa\u017conego Rozwoju (SDG) i zasad ESG Organizacji Narod\u00f3w Zjednoczonych. Znajduje to odzwierciedlenie w naszych produktach, procesach i \u0142a\u0144cuchu dostaw. Od oceny \u015bladu w\u0119glowego po recykling baterii z odzyskiem &gt;90%, wybieramy odpowiedzialne i zasobooszcz\u0119dne podej\u015bcie do elektryfikacji.  <\/p>\n\n<h3 class=\"wp-block-heading\">Przejrzysto\u015b\u0107 i etyka w \u0142a\u0144cuchu dostaw<\/h3>\n\n<p>Gwarantujemy etyczny i przejrzysty \u0142a\u0144cuch dostaw poprzez:<\/p>\n\n<ul class=\"wp-block-list\">\n<li>\u015aledzenie surowc\u00f3w<\/li>\n\n\n\n<li>Zgodno\u015b\u0107 ze standardami praw cz\u0142owieka<\/li>\n\n\n\n<li>Rygorystyczne standardy jako\u015bci i bezpiecze\u0144stwa w naszych rozwi\u0105zaniach akumulatorowych<\/li>\n<\/ul>\n\n<figure class=\"wp-block-embed is-type-video is-provider-youtube wp-block-embed-youtube wp-embed-aspect-16-9 wp-has-aspect-ratio\"><div class=\"wp-block-embed__wrapper\">\n<iframe title=\"ESG and SDG - A powerful synergy\" width=\"580\" height=\"326\" src=\"https:\/\/www.youtube.com\/embed\/wZFYo91wIYY?feature=oembed\" frameborder=\"0\" allow=\"accelerometer; autoplay; clipboard-write; encrypted-media; gyroscope; picture-in-picture; web-share\" referrerpolicy=\"strict-origin-when-cross-origin\" allowfullscreen><\/iframe>\n<\/div><\/figure>\n","protected":false},"excerpt":{"rendered":"<p>Energia dla zr\u00f3wnowa\u017conej przysz\u0142o\u015bci PSW Power &amp; Automation przyspiesza globaln\u0105 transformacj\u0119 energetyczn\u0105 dzi\u0119ki innowacyjnym rozwi\u0105zaniom elektryfikacyjnym, kt\u00f3re zast\u0119puj\u0105 paliwa kopalne. Nasza technologia umo\u017cliwia bran\u017com wydajn\u0105 integracj\u0119 energii odnawialnej i zmniejszenie ich wp\u0142ywu na \u015brodowisko. Co robimy: Zr\u00f3wnowa\u017cony rozw\u00f3j i gospodarka o obiegu zamkni\u0119tym Jeste\u015bmy zaanga\u017cowani w realizacj\u0119 Cel\u00f3w Zr\u00f3wnowa\u017conego Rozwoju (SDG) i zasad ESG Organizacji [&hellip;]<\/p>\n","protected":false},"author":1,"featured_media":0,"parent":0,"menu_order":20,"comment_status":"closed","ping_status":"closed","template":"","meta":{"_acf_changed":false,"footnotes":""},"class_list":["post-1073","page","type-page","status-publish","hentry"],"acf":[],"jetpack_sharing_enabled":true,"_links":{"self":[{"href":"https:\/\/pswbess.com\/pl\/wp-json\/wp\/v2\/pages\/1073","targetHints":{"allow":["GET"]}}],"collection":[{"href":"https:\/\/pswbess.com\/pl\/wp-json\/wp\/v2\/pages"}],"about":[{"href":"https:\/\/pswbess.com\/pl\/wp-json\/wp\/v2\/types\/page"}],"author":[{"embeddable":true,"href":"https:\/\/pswbess.com\/pl\/wp-json\/wp\/v2\/users\/1"}],"replies":[{"embeddable":true,"href":"https:\/\/pswbess.com\/pl\/wp-json\/wp\/v2\/comments?post=1073"}],"version-history":[{"count":2,"href":"https:\/\/pswbess.com\/pl\/wp-json\/wp\/v2\/pages\/1073\/revisions"}],"predecessor-version":[{"id":2040,"href":"https:\/\/pswbess.com\/pl\/wp-json\/wp\/v2\/pages\/1073\/revisions\/2040"}],"wp:attachment":[{"href":"https:\/\/pswbess.com\/pl\/wp-json\/wp\/v2\/media?parent=1073"}],"curies":[{"name":"wp","href":"https:\/\/api.w.org\/{rel}","templated":true}]}}