{"id":1079,"date":"2025-03-13T06:55:19","date_gmt":"2025-03-13T06:55:19","guid":{"rendered":"https:\/\/pswbess.com\/hseq\/"},"modified":"2025-11-09T03:45:24","modified_gmt":"2025-11-09T03:45:24","slug":"hseq","status":"publish","type":"page","link":"https:\/\/pswbess.com\/pl\/hseq\/","title":{"rendered":"HSEQ"},"content":{"rendered":"\n<p>Jako\u015b\u0107, zdrowie, bezpiecze\u0144stwo i \u015brodowisko s\u0105 istotn\u0105 cz\u0119\u015bci\u0105 wszystkich operacji w PSW, a naszym celem jest przyczynianie si\u0119 do zr\u00f3wnowa\u017conego rozwoju poprzez prac\u0119 zgodnie z Celami Zr\u00f3wnowa\u017conego Rozwoju ONZ (SDG).<\/p>\n\n<p>Naszym celem jest:<\/p>\n\n<ul class=\"wp-block-list\">\n<li>Spe\u0142nia\u0107 wszystkie obowi\u0105zuj\u0105ce przepisy, regulacje i wymagania bran\u017cowe w zakresie QHSE zwi\u0105zane z nasz\u0105 dzia\u0142alno\u015bci\u0105 w ka\u017cdej lokalizacji geograficznej, w kt\u00f3rej prowadzimy dzia\u0142alno\u015b\u0107.<\/li>\n\n\n\n<li>Zero szk\u00f3d dla personelu i sprz\u0119tu<\/li>\n\n\n\n<li>Promowanie dobrej opieki zdrowotnej dla wszystkich naszych pracownik\u00f3w i zapobieganie chorobom zawodowym.<\/li>\n\n\n\n<li>Zero wyciek\u00f3w i zawsze d\u0105\u017cenie do minimalizowania wp\u0142ywu na \u015brodowisko we wszystkim, co robimy.<\/li>\n\n\n\n<li>Nieustannie analizowa\u0107 i ulepsza\u0107 nasze produkty i us\u0142ugi we wszystkich aspektach naszej dzia\u0142alno\u015bci.<\/li>\n\n\n\n<li>Zapobieganie wszelkim wypadkom, incydentom i urazom<\/li>\n\n\n\n<li>By\u0107 wiod\u0105c\u0105 firm\u0105 w kwestiach jako\u015bci, zdrowia, bezpiecze\u0144stwa i ochrony \u015brodowiska. Zarz\u0105dzanie ryzykiem jest istotn\u0105 cz\u0119\u015bci\u0105 naszych codziennych dzia\u0142a\u0144 <\/li>\n<\/ul>\n<div class=\"wp-block-image\">\n<figure class=\"aligncenter\"><img decoding=\"async\" src=\"https:\/\/pswpower.no\/wp-content\/uploads\/2024\/03\/ManagementSysCert_ISO9001_14001_45001_col.png\" alt=\"logo Certyfikacja systemu zarz&#x105;dzania ISO\" class=\"wp-image-644\" \/><\/figure>\n<\/div>","protected":false},"excerpt":{"rendered":"<p>Jako\u015b\u0107, zdrowie, bezpiecze\u0144stwo i \u015brodowisko s\u0105 istotn\u0105 cz\u0119\u015bci\u0105 wszystkich operacji w PSW, a naszym celem jest przyczynianie si\u0119 do zr\u00f3wnowa\u017conego rozwoju poprzez prac\u0119 zgodnie z Celami Zr\u00f3wnowa\u017conego Rozwoju ONZ (SDG). Naszym celem jest:<\/p>\n","protected":false},"author":2,"featured_media":589,"parent":0,"menu_order":22,"comment_status":"closed","ping_status":"closed","template":"","meta":{"_acf_changed":false,"footnotes":""},"class_list":["post-1079","page","type-page","status-publish","has-post-thumbnail","hentry"],"acf":[],"jetpack_sharing_enabled":true,"_links":{"self":[{"href":"https:\/\/pswbess.com\/pl\/wp-json\/wp\/v2\/pages\/1079","targetHints":{"allow":["GET"]}}],"collection":[{"href":"https:\/\/pswbess.com\/pl\/wp-json\/wp\/v2\/pages"}],"about":[{"href":"https:\/\/pswbess.com\/pl\/wp-json\/wp\/v2\/types\/page"}],"author":[{"embeddable":true,"href":"https:\/\/pswbess.com\/pl\/wp-json\/wp\/v2\/users\/2"}],"replies":[{"embeddable":true,"href":"https:\/\/pswbess.com\/pl\/wp-json\/wp\/v2\/comments?post=1079"}],"version-history":[{"count":2,"href":"https:\/\/pswbess.com\/pl\/wp-json\/wp\/v2\/pages\/1079\/revisions"}],"predecessor-version":[{"id":2207,"href":"https:\/\/pswbess.com\/pl\/wp-json\/wp\/v2\/pages\/1079\/revisions\/2207"}],"wp:featuredmedia":[{"embeddable":true,"href":"https:\/\/pswbess.com\/pl\/wp-json\/wp\/v2\/media\/589"}],"wp:attachment":[{"href":"https:\/\/pswbess.com\/pl\/wp-json\/wp\/v2\/media?parent=1079"}],"curies":[{"name":"wp","href":"https:\/\/api.w.org\/{rel}","templated":true}]}}