{"id":988,"date":"2025-03-14T09:07:38","date_gmt":"2025-03-14T09:07:38","guid":{"rendered":"https:\/\/pswbess.com\/kontrola-energii\/"},"modified":"2026-04-08T03:52:48","modified_gmt":"2026-04-08T03:52:48","slug":"kontrola-energii","status":"publish","type":"page","link":"https:\/\/pswbess.com\/pl\/kontrola-energii\/","title":{"rendered":"Kontrola energii"},"content":{"rendered":"\n<div class=\"wp-block-cover alignfull has-parallax\" style=\"min-height:882px;aspect-ratio:unset;\"><div class=\"wp-block-cover__image-background wp-image-398 has-parallax\" style=\"background-position:50% 50%;background-image:url(https:\/\/pswbess.com\/wp-content\/uploads\/2025\/03\/Render_EC_Beauty_orignal-png.avif)\"><\/div><span aria-hidden=\"true\" class=\"wp-block-cover__background has-black-background-color has-background-dim-40 has-background-dim\"><\/span><div class=\"wp-block-cover__inner-container is-layout-flow wp-block-cover-is-layout-flow\">\n<h2 class=\"wp-block-heading has-text-align-center has-large-font-size\">Moc stoj\u0105ca za post\u0119pem<\/h2>\n\n\n\n<p class=\"has-text-align-center has-large-font-size\">Niezawodna infrastruktura energetyczna jest niezb\u0119dna dla nowoczesnych spo\u0142ecze\u0144stw. Stanowi ona podstaw\u0119 produkcji, przesy\u0142u i dystrybucji energii, wspieraj\u0105c r\u00f3\u017cnorodne potrzeby ludzi, firm i gospodarek na ca\u0142ym \u015bwiecie. Bez tego kr\u0119gos\u0142upa post\u0119p dos\u0142ownie si\u0119 zatrzymuje.  <\/p>\n\n\n\n<div class=\"wp-block-columns is-layout-flex wp-container-core-columns-is-layout-9d6595d7 wp-block-columns-is-layout-flex\">\n<div class=\"wp-block-column is-vertically-aligned-center is-layout-flow wp-block-column-is-layout-flow\"><div class=\"wp-block-image\">\n<figure class=\"aligncenter size-full is-resized\"><img decoding=\"async\" src=\"https:\/\/pswpower.no\/wp-content\/uploads\/2024\/02\/grid_orange-copy.png\" alt=\"\" class=\"wp-image-504\" style=\"width:146px;height:auto\" \/><\/figure>\n<\/div>\n\n\n<div class=\"wp-block-columns is-layout-flex wp-container-core-columns-is-layout-9d6595d7 wp-block-columns-is-layout-flex\">\n<div class=\"wp-block-column is-layout-flow wp-block-column-is-layout-flow\"><div class=\"wp-block-image\">\n<figure class=\"aligncenter size-full is-resized\"><img decoding=\"async\" src=\"https:\/\/pswpower.no\/wp-content\/uploads\/2024\/02\/charging_oragne.png\" alt=\"\" class=\"wp-image-624\" style=\"width:156px;height:auto\" \/><\/figure>\n<\/div><\/div>\n<\/div>\n<\/div>\n\n\n\n<div class=\"wp-block-column is-layout-flow wp-block-column-is-layout-flow\"><div class=\"wp-block-image\">\n<figure class=\"aligncenter size-full is-resized\"><img decoding=\"async\" src=\"https:\/\/pswpower.no\/wp-content\/uploads\/2024\/02\/solar_orange.png\" alt=\"\" class=\"wp-image-626\" style=\"width:141px;height:auto\" \/><\/figure>\n<\/div>\n\n\n<div class=\"wp-block-columns is-layout-flex wp-container-core-columns-is-layout-9d6595d7 wp-block-columns-is-layout-flex\">\n<div class=\"wp-block-column is-layout-flow wp-block-column-is-layout-flow\"><div class=\"wp-block-image\">\n<figure class=\"aligncenter size-full is-resized\"><img decoding=\"async\" src=\"https:\/\/pswpower.no\/wp-content\/uploads\/2024\/03\/battery_orange-copy.png\" alt=\"\" class=\"wp-image-623\" style=\"width:143px;height:auto\" \/><\/figure>\n<\/div><\/div>\n<\/div>\n<\/div>\n\n\n\n<div class=\"wp-block-column is-layout-flow wp-block-column-is-layout-flow\"><div class=\"wp-block-image\">\n<figure class=\"aligncenter size-full is-resized\"><img decoding=\"async\" src=\"https:\/\/pswpower.no\/wp-content\/uploads\/2024\/02\/wind_organe.png\" alt=\"\" class=\"wp-image-622\" style=\"width:142px;height:auto\" \/><\/figure>\n<\/div>\n\n\n<div class=\"wp-block-columns is-layout-flex wp-container-core-columns-is-layout-9d6595d7 wp-block-columns-is-layout-flex\">\n<div class=\"wp-block-column is-layout-flow wp-block-column-is-layout-flow\"><div class=\"wp-block-image\">\n<figure class=\"aligncenter size-full is-resized\"><img decoding=\"async\" src=\"https:\/\/pswpower.no\/wp-content\/uploads\/2024\/04\/shore-power.png\" alt=\"\" class=\"wp-image-1091\" style=\"width:98px;height:auto\" \/><\/figure>\n<\/div><\/div>\n<\/div>\n<\/div>\n<\/div>\n<\/div><\/div>\n\n<figure class=\"wp-block-pullquote has-psw-orange-color has-text-color has-link-color has-large-font-size wp-elements-38c05d5f3a459d0315ccd332f2972ef1\"><blockquote><p>Dlaczego inwestowanie w infrastruktur\u0119 energetyczn\u0105 ma teraz znaczenie?<br \/><br \/>\u015awiat stoi przed pilnymi wyzwaniami: zmianami klimatu, bezpiecze\u0144stwem energetycznym i rosn\u0105c\u0105 globaln\u0105 konkurencj\u0105. Aby im sprosta\u0107, niezb\u0119dne s\u0105 ukierunkowane inwestycje w infrastruktur\u0119 energetyczn\u0105. S\u0105 one kluczem do zr\u00f3wnowa\u017conego, niezawodnego i przysz\u0142o\u015bciowego spo\u0142ecze\u0144stwa.  <\/p><\/blockquote><\/figure>\n\n<div class=\"wp-block-cover alignfull has-parallax\" style=\"min-height:1985px;aspect-ratio:unset;\"><div class=\"wp-block-cover__image-background wp-image-913 has-parallax\" style=\"background-position:50% 50%;background-image:url(https:\/\/pswpower.no\/wp-content\/uploads\/2024\/02\/IMG_2738_redigert-scaled.webp)\"><\/div><span aria-hidden=\"true\" class=\"wp-block-cover__background has-background-dim\"><\/span><div class=\"wp-block-cover__inner-container is-layout-flow wp-block-cover-is-layout-flow\">\n<h1 class=\"wp-block-heading has-text-align-left has-x-large-font-size\"><strong>Technologia Smart Grid<\/strong> &#8211; <strong>klucz do zr\u00f3wnowa\u017conej energii<\/strong><\/h1>\n\n\n\n<p class=\"has-text-align-left has-large-font-size\">Integracja energii odnawialnej wymaga inteligentnych rozwi\u0105za\u0144. W PSW koncentrujemy si\u0119 na zaawansowanych technologiach sieciowych, kt\u00f3re efektywnie zarz\u0105dzaj\u0105 energi\u0105 elektryczn\u0105 w czasie rzeczywistym. Dzi\u0119ki czujnikom, sieciom komunikacyjnym i inteligentnym systemom sterowania, inteligentne sieci optymalnie koordynuj\u0105 wytwarzanie, dystrybucj\u0119 i zu\u017cycie energii.  <\/p>\n\n\n\n<p class=\"has-text-align-left has-large-font-size\">Korzystaj\u0105c z algorytm\u00f3w predykcyjnych, operatorzy sieci mog\u0105 dok\u0142adnie oszacowa\u0107 wahania odnawialnych \u017ar\u00f3de\u0142 energii i proaktywnie dostosowywa\u0107 przep\u0142ywy energii. Minimalizuje to przerwy w dostawach i maksymalizuje dost\u0119pne zasoby energetyczne, zapewniaj\u0105c bardziej stabiln\u0105 i zr\u00f3wnowa\u017con\u0105 sie\u0107. <\/p>\n<\/div><\/div>\n\n<div class=\"wp-block-cover alignfull\"><img decoding=\"async\" class=\"wp-block-cover__image-background wp-image-1112\" alt=\"Energy management system\" src=\"https:\/\/pswpower.no\/wp-content\/uploads\/2024\/05\/shutterstock_1617365701_cropped-scaled.webp\" data-object-fit=\"cover\" \/><span aria-hidden=\"true\" class=\"wp-block-cover__background has-background-dim-70 has-background-dim\"><\/span><div class=\"wp-block-cover__inner-container is-layout-flow wp-block-cover-is-layout-flow\">\n<p class=\"has-text-align-center has-x-large-font-size\">Inteligentne zarz\u0105dzanie energi\u0105 z EMS<\/p>\n\n\n\n<div class=\"wp-block-columns is-layout-flex wp-container-core-columns-is-layout-9d6595d7 wp-block-columns-is-layout-flex\">\n<div class=\"wp-block-column is-layout-flow wp-block-column-is-layout-flow\">\n<p class=\"has-medium-font-size\">Nasz zaawansowany system zarz\u0105dzania energi\u0105 (EMS) p\u0142ynnie integruje zar\u00f3wno pojedyncze komponenty, jak i wielkoskalowe systemy energetyczne, w zale\u017cno\u015bci od infrastruktury. System zapewnia bezpieczn\u0105, niezawodn\u0105 prac\u0119 i stale r\u00f3wnowa\u017cy produkcj\u0119, magazynowanie i zu\u017cycie energii. <\/p>\n<\/div>\n\n\n\n<div class=\"wp-block-column is-layout-flow wp-block-column-is-layout-flow\">\n<p class=\"has-medium-font-size\">Inteligentne dane, inteligentne decyzje. Dzi\u0119ki dog\u0142\u0119bnemu wgl\u0105dowi w dane operacyjne, system EMS dostosowuje zu\u017cycie energii do potrzeb systemu. Obejmuje to priorytetowe zasilanie stacji \u0142adowania pojazd\u00f3w elektrycznych, ograniczanie obci\u0105\u017ce\u0144 szczytowych, wspieranie s\u0142abych sieci i optymalizacj\u0119 stawek za energi\u0119.  <\/p>\n\n\n\n<p class=\"has-medium-font-size\"><\/p>\n<\/div>\n\n\n\n<div class=\"wp-block-column is-layout-flow wp-block-column-is-layout-flow\">\n<p class=\"has-medium-font-size\">Ekonomiczne i zr\u00f3wnowa\u017cone zyski. Maksymalna \u017cywotno\u015b\u0107 baterii. W przypadku system\u00f3w wytwarzania i magazynowania energii, EMS wykorzystuje wiedz\u0119 rynkow\u0105 do strategicznego prze\u0142\u0105czania mi\u0119dzy magazynowaniem, handlem i zu\u017cyciem. Maksymalizuje to zyski ekonomiczne. Gdy arbitra\u017c cenowy lub us\u0142ugi bilansowania odgrywaj\u0105 drugorz\u0119dn\u0105 rol\u0119, EMS &#8211; we wsp\u00f3\u0142pracy z systemem zarz\u0105dzania aktywami (AMS) &#8211; monitoruje obci\u0105\u017cenie akumulator\u00f3w. Zapobiega to nadmiernemu zu\u017cyciu i zapewnia, \u017ce baterie s\u0105 optymalnie wykorzystywane do ich podstawowego celu, co skutkuje maksymaln\u0105 \u017cywotno\u015bci\u0105 i wydajno\u015bci\u0105.     <\/p>\n\n\n\n<p class=\"has-medium-font-size\"><\/p>\n<\/div>\n<\/div>\n<\/div><\/div>\n\n<div class=\"wp-block-cover alignfull has-parallax\"><div role=\"img\" aria-label=\"city with energy black-out\" class=\"wp-block-cover__image-background wp-image-1196 has-parallax\" style=\"background-position:50% 50%;background-image:url(https:\/\/pswpower.no\/wp-content\/uploads\/2024\/02\/shutterstock_2199721635-1-scaled.avif)\"><\/div><span aria-hidden=\"true\" class=\"wp-block-cover__background has-background-dim\"><\/span><div class=\"wp-block-cover__inner-container is-layout-flow wp-block-cover-is-layout-flow\">\n<p class=\"has-text-align-center has-x-large-font-size\"><strong>Zapobieganie zaciemnieniu sieci<\/strong><\/p>\n\n\n\n<div class=\"wp-block-columns is-layout-flex wp-container-core-columns-is-layout-9d6595d7 wp-block-columns-is-layout-flex\">\n<div class=\"wp-block-column is-layout-flow wp-block-column-is-layout-flow\"><div class=\"wp-block-image\">\n<figure class=\"aligncenter size-full is-resized\"><img decoding=\"async\" src=\"https:\/\/pswpower.no\/wp-content\/uploads\/2024\/11\/monitor_white.png\" alt=\"\" class=\"wp-image-1382\" style=\"width:66px;height:auto\" \/><\/figure>\n<\/div>\n\n\n<p class=\"has-text-align-center\">System analizuje i odpowiednio reaguje, zapobiegaj\u0105c wyst\u0105pieniu blackoutu w sieci.<\/p>\n<\/div>\n\n\n\n<div class=\"wp-block-column is-layout-flow wp-block-column-is-layout-flow\"><div class=\"wp-block-image\">\n<figure class=\"aligncenter size-full is-resized\"><img decoding=\"async\" src=\"https:\/\/pswpower.no\/wp-content\/uploads\/2024\/02\/blackout_WHITE.png\" alt=\"\" class=\"wp-image-1198\" style=\"width:66px;height:auto\" \/><\/figure>\n<\/div>\n\n\n<p class=\"has-text-align-center\">Po\u0142\u0105czenie sieciowe mo\u017ce by\u0107 w pe\u0142ni wykorzystane bez ryzyka przerwy w zasilaniu.<\/p>\n<\/div>\n\n\n\n<div class=\"wp-block-column is-layout-flow wp-block-column-is-layout-flow\"><div class=\"wp-block-image\">\n<figure class=\"aligncenter size-full is-resized\"><img decoding=\"async\" src=\"https:\/\/pswpower.no\/wp-content\/uploads\/2024\/02\/speed_WHITE.png\" alt=\"\" class=\"wp-image-1199\" style=\"width:65px;height:auto\" \/><\/figure>\n<\/div>\n\n\n<p class=\"has-text-align-center\">Czas reakcji, od momentu wykrycia sytuacji krytycznej do momentu wykonania przez system adaptacji obci\u0105\u017cenia, mo\u017ce by\u0107 mierzony w milisekundach.<\/p>\n<\/div>\n<\/div>\n<\/div><\/div>\n\n<div class=\"wp-block-cover alignfull has-parallax\"><div role=\"img\" aria-label=\"Asset Management System\" class=\"wp-block-cover__image-background wp-image-608 has-parallax\" style=\"background-position:50% 50%;background-image:url(https:\/\/pswpower.no\/wp-content\/uploads\/2024\/03\/shutterstock_1312591709-scaled.webp)\"><\/div><span aria-hidden=\"true\" class=\"wp-block-cover__background has-background-dim\"><\/span><div class=\"wp-block-cover__inner-container is-layout-flow wp-block-cover-is-layout-flow\">\n<p class=\"has-text-align-center has-x-large-font-size\"><strong>System zarz\u0105dzania aktywami<\/strong><\/p>\n\n\n\n<div class=\"wp-block-columns is-layout-flex wp-container-core-columns-is-layout-9d6595d7 wp-block-columns-is-layout-flex\">\n<div class=\"wp-block-column is-layout-flow wp-block-column-is-layout-flow\">\n<p class=\"has-medium-font-size\"><strong>Inteligentna koordynacja z AMS.  <\/strong><\/p>\n\n\n\n<p class=\"has-medium-font-size\">Nasz Asset Management System (AMS) jest bij\u0105cym sercem wydajnego ekosystemu energetycznego. Gromadzi i przesy\u0142a dane do wszystkich pod\u0142\u0105czonych zasob\u00f3w energetycznych i koordynuje ich wsp\u00f3\u0142prac\u0119. W ten spos\u00f3b AMS wykorzystuje si\u0142\u0119 poszczeg\u00f3lnych podmiot\u00f3w &#8211; zar\u00f3wno du\u017cych, jak i ma\u0142ych &#8211; do wsp\u00f3lnego uczestnictwa w rynkach energii i bilansowania.  <\/p>\n\n\n\n<p class=\"has-medium-font-size\"><\/p>\n<\/div>\n\n\n\n<div class=\"wp-block-column is-layout-flow wp-block-column-is-layout-flow\">\n<p class=\"has-medium-font-size\"><strong>Elastyczno\u015b\u0107 staje si\u0119 warto\u015bci\u0105.  <\/strong><\/p>\n\n\n\n<p class=\"has-medium-font-size\">Dzi\u0119ki tej inteligentnej koordynacji, nawet mniejsze aktywa, kt\u00f3re nie s\u0105 indywidualnie zbywalne, mog\u0105 nadal \u015bwiadczy\u0107 us\u0142ugi bilansuj\u0105ce. Otwiera to drzwi do nowych \u017ar\u00f3de\u0142 przychod\u00f3w opartych na ich elastyczno\u015bci. <\/p>\n\n\n\n<p class=\"has-medium-font-size\"><\/p>\n<\/div>\n\n\n\n<div class=\"wp-block-column is-layout-flow wp-block-column-is-layout-flow\">\n<p class=\"has-medium-font-size\"><strong>Przejrzysto\u015b\u0107 za po\u015brednictwem Asset Hub.<\/strong> <\/p>\n\n\n\n<p class=\"has-medium-font-size\">AMS udost\u0119pnia istotne dane dotycz\u0105ce aktyw\u00f3w i rynku w naszym Asset Hub, zapewniaj\u0105c klientom pe\u0142n\u0105 przejrzysto\u015b\u0107 w zakresie wynik\u00f3w, interakcji rynkowych i zwrot\u00f3w.<\/p>\n<\/div>\n\n\n\n<div class=\"wp-block-column is-layout-flow wp-block-column-is-layout-flow\">\n<p class=\"has-medium-font-size\"><strong>Uczestnictwo w rynku jako us\u0142uga<\/strong>.<\/p>\n\n\n\n<p class=\"has-medium-font-size\">AMS oferuje gotowe rozwi\u0105zanie w zakresie uczestnictwa w rynku. W\u0142a\u015bciciele aktyw\u00f3w mog\u0105 wykorzysta\u0107 mo\u017cliwo\u015bci na rynku energii &#8211; bez konieczno\u015bci samodzielnego inwestowania w z\u0142o\u017con\u0105 technologi\u0119 lub infrastruktur\u0119. <\/p>\n<\/div>\n<\/div>\n<\/div><\/div>\n\n<div class=\"wp-block-columns alignfull has-black-background-color has-background is-layout-flex wp-container-core-columns-is-layout-9d6595d7 wp-block-columns-is-layout-flex\">\n<div class=\"wp-block-column is-layout-flow wp-block-column-is-layout-flow\">\n<h2 class=\"wp-block-heading has-text-align-center has-psw-orange-color has-text-color has-link-color has-x-large-font-size wp-elements-b126b51f81da89e6045e67779182447a\">Asset Hub<\/h2>\n\n\n\n<div class=\"wp-block-columns is-layout-flex wp-container-core-columns-is-layout-9d6595d7 wp-block-columns-is-layout-flex\">\n<div class=\"wp-block-column is-layout-flow wp-block-column-is-layout-flow\">\n<p class=\"has-white-color has-text-color has-link-color has-medium-font-size wp-elements-adc7566fd32fd58658d9026b23cf3b32\">Asset Hub to pulpit nawigacyjny zasob\u00f3w dostosowany do kolekcji zasob\u00f3w. Ten interfejs u\u017cytkownika wy\u015bwietla kluczowe dane liczbowe dotycz\u0105ce stanu zasob\u00f3w i kondycji, a w przypadku niekt\u00f3rych aplikacji dane rynkowe i przychody s\u0105 wizualizowane w celu uzyskania pe\u0142nego przegl\u0105du.<\/p>\n<\/div>\n\n\n\n<div class=\"wp-block-column is-layout-flow wp-block-column-is-layout-flow\">\n<p class=\"has-white-color has-text-color has-link-color has-medium-font-size wp-elements-f5881dcb757d339c2e6bf96c613a2476\">Uk\u0142ad i pola danych b\u0119d\u0105 si\u0119 r\u00f3\u017cni\u0107 i zale\u017ce\u0107 od rodzaju zasob\u00f3w i aplikacji. Jest to dostosowane do przypadku u\u017cytkownika.<\/p>\n<\/div>\n\n\n\n<div class=\"wp-block-column is-layout-flow wp-block-column-is-layout-flow\">\n<p class=\"has-white-color has-text-color has-link-color has-medium-font-size wp-elements-02fef21e95de94adfb61c7e5452317b2\">Asset Hub jest oparty na sieci Web, wi\u0119c nie jest wymagana instalacja oprogramowania. W razie potrzeby dost\u0119pny jest interfejs API Asset Hub dla klient\u00f3w, kt\u00f3rzy chc\u0105 zintegrowa\u0107 go z w\u0142asnymi systemami.<\/p>\n<\/div>\n<\/div>\n\n\n\n<figure class=\"wp-block-embed alignwide is-type-video is-provider-youtube wp-block-embed-youtube wp-embed-aspect-16-9 wp-has-aspect-ratio\"><div class=\"wp-block-embed__wrapper\">\n<iframe title=\"Asset Hub Dashboard\" width=\"580\" height=\"326\" src=\"https:\/\/www.youtube.com\/embed\/rPWdpswjRos?feature=oembed\" frameborder=\"0\" allow=\"accelerometer; autoplay; clipboard-write; encrypted-media; gyroscope; picture-in-picture; web-share\" referrerpolicy=\"strict-origin-when-cross-origin\" allowfullscreen><\/iframe>\n<\/div><\/figure>\n<\/div>\n<\/div>\n\n<div class=\"wp-block-columns is-layout-flex wp-container-core-columns-is-layout-9d6595d7 wp-block-columns-is-layout-flex\">\n<div class=\"wp-block-column is-layout-flow wp-block-column-is-layout-flow\">\n<div class=\"wp-block-buttons is-content-justification-center is-layout-flex wp-container-core-buttons-is-layout-16018d1d wp-block-buttons-is-layout-flex\">\n<div class=\"wp-block-button\"><a class=\"wp-block-button__link has-white-color has-psw-orange-background-color has-text-color has-background has-link-color wp-element-button\" href=\"https:\/\/pswpower.no\/downloads\/\">Pobierz nasz\u0105 kart\u0119 produktu dla Energy control<\/a><\/div>\n<\/div>\n<\/div>\n<\/div>\n\n<p><\/p>\n","protected":false},"excerpt":{"rendered":"<p>Dlaczego inwestowanie w infrastruktur\u0119 energetyczn\u0105 ma teraz znaczenie? \u015awiat stoi przed pilnymi wyzwaniami: zmianami klimatu, bezpiecze\u0144stwem energetycznym i rosn\u0105c\u0105 globaln\u0105 konkurencj\u0105. Aby im sprosta\u0107, niezb\u0119dne s\u0105 ukierunkowane inwestycje w infrastruktur\u0119 energetyczn\u0105. S\u0105 one kluczem do zr\u00f3wnowa\u017conego, niezawodnego i przysz\u0142o\u015bciowego spo\u0142ecze\u0144stwa. Asset Hub Asset Hub to pulpit nawigacyjny zasob\u00f3w dostosowany do kolekcji zasob\u00f3w. Ten interfejs u\u017cytkownika [&hellip;]<\/p>\n","protected":false},"author":2,"featured_media":1365,"parent":0,"menu_order":1,"comment_status":"closed","ping_status":"closed","template":"","meta":{"_acf_changed":false,"footnotes":""},"class_list":["post-988","page","type-page","status-publish","has-post-thumbnail","hentry"],"acf":[],"jetpack_sharing_enabled":true,"_links":{"self":[{"href":"https:\/\/pswbess.com\/pl\/wp-json\/wp\/v2\/pages\/988","targetHints":{"allow":["GET"]}}],"collection":[{"href":"https:\/\/pswbess.com\/pl\/wp-json\/wp\/v2\/pages"}],"about":[{"href":"https:\/\/pswbess.com\/pl\/wp-json\/wp\/v2\/types\/page"}],"author":[{"embeddable":true,"href":"https:\/\/pswbess.com\/pl\/wp-json\/wp\/v2\/users\/2"}],"replies":[{"embeddable":true,"href":"https:\/\/pswbess.com\/pl\/wp-json\/wp\/v2\/comments?post=988"}],"version-history":[{"count":7,"href":"https:\/\/pswbess.com\/pl\/wp-json\/wp\/v2\/pages\/988\/revisions"}],"predecessor-version":[{"id":2084,"href":"https:\/\/pswbess.com\/pl\/wp-json\/wp\/v2\/pages\/988\/revisions\/2084"}],"wp:featuredmedia":[{"embeddable":true,"href":"https:\/\/pswbess.com\/pl\/wp-json\/wp\/v2\/media\/1365"}],"wp:attachment":[{"href":"https:\/\/pswbess.com\/pl\/wp-json\/wp\/v2\/media?parent=988"}],"curies":[{"name":"wp","href":"https:\/\/api.w.org\/{rel}","templated":true}]}}