{"id":999,"date":"2025-03-13T07:11:41","date_gmt":"2025-03-13T07:11:41","guid":{"rendered":"https:\/\/pswbess.com\/uslugi-posprzedazowe\/"},"modified":"2025-12-21T03:50:31","modified_gmt":"2025-12-21T03:50:31","slug":"uslugi-posprzedazowe","status":"publish","type":"page","link":"https:\/\/pswbess.com\/pl\/uslugi-posprzedazowe\/","title":{"rendered":"Us\u0142ugi posprzeda\u017cowe"},"content":{"rendered":"\n<div class=\"wp-block-cover alignfull has-parallax\" style=\"min-height:946px;aspect-ratio:unset;\"><div class=\"wp-block-cover__image-background wp-image-328 has-parallax\" style=\"background-position:50% 50%;background-image:url(https:\/\/pswbess.com\/wp-content\/uploads\/2025\/03\/Energy-Control-1024x558.avif)\"><\/div><span aria-hidden=\"true\" class=\"wp-block-cover__background has-background-dim-80 has-background-dim\"><\/span><div class=\"wp-block-cover__inner-container is-layout-flow wp-block-cover-is-layout-flow\">\n<h2 class=\"wp-block-heading has-text-align-center has-psw-orange-color has-text-color has-link-color has-large-font-size wp-elements-ae7efa880d33794560485ccb42fb184e\">Twoje aktywa w niezawodnych r\u0119kach<\/h2>\n\n\n\n<p class=\"has-text-align-center has-medium-font-size\">W PSW wszystko kr\u0119ci si\u0119 wok\u00f3\u0142 bezpiecze\u0144stwa. Dzi\u0119ki naszej dog\u0142\u0119bnej wiedzy specjalistycznej w zakresie monitorowania stanu, analizy wydajno\u015bci, projektowania system\u00f3w i nie tylko, zapewniamy bezpieczne i wydajne zarz\u0105dzanie aktywami &#8211; pod wzgl\u0119dem technicznym, handlowym i finansowym. <\/p>\n\n\n\n<h2 class=\"wp-block-heading has-text-align-center has-psw-orange-color has-text-color has-link-color has-large-font-size wp-elements-13d593cd73d1c6517f4e6a5e8566cef0\">Zr\u00f3wnowa\u017cona wydajno\u015b\u0107, gwarantowana niezawodno\u015b\u0107<\/h2>\n\n\n\n<p class=\"has-text-align-center has-medium-font-size\">Wyd\u0142u\u017camy \u017cywotno\u015b\u0107 zasob\u00f3w poprzez ci\u0105g\u0142\u0105 konserwacj\u0119 i ukierunkowane ulepszenia. Dzi\u0119ki temu Twoja organizacja dzia\u0142a z maksymaln\u0105 wydajno\u015bci\u0105, przy minimalnym ryzyku &#8211; dzi\u015b i jutro. <\/p>\n\n\n\n<div class=\"wp-block-columns is-layout-flex wp-container-core-columns-is-layout-9d6595d7 wp-block-columns-is-layout-flex\">\n<div class=\"wp-block-column is-layout-flow wp-block-column-is-layout-flow\"><div class=\"wp-block-image\">\n<figure class=\"aligncenter size-full\"><img decoding=\"async\" width=\"96\" height=\"96\" src=\"https:\/\/pswbess.com\/wp-content\/uploads\/2025\/03\/Technical_orange.png\" alt=\"\" class=\"wp-image-330\" \/><\/figure>\n<\/div>\n\n\n<h3 class=\"wp-block-heading alignwide has-text-align-center\">Ekspertyza techniczna w zakresie zr\u00f3wnowa\u017conej energii<\/h3>\n\n\n\n<p class=\"has-text-align-center has-medium-font-size\">Zapewniamy doskona\u0142o\u015b\u0107 operacyjn\u0105 i maksymaln\u0105 niezawodno\u015b\u0107 zr\u00f3wnowa\u017conych zasob\u00f3w energetycznych. Dzi\u0119ki inteligentnym rozwi\u0105zaniom w zakresie monitorowania, konserwacji i in\u017cynierii zapewniamy optymalne dzia\u0142anie system\u00f3w &#8211; teraz i w przysz\u0142o\u015bci. <\/p>\n<\/div>\n\n\n\n<div class=\"wp-block-column is-layout-flow wp-block-column-is-layout-flow\"><div class=\"wp-block-image\">\n<figure class=\"aligncenter size-full\"><img decoding=\"async\" width=\"96\" height=\"96\" src=\"https:\/\/pswbess.com\/wp-content\/uploads\/2025\/03\/Value_orange.png\" alt=\"\" class=\"wp-image-331\" \/><\/figure>\n<\/div>\n\n\n<h3 class=\"wp-block-heading has-text-align-center\">Komercyjny wgl\u0105d w zr\u00f3wnowa\u017con\u0105 warto\u015b\u0107<\/h3>\n\n\n\n<p class=\"has-text-align-center\">Pomagamy przestrzega\u0107 wszystkich odpowiednich przepis\u00f3w, ogranicza\u0107 ryzyko i maksymalizowa\u0107 d\u0142ugoterminow\u0105 warto\u015b\u0107 netto aktyw\u00f3w. Dzi\u0119ki strategicznemu podej\u015bciu zapewniamy przysz\u0142o\u015bciowe zyski i solidne operacje biznesowe. <\/p>\n<\/div>\n\n\n\n<div class=\"wp-block-column is-layout-flow wp-block-column-is-layout-flow\"><div class=\"wp-block-image\">\n<figure class=\"aligncenter size-full\"><img decoding=\"async\" width=\"96\" height=\"96\" src=\"https:\/\/pswbess.com\/wp-content\/uploads\/2025\/03\/Financial_orange.png\" alt=\"\" class=\"wp-image-332\" \/><\/figure>\n<\/div>\n\n\n<h3 class=\"wp-block-heading has-text-align-center\">Zwrot finansowy z wizj\u0105 na przysz\u0142o\u015b\u0107<\/h3>\n\n\n\n<p class=\"has-text-align-center\">Wspieramy Ci\u0119 w optymalizacji zwrot\u00f3w, zarz\u0105dzaniu ryzykiem finansowym oraz zapewnianiu zgodno\u015bci i p\u0142ynno\u015bci w ramach Twojego portfela zr\u00f3wnowa\u017conej energii. Dzi\u0119ki temu inwestycja pozostaje solidna, przejrzysta i rentowna &#8211; zar\u00f3wno w perspektywie kr\u00f3tko-, jak i d\u0142ugoterminowej. <\/p>\n<\/div>\n<\/div>\n<\/div><\/div>\n\n<div class=\"wp-block-cover alignfull has-parallax wp-duotone-unset-1\" style=\"min-height:1213px;aspect-ratio:unset;\"><div class=\"wp-block-cover__image-background wp-image-1495 has-parallax\" style=\"background-position:50% 50%;background-image:url(https:\/\/pswpower.no\/wp-content\/uploads\/2024\/12\/Asset-Management.avif)\"><\/div><span aria-hidden=\"true\" class=\"wp-block-cover__background has-black-background-color has-background-dim-80 has-background-dim\"><\/span><div class=\"wp-block-cover__inner-container is-layout-flow wp-block-cover-is-layout-flow\">\n<h2 class=\"wp-block-heading has-text-align-center has-white-color has-text-color has-link-color has-large-font-size wp-elements-6186a13fefc20d1635bfa87743e6ce2d\"><strong>Zapewniamy obs\u0142ug\u0119 i konserwacj\u0119 oraz umowy o gwarantowanym poziomie us\u0142ug:<\/strong><\/h2>\n\n\n\n<div class=\"wp-block-group is-layout-grid wp-container-core-group-is-layout-6be84c55 wp-block-group-is-layout-grid\">\n<div class=\"wp-block-group\"><div class=\"wp-block-group__inner-container is-layout-constrained wp-block-group-is-layout-constrained\"><div class=\"wp-block-image\">\n<figure class=\"aligncenter size-full is-resized\"><img decoding=\"async\" src=\"https:\/\/pswpower.no\/wp-content\/uploads\/2024\/12\/check_orange-copy-png.avif\" alt=\"\" class=\"wp-image-1554\" style=\"width:74px\" \/><\/figure>\n<\/div>\n\n\n<p class=\"has-text-align-center has-medium-font-size\">Monitorowanie stanu i analiza SCADA<\/p>\n<\/div><\/div>\n\n\n\n<div class=\"wp-block-group\"><div class=\"wp-block-group__inner-container is-layout-constrained wp-block-group-is-layout-constrained\"><div class=\"wp-block-image\">\n<figure class=\"aligncenter size-full is-resized\"><img decoding=\"async\" src=\"https:\/\/pswpower.no\/wp-content\/uploads\/2024\/12\/check_orange-copy-png.avif\" alt=\"\" class=\"wp-image-1554\" style=\"width:74px\" \/><\/figure>\n<\/div>\n\n\n<p class=\"has-text-align-center has-medium-font-size\">Analiza i optymalizacja wydajno\u015bci zasilania<\/p>\n<\/div><\/div>\n\n\n\n<div class=\"wp-block-group\"><div class=\"wp-block-group__inner-container is-layout-constrained wp-block-group-is-layout-constrained\"><div class=\"wp-block-image\">\n<figure class=\"aligncenter size-full is-resized\"><img decoding=\"async\" src=\"https:\/\/pswpower.no\/wp-content\/uploads\/2024\/12\/check_orange-copy-png.avif\" alt=\"\" class=\"wp-image-1554\" style=\"width:74px\" \/><\/figure>\n<\/div>\n\n\n<p class=\"has-text-align-center has-medium-font-size\">Zdalne monitorowanie i wsparcie 24\/7<\/p>\n<\/div><\/div>\n\n\n\n<div class=\"wp-block-group\"><div class=\"wp-block-group__inner-container is-layout-constrained wp-block-group-is-layout-constrained\"><div class=\"wp-block-image\">\n<figure class=\"aligncenter size-full is-resized\"><img decoding=\"async\" src=\"https:\/\/pswpower.no\/wp-content\/uploads\/2024\/12\/check_orange-copy-png.avif\" alt=\"\" class=\"wp-image-1554\" style=\"width:74px\" \/><\/figure>\n<\/div>\n\n\n<p class=\"has-text-align-center has-medium-font-size\">Gwarancje wydajno\u015bci<\/p>\n<\/div><\/div>\n\n\n\n<div class=\"wp-block-group\"><div class=\"wp-block-group__inner-container is-layout-constrained wp-block-group-is-layout-constrained\"><div class=\"wp-block-image\">\n<figure class=\"aligncenter size-full is-resized\"><img decoding=\"async\" src=\"https:\/\/pswpower.no\/wp-content\/uploads\/2024\/12\/check_orange-copy-png.avif\" alt=\"\" class=\"wp-image-1554\" style=\"width:74px;height:auto\" \/><\/figure>\n<\/div>\n\n\n<p class=\"has-text-align-center has-medium-font-size\">Inspekcje<\/p>\n<\/div><\/div>\n\n\n\n<div class=\"wp-block-group wp-container-content-2155ee95\"><div class=\"wp-block-group__inner-container is-layout-constrained wp-block-group-is-layout-constrained\"><div class=\"wp-block-image\">\n<figure class=\"aligncenter size-full is-resized\"><img decoding=\"async\" src=\"https:\/\/pswpower.no\/wp-content\/uploads\/2024\/12\/check_orange-copy-png.avif\" alt=\"\" class=\"wp-image-1554\" style=\"width:74px;height:auto\" \/><\/figure>\n<\/div>\n\n\n<p class=\"has-text-align-center has-medium-font-size\">Zaplanowana konserwacja<\/p>\n<\/div><\/div>\n\n\n\n<div class=\"wp-block-group\"><div class=\"wp-block-group__inner-container is-layout-constrained wp-block-group-is-layout-constrained\"><div class=\"wp-block-image\">\n<figure class=\"aligncenter size-full is-resized\"><img decoding=\"async\" src=\"https:\/\/pswpower.no\/wp-content\/uploads\/2024\/12\/check_orange-copy-png.avif\" alt=\"\" class=\"wp-image-1554\" style=\"width:74px\" \/><\/figure>\n<\/div>\n\n\n<p class=\"has-text-align-center has-medium-font-size\">Nieplanowana konserwacja<\/p>\n<\/div><\/div>\n\n\n\n<div class=\"wp-block-group\"><div class=\"wp-block-group__inner-container is-layout-constrained wp-block-group-is-layout-constrained\"><div class=\"wp-block-image\">\n<figure class=\"aligncenter size-full is-resized\"><img decoding=\"async\" src=\"https:\/\/pswpower.no\/wp-content\/uploads\/2024\/12\/check_orange-copy-png.avif\" alt=\"\" class=\"wp-image-1554\" style=\"width:74px\" \/><\/figure>\n<\/div>\n\n\n<p class=\"has-text-align-center has-medium-font-size\">Korekty gwarancji<\/p>\n<\/div><\/div>\n\n\n\n<div class=\"wp-block-group\"><div class=\"wp-block-group__inner-container is-layout-constrained wp-block-group-is-layout-constrained\"><div class=\"wp-block-image\">\n<figure class=\"aligncenter size-full is-resized\"><img decoding=\"async\" src=\"https:\/\/pswpower.no\/wp-content\/uploads\/2024\/12\/check_orange-copy-png.avif\" alt=\"\" class=\"wp-image-1554\" style=\"width:74px\" \/><\/figure>\n<\/div>\n\n\n<p class=\"has-text-align-center has-medium-font-size\">Zamienniki<\/p>\n<\/div><\/div>\n\n\n\n<div class=\"wp-block-group\"><div class=\"wp-block-group__inner-container is-layout-constrained wp-block-group-is-layout-constrained\"><div class=\"wp-block-image\">\n<figure class=\"aligncenter size-full is-resized\"><img decoding=\"async\" src=\"https:\/\/pswpower.no\/wp-content\/uploads\/2024\/12\/check_orange-copy-png.avif\" alt=\"\" class=\"wp-image-1554\" style=\"width:74px;height:auto\" \/><\/figure>\n<\/div>\n\n\n<p class=\"has-text-align-center has-medium-font-size\">Sprzeda\u017c i zarz\u0105dzanie cz\u0119\u015bciami zamiennymi<\/p>\n<\/div><\/div>\n\n\n\n<div class=\"wp-block-group\"><div class=\"wp-block-group__inner-container is-layout-constrained wp-block-group-is-layout-constrained\"><div class=\"wp-block-image\">\n<figure class=\"aligncenter size-full is-resized\"><img decoding=\"async\" src=\"https:\/\/pswpower.no\/wp-content\/uploads\/2024\/12\/check_orange-copy-png.avif\" alt=\"\" class=\"wp-image-1554\" style=\"width:74px;height:auto\" \/><\/figure>\n<\/div>\n\n\n<p class=\"has-text-align-center has-medium-font-size\">Zarz\u0105dzanie cyklem \u017cycia i jego wyd\u0142u\u017canie<\/p>\n<\/div><\/div>\n\n\n\n<div class=\"wp-block-group\"><div class=\"wp-block-group__inner-container is-layout-constrained wp-block-group-is-layout-constrained\"><div class=\"wp-block-image\">\n<figure class=\"aligncenter size-full is-resized\"><img decoding=\"async\" src=\"https:\/\/pswpower.no\/wp-content\/uploads\/2024\/12\/check_orange-copy-png.avif\" alt=\"\" class=\"wp-image-1554\" style=\"width:74px\" \/><\/figure>\n<\/div>\n\n\n<p class=\"has-text-align-center has-medium-font-size\">Strategia na koniec \u017cycia<\/p>\n<\/div><\/div>\n\n\n\n<div class=\"wp-block-group\"><div class=\"wp-block-group__inner-container is-layout-constrained wp-block-group-is-layout-constrained\"><div class=\"wp-block-image\">\n<figure class=\"aligncenter size-full is-resized\"><img decoding=\"async\" src=\"https:\/\/pswpower.no\/wp-content\/uploads\/2024\/12\/check_orange-copy-png.avif\" alt=\"\" class=\"wp-image-1554\" style=\"width:74px\" \/><\/figure>\n<\/div>\n\n\n<p class=\"has-text-align-center has-medium-font-size\">Szkolenie<\/p>\n<\/div><\/div>\n\n\n\n<div class=\"wp-block-group\"><div class=\"wp-block-group__inner-container is-layout-constrained wp-block-group-is-layout-constrained\"><div class=\"wp-block-image\">\n<figure class=\"aligncenter size-full is-resized\"><img decoding=\"async\" src=\"https:\/\/pswpower.no\/wp-content\/uploads\/2024\/12\/check_orange-copy-png.avif\" alt=\"\" class=\"wp-image-1554\" style=\"width:74px\" \/><\/figure>\n<\/div>\n\n\n<p class=\"has-text-align-center has-medium-font-size\">Modernizacja zasob\u00f3w i kampanie modernizacyjne<\/p>\n<\/div><\/div>\n<\/div>\n<\/div><\/div>\n\n<div class=\"wp-block-cover alignfull has-parallax has-custom-content-position is-position-center-right wp-duotone-unset-2\"><div class=\"wp-block-cover__image-background wp-image-1841 size-large has-parallax\" style=\"background-position:50% 50%;background-image:url(https:\/\/pswbess.com\/wp-content\/uploads\/2025\/08\/Fotograf-Trude-Brun-Wilhelmsen-8955-1024x683.avif)\"><\/div><span aria-hidden=\"true\" class=\"wp-block-cover__background has-black-background-color has-background-dim-60 has-background-dim\"><\/span><div class=\"wp-block-cover__inner-container is-layout-flow wp-block-cover-is-layout-flow\">\n<h2 class=\"wp-block-heading has-text-align-right has-psw-orange-color has-text-color has-link-color has-x-large-font-size wp-elements-a7767e3e14aef1a20a20a672ed3a4d86\">Centrum zdalnego sterowania<\/h2>\n\n\n\n<p class=\"has-text-align-right has-large-font-size\">Nasze centrum operacyjne zapewnia ca\u0142odobowe wsparcie w zakresie zarz\u0105dzania aktywami, operacji i konserwacji, znacznie zwi\u0119kszaj\u0105c produktywno\u015b\u0107 i wydajno\u015b\u0107.<\/p>\n\n\n\n<p class=\"has-text-align-right has-large-font-size\">Dzi\u0119ki zespo\u0142owi do\u015bwiadczonych specjalist\u00f3w &#8211; w tym z sektora morskiego, u\u017cyteczno\u015bci publicznej i zarz\u0105dzania aktywami &#8211; szybko wykrywamy problemy i natychmiast reagujemy. Pozwala to zminimalizowa\u0107 straty produkcyjne i utrzyma\u0107 optymaln\u0105 wydajno\u015b\u0107 organizacji. <\/p>\n<\/div><\/div>\n\n<div class=\"wp-block-cover alignfull has-parallax has-custom-content-position is-position-center-left has-white-color has-text-color has-link-color wp-elements-2be55ec2ae27268e9bc627ce2e354498 wp-duotone-unset-3\"><div role=\"img\" aria-label=\"Engineer operating energy storage system\" class=\"wp-block-cover__image-background wp-image-1396 has-parallax\" style=\"background-position:50% 50%;background-image:url(https:\/\/pswpower.no\/wp-content\/uploads\/2024\/11\/DSC06416-scaled.avif)\"><\/div><span aria-hidden=\"true\" class=\"wp-block-cover__background has-black-background-color has-background-dim-60 has-background-dim\"><\/span><div class=\"wp-block-cover__inner-container is-layout-flow wp-block-cover-is-layout-flow\">\n<p class=\"has-text-align-left has-psw-orange-color has-text-color has-link-color has-x-large-font-size wp-elements-6e4f972bcd71b4e61cb67905c070e87c\"><strong>Us\u0142ugi na miejscu<\/strong><\/p>\n\n\n\n<p class=\"has-text-align-left has-large-font-size\">Nasi in\u017cynierowie i specjali\u015bci techniczni zapewniaj\u0105 wysokiej jako\u015bci wsparcie na miejscu, koncentruj\u0105c si\u0119 na ci\u0105g\u0142o\u015bci operacyjnej i wydajnej konserwacji rozwi\u0105za\u0144 energetycznych.<\/p>\n\n\n\n<p class=\"has-large-font-size\">Maj\u0105c na uwadze wydajno\u015b\u0107, dostarczamy konkurencyjne i kompleksowe us\u0142ugi maj\u0105ce na celu zwi\u0119kszenie przychod\u00f3w i obni\u017cenie koszt\u00f3w &#8211; bez uszczerbku dla jako\u015bci i bezpiecze\u0144stwa.<\/p>\n\n\n\n<p class=\"has-text-align-left has-large-font-size\">Nasze zespo\u0142y zarz\u0105dzaj\u0105ce zak\u0142adami zapewniaj\u0105 p\u0142ynne i bezpieczne operacje poprzez \u015bcis\u0142y nadz\u00f3r, inteligentn\u0105 alokacj\u0119 zasob\u00f3w i \u015bcis\u0142e przestrzeganie standard\u00f3w BHP i ochrony \u015brodowiska (HSEQ).<\/p>\n\n\n\n<div class=\"wp-block-columns alignwide is-layout-flex wp-container-core-columns-is-layout-9d6595d7 wp-block-columns-is-layout-flex\">\n<div class=\"wp-block-column is-layout-flow wp-block-column-is-layout-flow\"><\/div>\n\n\n\n<div class=\"wp-block-column is-layout-flow wp-block-column-is-layout-flow\"><\/div>\n\n\n\n<div class=\"wp-block-column is-layout-flow wp-block-column-is-layout-flow\"><\/div>\n<\/div>\n<\/div><\/div>\n\n<div class=\"wp-block-columns alignfull has-psw-orange-background-color has-background is-layout-flex wp-container-core-columns-is-layout-9d6595d7 wp-block-columns-is-layout-flex\">\n<div class=\"wp-block-column is-layout-flow wp-block-column-is-layout-flow\"><div class=\"wp-block-image\">\n<figure class=\"aligncenter size-full\"><img decoding=\"async\" src=\"https:\/\/pswpower.no\/wp-content\/uploads\/2024\/11\/update.png\" alt=\"\" class=\"wp-image-1380\" \/><\/figure>\n<\/div>\n\n\n<h2 class=\"wp-block-heading has-text-align-center has-white-color has-text-color has-link-color has-x-large-font-size wp-elements-56a5c20cd2ee7ea880d4c7ca604edcee\">Ponowne wykorzystanie: nowa moc dla twoich aktyw\u00f3w<\/h2>\n\n\n\n<div class=\"wp-block-columns is-layout-flex wp-container-core-columns-is-layout-9d6595d7 wp-block-columns-is-layout-flex\">\n<div class=\"wp-block-column is-layout-flow wp-block-column-is-layout-flow\">\n<p class=\"has-white-color has-text-color has-link-color has-medium-font-size wp-elements-0e2ea3af45c1cca661c491822cb170ce\">Opracowujemy i wdra\u017camy spersonalizowan\u0105 strategi\u0119 wycofania z eksploatacji, kt\u00f3ra zabezpiecza przysz\u0142\u0105 warto\u015b\u0107 aktyw\u00f3w. W ten spos\u00f3b mo\u017cna maksymalnie wykorzysta\u0107 swoje projekty energetyczne &#8211; nawet po up\u0142ywie ich pierwotnego okresu eksploatacji. <\/p>\n<\/div>\n\n\n\n<div class=\"wp-block-column is-layout-flow wp-block-column-is-layout-flow\">\n<p class=\"has-white-color has-text-color has-link-color has-medium-font-size wp-elements-065464d007260243e1a7e2631bf19f54\">Nasz zesp\u00f3\u0142 \u015bci\u015ble wsp\u00f3\u0142pracuje z klientem w celu okre\u015blenia najlepszego podej\u015bcia do zwi\u0119kszenia produkcji energii i wyd\u0142u\u017cenia \u017cywotno\u015bci instalacji.<\/p>\n<\/div>\n\n\n\n<div class=\"wp-block-column is-layout-flow wp-block-column-is-layout-flow\">\n<p class=\"has-white-color has-text-color has-link-color has-medium-font-size wp-elements-58a31829b34233997bc05ba731a26a55\">Wdra\u017caj\u0105c najnowocze\u015bniejsze technologie, pozostajemy liderem w bran\u017cy. Zapewniamy d\u0142u\u017csz\u0105 \u017cywotno\u015b\u0107 zasob\u00f3w i przyczyniamy si\u0119 do bardziej ekologicznej, zr\u00f3wnowa\u017conej przysz\u0142o\u015bci, minimalizuj\u0105c ilo\u015b\u0107 odpad\u00f3w. <\/p>\n<\/div>\n<\/div>\n<\/div>\n<\/div>\n\n<div class=\"wp-block-buttons is-content-justification-center is-layout-flex wp-container-core-buttons-is-layout-16018d1d wp-block-buttons-is-layout-flex\">\n<div class=\"wp-block-button\"><a class=\"wp-block-button__link has-white-color has-psw-orange-background-color has-text-color has-background has-link-color wp-element-button\" href=\"https:\/\/pswpower.no\/downloads\/\">Pobierz nasz\u0105 kart\u0119 produktu dla us\u0142ug posprzeda\u017cnych<\/a><\/div>\n<\/div>\n\n<p><\/p>\n","protected":false},"excerpt":{"rendered":"<p>Ponowne wykorzystanie: nowa moc dla twoich aktyw\u00f3w Opracowujemy i wdra\u017camy spersonalizowan\u0105 strategi\u0119 wycofania z eksploatacji, kt\u00f3ra zabezpiecza przysz\u0142\u0105 warto\u015b\u0107 aktyw\u00f3w. W ten spos\u00f3b mo\u017cna maksymalnie wykorzysta\u0107 swoje projekty energetyczne &#8211; nawet po up\u0142ywie ich pierwotnego okresu eksploatacji. Nasz zesp\u00f3\u0142 \u015bci\u015ble wsp\u00f3\u0142pracuje z klientem w celu okre\u015blenia najlepszego podej\u015bcia do zwi\u0119kszenia produkcji energii i wyd\u0142u\u017cenia \u017cywotno\u015bci [&hellip;]<\/p>\n","protected":false},"author":2,"featured_media":0,"parent":0,"menu_order":5,"comment_status":"closed","ping_status":"closed","template":"","meta":{"_acf_changed":false,"footnotes":""},"class_list":["post-999","page","type-page","status-publish","hentry"],"acf":[],"jetpack_sharing_enabled":true,"_links":{"self":[{"href":"https:\/\/pswbess.com\/pl\/wp-json\/wp\/v2\/pages\/999","targetHints":{"allow":["GET"]}}],"collection":[{"href":"https:\/\/pswbess.com\/pl\/wp-json\/wp\/v2\/pages"}],"about":[{"href":"https:\/\/pswbess.com\/pl\/wp-json\/wp\/v2\/types\/page"}],"author":[{"embeddable":true,"href":"https:\/\/pswbess.com\/pl\/wp-json\/wp\/v2\/users\/2"}],"replies":[{"embeddable":true,"href":"https:\/\/pswbess.com\/pl\/wp-json\/wp\/v2\/comments?post=999"}],"version-history":[{"count":5,"href":"https:\/\/pswbess.com\/pl\/wp-json\/wp\/v2\/pages\/999\/revisions"}],"predecessor-version":[{"id":2225,"href":"https:\/\/pswbess.com\/pl\/wp-json\/wp\/v2\/pages\/999\/revisions\/2225"}],"wp:attachment":[{"href":"https:\/\/pswbess.com\/pl\/wp-json\/wp\/v2\/media?parent=999"}],"curies":[{"name":"wp","href":"https:\/\/api.w.org\/{rel}","templated":true}]}}